{"id":3497,"date":"2024-07-27T13:28:26","date_gmt":"2024-07-27T11:28:26","guid":{"rendered":"https:\/\/www.chateauplagne.com\/cp246\/contact\/"},"modified":"2025-11-28T11:54:28","modified_gmt":"2025-11-28T10:54:28","slug":"contact","status":"publish","type":"page","link":"https:\/\/www.chateauplagne.com\/cp246\/en\/contact\/","title":{"rendered":"Contact"},"content":{"rendered":"\n<div class=\"wp-block-group alignfull own-gmaps-group is-layout-flow wp-block-group-is-layout-flow\" style=\"margin-top:0;margin-bottom:0\">\n<iframe src=\"https:\/\/www.google.com\/maps\/embed?pb=!1m17!1m12!1m3!1d10088.011000010672!2d1.7440381532358484!3d44.95397392854885!2m3!1f0!2f0!3f0!3m2!1i1024!2i768!4f13.1!3m2!1m1!2zNDTCsDU3JzE2LjYiTiAxwrA0NCc1Ny45IkU!5e1!3m2!1sde!2sde!4v1718272744881!5m2!1sde!2sde\" width=\"100%\" height=\"600\" style=\"border:0;\" allowfullscreen=\"\" loading=\"lazy\" referrerpolicy=\"no-referrer-when-downgrade\"><\/iframe>\n<\/div>\n\n<div class=\"wp-block-group alignfull own-redline has-accent-4-background-color has-background is-layout-flow wp-block-group-is-layout-flow\" style=\"margin-top:0;margin-bottom:0;padding-top:var(--wp--preset--spacing--30);padding-bottom:var(--wp--preset--spacing--30)\"><\/div>\n\n<figure class=\"wp-block-image aligncenter size-full own-icon-hero-subs\"><img decoding=\"async\" src=\"https:\/\/www.chateauplagne.com\/cp246\/wp-content\/uploads\/2025\/09\/GEO-Saison-en-2.png\" alt=\"\" class=\"wp-image-774\" style=\"object-fit:cover\"\/><\/figure>\n\n<div class=\"wp-block-group has-global-padding is-layout-constrained wp-container-core-group-is-layout-650790e1 wp-block-group-is-layout-constrained\">\n<div style=\"height:1.25rem\" aria-hidden=\"true\" class=\"wp-block-spacer\"><\/div>\n\n\n\n<h1 class=\"wp-block-heading has-text-align-center has-accent-4-color has-text-color has-link-color has-x-large-font-size wp-elements-73ad31a73c11307fbdfe3b47fe16bd34\">Contact<br\/>Ch\u00e2teau Plagne<\/h1>\n\n\n\n<div style=\"height:1.25rem\" aria-hidden=\"true\" class=\"wp-block-spacer\"><\/div>\n\n\n\n<p class=\"has-text-align-center own-hero-subs-links\">Get in touch with us and we will answer all your questions!<\/p>\n\n\n\n<div style=\"height:1.25rem\" aria-hidden=\"true\" class=\"wp-block-spacer\"><\/div>\n<\/div>\n\n<div class=\"wp-block-group alignfull has-global-padding is-layout-constrained wp-container-core-group-is-layout-d89aad35 wp-block-group-is-layout-constrained\" style=\"margin-top:0;margin-bottom:0;padding-top:var(--wp--preset--spacing--50);padding-right:var(--wp--preset--spacing--50);padding-bottom:var(--wp--preset--spacing--50);padding-left:var(--wp--preset--spacing--50)\">\n<div class=\"wp-block-columns is-layout-flex wp-container-core-columns-is-layout-28f84493 wp-block-columns-is-layout-flex\">\n<div class=\"wp-block-column is-vertically-aligned-top own-contentblock-betterpadding is-layout-flow wp-block-column-is-layout-flow\" style=\"padding-right:var(--wp--preset--spacing--40);flex-basis:50%\">\n<h3 class=\"wp-block-heading\">Contact<\/h3>\n\n\n\n<p><strong>Achim &amp; Martina Schriever<\/strong><br\/>Ch\u00e2teau Plagne<br\/>France 46110 B\u00e9taille<\/p>\n\n\n\n<p><strong>Phone:<\/strong> +33 565 32 17 42<br\/><strong>E-mail: <\/strong><a href=\"mailto:m-schriever@web.de\">m-schriever@web.de<\/a><\/p>\n\n\n\n<div style=\"height:20px\" aria-hidden=\"true\" class=\"wp-block-spacer\"><\/div>\n\n\n\n<h3 class=\"wp-block-heading\">Social Media<\/h3>\n\n\n\n<div style=\"height:10px\" aria-hidden=\"true\" class=\"wp-block-spacer\"><\/div>\n\n\n\n<div class=\"wp-block-group own-linkrow is-nowrap is-layout-flex wp-container-core-group-is-layout-8fadd9cd wp-block-group-is-layout-flex\" style=\"margin-top:0;margin-bottom:0;padding-top:0\">\n<svg xmlns=\"http:\/\/www.w3.org\/2000\/svg\" height=\"14\" width=\"12.25\" viewbox=\"0 0 448 512\"><!--!Font Awesome Free 6.6.0 by @fontawesome - https:\/\/fontawesome.com License - https:\/\/fontawesome.com\/license\/free Copyright 2024 Fonticons, Inc.--><path d=\"M224.1 141c-63.6 0-114.9 51.3-114.9 114.9s51.3 114.9 114.9 114.9S339 319.5 339 255.9 287.7 141 224.1 141zm0 189.6c-41.1 0-74.7-33.5-74.7-74.7s33.5-74.7 74.7-74.7 74.7 33.5 74.7 74.7-33.6 74.7-74.7 74.7zm146.4-194.3c0 14.9-12 26.8-26.8 26.8-14.9 0-26.8-12-26.8-26.8s12-26.8 26.8-26.8 26.8 12 26.8 26.8zm76.1 27.2c-1.7-35.9-9.9-67.7-36.2-93.9-26.2-26.2-58-34.4-93.9-36.2-37-2.1-147.9-2.1-184.9 0-35.8 1.7-67.6 9.9-93.9 36.1s-34.4 58-36.2 93.9c-2.1 37-2.1 147.9 0 184.9 1.7 35.9 9.9 67.7 36.2 93.9s58 34.4 93.9 36.2c37 2.1 147.9 2.1 184.9 0 35.9-1.7 67.7-9.9 93.9-36.2 26.2-26.2 34.4-58 36.2-93.9 2.1-37 2.1-147.8 0-184.8zM398.8 388c-7.8 19.6-22.9 34.7-42.6 42.6-29.5 11.7-99.5 9-132.1 9s-102.7 2.6-132.1-9c-19.6-7.8-34.7-22.9-42.6-42.6-11.7-29.5-9-99.5-9-132.1s-2.6-102.7 9-132.1c7.8-19.6 22.9-34.7 42.6-42.6 29.5-11.7 99.5-9 132.1-9s102.7-2.6 132.1 9c19.6 7.8 34.7 22.9 42.6 42.6 11.7 29.5 9 99.5 9 132.1s2.7 102.7-9 132.1z\"><\/path><\/svg>\n\n\n\n<p><a href=\"https:\/\/www.instagram.com\/chateau.plagne\/\" target=\"_blank\" rel=\"noreferrer noopener\">Ch\u00e2teau Plagne on Instagram<\/a><\/p>\n<\/div>\n\n\n\n<div class=\"wp-block-group own-linkrow is-nowrap is-layout-flex wp-container-core-group-is-layout-117f5015 wp-block-group-is-layout-flex\" style=\"margin-top:0;margin-bottom:0;padding-top:0;padding-right:0;padding-bottom:0;padding-left:0\">\n<svg xmlns=\"http:\/\/www.w3.org\/2000\/svg\" height=\"14\" width=\"14\" viewbox=\"0 0 512 512\"><!--!Font Awesome Free 6.6.0 by @fontawesome - https:\/\/fontawesome.com License - https:\/\/fontawesome.com\/license\/free Copyright 2024 Fonticons, Inc.--><path d=\"M512 256C512 114.6 397.4 0 256 0S0 114.6 0 256C0 376 82.7 476.8 194.2 504.5V334.2H141.4V256h52.8V222.3c0-87.1 39.4-127.5 125-127.5c16.2 0 44.2 3.2 55.7 6.4V172c-6-.6-16.5-1-29.6-1c-42 0-58.2 15.9-58.2 57.2V256h83.6l-14.4 78.2H287V510.1C413.8 494.8 512 386.9 512 256h0z\"><\/path><\/svg>\n\n\n\n<p><a href=\"https:\/\/www.facebook.com\/people\/Ch%C3%A2teauplagne\/61566424647609\/\" target=\"_blank\" rel=\"noreferrer noopener\">Ch\u00e2teau Plagne on Facebook<\/a><\/p>\n<\/div>\n\n\n\n<div style=\"height:20px\" aria-hidden=\"true\" class=\"wp-block-spacer\"><\/div>\n<\/div>\n\n\n\n<div class=\"wp-block-column own-link-column is-layout-flow wp-block-column-is-layout-flow\" style=\"padding-right:0;flex-basis:50%\">\n<h3 class=\"wp-block-heading\">Links<\/h3>\n\n\n\n<p><strong>Here you will find information on places of interest and interesting facts about the region:<\/strong><\/p>\n\n\n\n<p><a href=\"https:\/\/www.dordognetal.reise\/\" target=\"_blank\" rel=\"noreferrer noopener\">www.dordognetal.reise<\/a><\/p>\n\n\n\n<p><a href=\"http:\/\/www.tourisme-lot.com\/\" target=\"_blank\" rel=\"noreferrer noopener\">www.tourisme-lot.com<\/a><\/p>\n\n\n\n<p><strong>To prepare for sporting activities:<\/strong><\/p>\n\n\n\n<p><a href=\"https:\/\/www.dordogne-outdoor.com\/\" target=\"_blank\" rel=\"noreferrer noopener\">www.dordogne-outdoor.com<\/a><\/p>\n\n\n\n<p><a href=\"https:\/\/www.vallee-dordogne.com\/la-vallee-de-la-dordogne\/activites\" target=\"_blank\" rel=\"noreferrer noopener\">www.vallee-dordogne.com (all activities)<\/a><\/p>\n\n\n\n<p><a href=\"https:\/\/www.vallee-dordogne.com\/la-vallee-de-la-dordogne\/activites\/rando-balades\" target=\"_blank\" rel=\"noreferrer noopener\">www.vallee-dordogne.com (Hikes)<\/a><\/p>\n<\/div>\n<\/div>\n\n\n\n<hr class=\"wp-block-separator alignwide has-text-color has-accent-color has-alpha-channel-opacity has-accent-background-color has-background is-style-default\" style=\"margin-top:var(--wp--preset--spacing--50);margin-bottom:var(--wp--preset--spacing--50)\"\/>\n\n\n\n<div id=\"anreise\" class=\"anchor\"><\/div>\n\n\n\n<h3 class=\"wp-block-heading\">Tips for individual travel<\/h3>\n\n\n\n<div class=\"wp-block-columns own-switch-direction-on-mobile is-layout-flex wp-container-core-columns-is-layout-4e51f7ed wp-block-columns-is-layout-flex\" style=\"padding-right:0;padding-left:0\">\n<div class=\"wp-block-column own-contentblock-betterpadding is-layout-flow wp-block-column-is-layout-flow\" style=\"padding-right:var(--wp--preset--spacing--40);flex-basis:50%\">\n<p>There are a number of ways to get to Ch\u00e2teau Plagne. Our tips should make it easier for you to choose the best way: <\/p>\n\n\n\n<p>The most independent way to get here is <strong>by car<\/strong>. A route planner on the internet or a navigation device (destination 46110 B\u00e9taille) <a href=\"https:\/\/www.google.com\/maps\/dir\/\/44.9546111,1.7494167\/@44.9546111,1.7494167,15z?entry=ttu&amp;g_ep=EgoyMDI1MDkyNC4wIKXMDSoASAFQAw%3D%3D\"><strong>will help you here.<\/strong><\/a><\/p>\n\n\n\n<p>An interesting and convenient alternative is to <strong>travel by train<\/strong> (via Paris) to St. Denis pr\u00e8s Martel. This town is only about 10 minutes from the resort of Ch\u00e2teau Plagne. Trains run daily. We will be happy to pick you up from the station.   <\/p>\n\n\n\n<p>If you are <strong>traveling by plane<\/strong>, the nearest international airport is Bordeaux or Toulouse and from there you can continue by rental car or train. If you continue your journey by train, the destination station is St. Denise pr\u00e8s Martel, from where we can pick you up. <\/p>\n\n\n\n<p>For <strong>course participants<\/strong>, a cost-effective and varied travel option is to form car pools, i.e. to share the travel costs by car. We are happy to put you in touch with participants who are travelling by car and would like to offer a ride. <\/p>\n<\/div>\n\n\n\n<div class=\"wp-block-column is-vertically-aligned-top is-layout-flow wp-block-column-is-layout-flow\" style=\"flex-basis:50%\">\n<figure class=\"wp-block-image size-full\"><img loading=\"lazy\" decoding=\"async\" width=\"700\" height=\"693\" src=\"https:\/\/www.chateauplagne.com\/cp246\/wp-content\/uploads\/2024\/06\/temp_chateauplagne_location_map_france_tiny.png\" alt=\"\" class=\"wp-image-120\" srcset=\"https:\/\/www.chateauplagne.com\/cp246\/wp-content\/uploads\/2024\/06\/temp_chateauplagne_location_map_france_tiny.png 700w, https:\/\/www.chateauplagne.com\/cp246\/wp-content\/uploads\/2024\/06\/temp_chateauplagne_location_map_france_tiny-300x297.png 300w, https:\/\/www.chateauplagne.com\/cp246\/wp-content\/uploads\/2024\/06\/temp_chateauplagne_location_map_france_tiny-150x150.png 150w\" sizes=\"auto, (max-width: 700px) 100vw, 700px\" \/><\/figure>\n<\/div>\n<\/div>\n\n\n\n<hr class=\"wp-block-separator alignwide has-text-color has-accent-color has-alpha-channel-opacity has-accent-background-color has-background is-style-default\" style=\"margin-top:var(--wp--preset--spacing--50);margin-bottom:var(--wp--preset--spacing--50)\"\/>\n\n\n\n<div id=\"impressum\" class=\"anchor\"><\/div>\n\n\n\n<div class=\"wp-block-group own-link-column has-global-padding is-layout-constrained wp-block-group-is-layout-constrained\">\n<h3 class=\"wp-block-heading\">Terms and conditions<\/h3>\n\n\n\n<p><strong>OFFER IN ACCORDANCE WITH GERMAN LAW<\/strong><\/p>\n\n\n\n<p>Responsible for the content of the site \/ authorized representative:<br\/>Martina Schriever<\/p>\n\n\n\n<p>Ch\u00e2teau Plagne<br\/>France 46110 B\u00e9taille<br\/>Phone: +33 565 32 17 42<br\/>E-mail: <a href=\"mailto:m-schriever@web.de\">m-schriever@web.de<\/a><\/p>\n\n\n\n<p><a href=\"https:\/\/www.mwgutu.com\" target=\"_blank\" rel=\"noreferrer noopener\">Web design: Mircea W. Gutu<\/a><\/p>\n\n\n\n<p>SIRET number: 803 064 682<br\/>Online dispute resolution: The European Commission provides a platform for online dispute resolution (OS):<br\/><a href=\"https:\/\/consumer-redress.ec.europa.eu\/index_de\">https:\/\/consumer-redress.ec.europa.eu\/index_de<\/a><\/p>\n\n\n\n<p><strong>DISCLAIMER<\/strong><\/p>\n\n\n\n<p>Martina Schriever endeavors to provide correct and complete information on this website. However, she assumes no liability or guarantee for the topicality, correctness and completeness of the information provided. We reserve the right to make changes.  <\/p>\n\n\n\n<p><strong>Liability for content<\/strong>: The contents of our pages have been created with the greatest care. However, we cannot assume any liability for the accuracy, completeness and topicality of the content. As a service provider, we are responsible for our own content on these pages in accordance with Section 7 (1) TMG (German Telemedia Act) and general legislation. According to \u00a7\u00a7 8 to 10 TMG, however, we are not obliged to monitor transmitted or stored third-party information or to investigate circumstances that indicate illegal activity. Obligations to remove or block the use of information in accordance with general legislation remain unaffected by this. However, liability in this respect is only possible from the time of knowledge of a specific infringement. As soon as we become aware of such infringements, we will remove this content immediately.       <\/p>\n\n\n\n<p><strong>Liability for links<\/strong>: Our site contains links to external third-party websites over whose content we have no influence. Therefore, we cannot accept any liability for this third-party content. The respective provider or operator of the pages is always responsible for the content of the linked pages. The linked pages were checked for possible legal violations at the time of linking. Illegal content was not recognizable at the time of linking. However, permanent monitoring of the content of the linked pages is not reasonable without concrete evidence of an infringement. If we become aware of any legal infringements, we will remove such links immediately.      <\/p>\n\n\n\n<p><strong>COOKIES<\/strong><\/p>\n\n\n\n<p>Only cookies necessary for the operation of the site are used, e.g. the language preference.<\/p>\n\n\n\n<p><strong>Use of cookies by Google Maps<\/strong><\/p>\n\n\n\n<p>On our website we use Google Maps, a map service provided by Google Ireland Limited, Gordon House, Barrow Street, Dublin 4, Ireland (&#8220;Google&#8221;). When using Google Maps, Google sets cookies to ensure the functionality of the service and to process user data. These cookies may collect information such as your IP address, location data (if activated), browser information and usage behavior on the map.  <\/p>\n\n\n\n<p>The data is processed on the basis of your consent in accordance with Art. 6 para. 1 lit. a GDPR, which you have automatically given by accessing the website.    <\/p>\n\n\n\n<p>Further information on data processing by Google and your rights can be found in Google&#8217;s privacy policy. Please note that when using Google Maps, data may be transferred to the USA, where a different level of data protection may apply. <\/p>\n\n\n\n<p><strong>COPYRIGHT<\/strong><\/p>\n\n\n\n<p>The content of this website is <strong>protected by copyright<\/strong>. For copyright reasons, the storage and reproduction of text and image material or graphics from this website is not permitted. <\/p>\n\n\n\n<p><strong>Photographs &amp; Copyright<\/strong><br\/>Photos on this page are from:<br\/><a href=\"https:\/\/www.penngraphics.info\">Dan Courtice (Penn Graphics) &#8211; www.penngraphics.info<\/a><br\/>Tourism Authority LOT<br\/><a href=\"https:\/\/www.mwgutu.com\" target=\"_blank\" rel=\"noreferrer noopener\">Mircea Williams Gutu<br\/><\/a>M. Schriever<\/p>\n<\/div>\n\n\n\n<div style=\"height:98px\" aria-hidden=\"true\" class=\"wp-block-spacer\"><\/div>\n<\/div>\n","protected":false},"excerpt":{"rendered":"<p>ContactCh\u00e2teau Plagne Get in touch with us and we will answer all your questions! Contact Achim &amp; Martina SchrieverCh\u00e2teau PlagneFrance 46110 B\u00e9taille Phone: +33 565 32 17 42E-mail: m-schriever@web.de Social Media Ch\u00e2teau Plagne on Instagram Ch\u00e2teau Plagne on Facebook Links Here you will find information on places of interest and interesting facts about the region: [&hellip;]<\/p>\n","protected":false},"author":1,"featured_media":0,"parent":0,"menu_order":0,"comment_status":"closed","ping_status":"closed","template":"page-no-title","meta":{"footnotes":""},"class_list":["post-3497","page","type-page","status-publish","hentry"],"_links":{"self":[{"href":"https:\/\/www.chateauplagne.com\/cp246\/en\/wp-json\/wp\/v2\/pages\/3497","targetHints":{"allow":["GET"]}}],"collection":[{"href":"https:\/\/www.chateauplagne.com\/cp246\/en\/wp-json\/wp\/v2\/pages"}],"about":[{"href":"https:\/\/www.chateauplagne.com\/cp246\/en\/wp-json\/wp\/v2\/types\/page"}],"author":[{"embeddable":true,"href":"https:\/\/www.chateauplagne.com\/cp246\/en\/wp-json\/wp\/v2\/users\/1"}],"replies":[{"embeddable":true,"href":"https:\/\/www.chateauplagne.com\/cp246\/en\/wp-json\/wp\/v2\/comments?post=3497"}],"version-history":[{"count":22,"href":"https:\/\/www.chateauplagne.com\/cp246\/en\/wp-json\/wp\/v2\/pages\/3497\/revisions"}],"predecessor-version":[{"id":3732,"href":"https:\/\/www.chateauplagne.com\/cp246\/en\/wp-json\/wp\/v2\/pages\/3497\/revisions\/3732"}],"wp:attachment":[{"href":"https:\/\/www.chateauplagne.com\/cp246\/en\/wp-json\/wp\/v2\/media?parent=3497"}],"curies":[{"name":"wp","href":"https:\/\/api.w.org\/{rel}","templated":true}]}}