{"id":3487,"date":"2024-07-26T12:50:27","date_gmt":"2024-07-26T10:50:27","guid":{"rendered":"https:\/\/www.chateauplagne.com\/cp246\/le-pigeonnier-les-trois-chenes\/"},"modified":"2025-09-05T09:15:31","modified_gmt":"2025-09-05T07:15:31","slug":"le-pigeonnier-les-trois-chenes","status":"publish","type":"page","link":"https:\/\/www.chateauplagne.com\/cp246\/fr\/le-pigeonnier-les-trois-chenes\/","title":{"rendered":"Le pigeonnier &#8220;Les Trois Ch\u00eanes&#8221;"},"content":{"rendered":"\n<div class=\"wp-block-group alignwide is-layout-flow wp-block-group-is-layout-flow\"><div class=\"n2_clear\"><ss3-force-full-width data-overflow-x=\"body\" data-horizontal-selector=\"\"><div class=\"n2-section-smartslider fitvidsignore  n2_clear\" data-ssid=\"16\" data-alias=\"fh-trois-chenes\"><div id=\"n2-ss-16-align\" class=\"n2-ss-align\"><div class=\"n2-padding\"><div id=\"n2-ss-16\" data-creator=\"Smart Slider 3\" data-responsive=\"fullwidth\" class=\"n2-ss-slider n2-ow n2-has-hover n2notransition fh-trois-chenes \">\n\n\n\n<div class=\"n2-ss-slider-wrapper-inside\">\n        <div class=\"n2-ss-slider-1 n2_ss__touch_element n2-ow\">\n            <div class=\"n2-ss-slider-2 n2-ow\">\n                                                <div class=\"n2-ss-slider-3 n2-ow\">\n\n                    <div class=\"n2-ss-slide-backgrounds n2-ow-all\"><div class=\"n2-ss-slide-background\" data-public-id=\"1\" data-mode=\"fill\"><div class=\"n2-ss-slide-background-image\" data-blur=\"0\" data-opacity=\"100\" data-x=\"50\" data-y=\"50\" data-alt=\"\" data-title=\"\"><picture class=\"skip-lazy\" data-skip-lazy=\"1\"><img decoding=\"async\" src=\"\/\/www.chateauplagne.com\/cp246\/wp-content\/uploads\/2025\/09\/headerbild-trois-chenes-11.png\" alt=\"\" title=\"\" loading=\"lazy\" class=\"skip-lazy\" data-skip-lazy=\"1\"><\/picture><\/div><div data-color=\"RGBA(255,255,255,0)\" style=\"background-color: RGBA(255,255,255,0);\" class=\"n2-ss-slide-background-color\"><\/div><\/div><div class=\"n2-ss-slide-background\" data-public-id=\"2\" data-mode=\"fill\" aria-hidden=\"true\"><div class=\"n2-ss-slide-background-image\" data-blur=\"0\" data-opacity=\"100\" data-x=\"50\" data-y=\"50\" data-alt=\"\" data-title=\"\"><picture class=\"skip-lazy\" data-skip-lazy=\"1\"><img decoding=\"async\" src=\"\/\/www.chateauplagne.com\/cp246\/wp-content\/uploads\/2025\/09\/headerbild-trois-chenes-12-1.png\" alt=\"\" title=\"\" loading=\"lazy\" class=\"skip-lazy\" data-skip-lazy=\"1\"><\/picture><\/div><div data-color=\"RGBA(255,255,255,0)\" style=\"background-color: RGBA(255,255,255,0);\" class=\"n2-ss-slide-background-color\"><\/div><\/div><div class=\"n2-ss-slide-background\" data-public-id=\"3\" data-mode=\"fill\" aria-hidden=\"true\"><div class=\"n2-ss-slide-background-image\" data-blur=\"0\" data-opacity=\"100\" data-x=\"50\" data-y=\"50\" data-alt=\"\" data-title=\"\"><picture class=\"skip-lazy\" data-skip-lazy=\"1\"><img decoding=\"async\" src=\"\/\/www.chateauplagne.com\/cp246\/wp-content\/uploads\/2025\/09\/headerbild-trois-chenes-13.png\" alt=\"\" title=\"\" loading=\"lazy\" class=\"skip-lazy\" data-skip-lazy=\"1\"><\/picture><\/div><div data-color=\"RGBA(255,255,255,0)\" style=\"background-color: RGBA(255,255,255,0);\" class=\"n2-ss-slide-background-color\"><\/div><\/div><\/div>                    <div class=\"n2-ss-slider-4 n2-ow\">\n                        <svg xmlns=\"http:\/\/www.w3.org\/2000\/svg\" viewBox=\"0 0 1440 600\" data-related-device=\"desktopPortrait\" class=\"n2-ow n2-ss-preserve-size n2-ss-preserve-size--slider n2-ss-slide-limiter\"><\/svg><div data-first=\"1\" data-slide-duration=\"0\" data-id=\"78\" data-slide-public-id=\"1\" data-title=\"tc-front\" class=\"n2-ss-slide n2-ow  n2-ss-slide-78\"><div role=\"note\" class=\"n2-ss-slide--focus\" tabindex=\"-1\">tc-front<\/div><div class=\"n2-ss-layers-container n2-ss-slide-limiter n2-ow\"><div class=\"n2-ss-layer n2-ow n-uc-yGgzCB42fsdO\" data-sstype=\"slide\" data-pm=\"default\"><\/div><\/div><\/div><div data-slide-duration=\"0\" data-id=\"79\" data-slide-public-id=\"2\" aria-hidden=\"true\" data-title=\"tc-glas\" class=\"n2-ss-slide n2-ow  n2-ss-slide-79\"><div role=\"note\" class=\"n2-ss-slide--focus\" tabindex=\"-1\">tc-glas<\/div><div class=\"n2-ss-layers-container n2-ss-slide-limiter n2-ow\"><div class=\"n2-ss-layer n2-ow n-uc-XQqRskC5tVly\" data-sstype=\"slide\" data-pm=\"default\"><\/div><\/div><\/div><div data-slide-duration=\"0\" data-id=\"80\" data-slide-public-id=\"3\" aria-hidden=\"true\" data-title=\"tc-pool\" class=\"n2-ss-slide n2-ow  n2-ss-slide-80\"><div role=\"note\" class=\"n2-ss-slide--focus\" tabindex=\"-1\">tc-pool<\/div><div class=\"n2-ss-layers-container n2-ss-slide-limiter n2-ow\"><div class=\"n2-ss-layer n2-ow n-uc-NaYYSsXNeynt\" data-sstype=\"slide\" data-pm=\"default\"><\/div><\/div><\/div>                    <\/div>\n\n                                    <\/div>\n            <\/div>\n        <\/div>\n        <div class=\"n2-ss-slider-controls n2-ss-slider-controls-absolute-left-center\"><div style=\"--widget-offset:15px;\" class=\"n2-ss-widget n2-style-2a5dd123c03f63dc4bc50d60209e2bb2-heading nextend-arrow n2-ow-all nextend-arrow-previous  nextend-arrow-animated-fade\" id=\"n2-ss-16-arrow-previous\" role=\"button\" aria-label=\"previous arrow\" tabindex=\"0\"><img loading=\"lazy\" decoding=\"async\" width=\"32\" height=\"32\" class=\"skip-lazy\" data-skip-lazy=\"1\" src=\"data:image\/svg+xml;base64,PHN2ZyB4bWxucz0iaHR0cDovL3d3dy53My5vcmcvMjAwMC9zdmciIHdpZHRoPSIzMiIgaGVpZ2h0PSIzMiIgdmlld0JveD0iMCAwIDMyIDMyIj4KICAgIDxwYXRoIGZpbGw9IiNmZmZmZmYiIG9wYWNpdHk9IjAuOCIgZmlsbC1ydWxlPSJldmVub2RkIgogICAgICAgICAgZD0iTTE4Ljk5NTggOC45OTA3YzAtLjQyNC0uMjA0LS43MjMtLjYxLS44OTgtLjQwOS0uMTczLS43NzItLjEwNC0xLjA5My4yMDlsLTcuMDA2IDYuOTc1Yy0uMjAxLjE5OS0uMjk3LjQzNy0uMjg2LjcxNiAwIC4yNjcuMDk2LjQ5OC4yODYuNjg5bDcuMDA2IDcuMDAxYy4zMjEuMzIxLjY4NC4zODkgMS4wOTMuMjA5LjQwNi0uMTc0LjYxLS40ODIuNjEtLjkyMlY4Ljk5MDd6Ii8+Cjwvc3ZnPg==\" alt=\"previous arrow\"><\/div><\/div><div class=\"n2-ss-slider-controls n2-ss-slider-controls-absolute-right-center\"><div style=\"--widget-offset:15px;\" class=\"n2-ss-widget n2-style-2a5dd123c03f63dc4bc50d60209e2bb2-heading nextend-arrow n2-ow-all nextend-arrow-next  nextend-arrow-animated-fade\" id=\"n2-ss-16-arrow-next\" role=\"button\" aria-label=\"next arrow\" tabindex=\"0\"><img loading=\"lazy\" decoding=\"async\" width=\"32\" height=\"32\" class=\"skip-lazy\" data-skip-lazy=\"1\" src=\"data:image\/svg+xml;base64,PHN2ZyB3aWR0aD0iMzIiIGhlaWdodD0iMzIiIHZpZXdCb3g9IjAgMCAzMiAzMiIgeG1sbnM9Imh0dHA6Ly93d3cudzMub3JnLzIwMDAvc3ZnIj4KICAgIDxwYXRoIGQ9Ik0xMiA4Ljk5YzAtLjQyMy4yMDQtLjcyMi42MS0uODk3LjQwOC0uMTczLjc3Mi0uMTA0IDEuMDkyLjIxbDcuMDA2IDYuOTc0Yy4yMDIuMi4yOTguNDM3LjI4Ny43MTYgMCAuMjY3LS4wOTYuNDk4LS4yODcuNjlsLTcuMDA2IDdjLS4zMi4zMi0uNjg0LjM5LTEuMDkyLjIxLS40MDYtLjE3NS0uNjEtLjQ4My0uNjEtLjkyM1Y4Ljk5eiIKICAgICAgICAgIGZpbGw9IiNmZmZmZmYiIG9wYWNpdHk9IjAuOCIgZmlsbC1ydWxlPSJldmVub2RkIi8+Cjwvc3ZnPg==\" alt=\"next arrow\"><\/div><\/div><\/div><\/div><ss3-loader><\/ss3-loader><\/div><\/div><div class=\"n2_clear\"><\/div><\/div><\/ss3-force-full-width><\/div><\/div>\n\n<figure class=\"wp-block-image aligncenter size-full own-icon-hero-subs\"><img decoding=\"async\" src=\"https:\/\/www.chateauplagne.com\/cp246\/wp-content\/uploads\/2025\/09\/GEO-Saison-fr-1.png\" alt=\"\" class=\"wp-image-774\"\/><\/figure>\n\n<div style=\"height:var(--wp--preset--spacing--20)\" aria-hidden=\"true\" class=\"wp-block-spacer\"><\/div>\n\n<h1 class=\"wp-block-heading has-text-align-center has-x-large-font-size\">Le pigeonnier<br\/>&#8220;Les Trois Ch\u00eanes&#8221;<\/h1>\n\n<div class=\"wp-block-group alignfull has-global-padding is-layout-constrained wp-container-core-group-is-layout-d89aad35 wp-block-group-is-layout-constrained\" style=\"margin-top:0;margin-bottom:0;padding-top:var(--wp--preset--spacing--50);padding-right:var(--wp--preset--spacing--50);padding-bottom:var(--wp--preset--spacing--50);padding-left:var(--wp--preset--spacing--50)\">\n<div class=\"wp-block-columns is-layout-flex wp-container-core-columns-is-layout-28f84493 wp-block-columns-is-layout-flex\">\n<div class=\"wp-block-column is-layout-flow wp-block-column-is-layout-flow\" style=\"padding-right:var(--wp--preset--spacing--40);flex-basis:34%\">\n<h3 class=\"wp-block-heading\">Un joyau dans un \u00e9crin de verdure<\/h3>\n\n\n\n<p>Nich\u00e9 entre les vieux noyers, le pigeonnier des Trois Ch\u00eanes est un refuge pour 2 \u00e0 4 personnes, entour\u00e9 de 4.500 m2 de nature. Ici, le regard glisse sur les vertes prairies et les bosquets, le calme porte, et l&#8217;on sent imm\u00e9diatement que c&#8217;est un endroit o\u00f9 le temps s&#8217;\u00e9coule plus lentement. <\/p>\n\n\n\n<p>La surface habitable d&#8217;environ 70 m\u00b2 est r\u00e9partie sur trois \u00e9tages et allie charme historique et qualit\u00e9 de vie moderne.<\/p>\n\n\n\n<p>Au rez-de-chauss\u00e9e : un salon agr\u00e9able avec un canap\u00e9-lit confortable, une cuisine enti\u00e8rement \u00e9quip\u00e9e et une salle de bains avec douche et toilettes.<\/p>\n\n\n\n<p>Un escalier ext\u00e9rieur permet d&#8217;acc\u00e9der au premier \u00e9tage, o\u00f9 se trouve une autre salle de bains avec baignoire\/douche et toilettes, ainsi qu&#8217;une chambre lumineuse qui ouvre la voie vers le grenier.<\/p>\n\n\n\n<p>Le deuxi\u00e8me \u00e9tage abrite une charmante chambre \u00e0 coucher avec un grand lit double &#8211; un lieu de retraite sous les toits qui offre un sentiment de s\u00e9curit\u00e9.<\/p>\n\n\n\n<p>L&#8217;occupation id\u00e9ale est de deux personnes ou deux adultes avec jusqu&#8217;\u00e0 deux enfants (\u00e2ge minimum 10 ans, en raison des escaliers ext\u00e9rieurs).<\/p>\n<\/div>\n\n\n\n<div class=\"wp-block-column is-vertically-aligned-center is-layout-flow wp-block-column-is-layout-flow\" style=\"flex-basis:66%\">\n<figure class=\"wp-block-image aligncenter size-full\"><img loading=\"lazy\" decoding=\"async\" width=\"780\" height=\"700\" src=\"https:\/\/www.chateauplagne.com\/cp246\/wp-content\/uploads\/2025\/09\/collage-chenes-2.png\" alt=\"\" class=\"wp-image-3140\" srcset=\"https:\/\/www.chateauplagne.com\/cp246\/wp-content\/uploads\/2025\/09\/collage-chenes-2.png 780w, https:\/\/www.chateauplagne.com\/cp246\/wp-content\/uploads\/2025\/09\/collage-chenes-2-300x269.png 300w, https:\/\/www.chateauplagne.com\/cp246\/wp-content\/uploads\/2025\/09\/collage-chenes-2-768x689.png 768w\" sizes=\"auto, (max-width: 780px) 100vw, 780px\" \/><\/figure>\n<\/div>\n<\/div>\n\n\n\n<div style=\"height:50px\" aria-hidden=\"true\" class=\"wp-block-spacer own-abstandshalter0-on-mobile\"><\/div>\n\n\n<div class=\"n2-section-smartslider fitvidsignore  n2_clear\" data-ssid=\"20\" data-alias=\"slide-in-content2\" style=\"height:400px;\"><div id=\"n2-ss-20-align\" class=\"n2-ss-align\"><div class=\"n2-padding\"><template id=\"n2-ss-20_t\" data-loading-type=\"afterOnLoad\"><div id=\"n2-ss-20\" data-creator=\"Smart Slider 3\" data-responsive=\"auto\" class=\"n2-ss-slider n2-ow n2-has-hover n2notransition slide-in-content2 \">\n\n\n\n<div class=\"n2-ss-slider-wrapper-inside\">\n        <div class=\"n2-ss-slider-1 n2_ss__touch_element n2-ow\">\n            <div class=\"n2-ss-slider-2 n2-ow\">\n                                                <div class=\"n2-ss-slider-3 n2-ow\">\n\n                    <div class=\"n2-ss-slide-backgrounds n2-ow-all\"><div class=\"n2-ss-slide-background\" data-public-id=\"1\" data-mode=\"fill\"><div class=\"n2-ss-slide-background-image\" data-blur=\"0\" data-opacity=\"100\" data-x=\"50\" data-y=\"50\" data-alt=\"\" data-title=\"\"><picture class=\"skip-lazy\" data-skip-lazy=\"1\"><img decoding=\"async\" src=\"\/\/www.chateauplagne.com\/cp246\/wp-content\/uploads\/2025\/09\/slider-chenes-1.png\" alt=\"\" title=\"\" loading=\"lazy\" class=\"skip-lazy\" data-skip-lazy=\"1\"><\/picture><\/div><div data-color=\"RGBA(255,255,255,0)\" style=\"background-color: RGBA(255,255,255,0);\" class=\"n2-ss-slide-background-color\"><\/div><\/div><div class=\"n2-ss-slide-background\" data-public-id=\"2\" data-mode=\"fill\" aria-hidden=\"true\"><div class=\"n2-ss-slide-background-image\" data-blur=\"0\" data-opacity=\"100\" data-x=\"50\" data-y=\"50\" data-alt=\"\" data-title=\"\"><picture class=\"skip-lazy\" data-skip-lazy=\"1\"><img decoding=\"async\" src=\"\/\/www.chateauplagne.com\/cp246\/wp-content\/uploads\/2025\/09\/slider-chenes-2.png\" alt=\"\" title=\"\" loading=\"lazy\" class=\"skip-lazy\" data-skip-lazy=\"1\"><\/picture><\/div><div data-color=\"RGBA(255,255,255,0)\" style=\"background-color: RGBA(255,255,255,0);\" class=\"n2-ss-slide-background-color\"><\/div><\/div><div class=\"n2-ss-slide-background\" data-public-id=\"3\" data-mode=\"fill\" aria-hidden=\"true\"><div class=\"n2-ss-slide-background-image\" data-blur=\"0\" data-opacity=\"100\" data-x=\"50\" data-y=\"50\" data-alt=\"\" data-title=\"\"><picture class=\"skip-lazy\" data-skip-lazy=\"1\"><img decoding=\"async\" src=\"\/\/www.chateauplagne.com\/cp246\/wp-content\/uploads\/2025\/09\/slider-chenes-3.png\" alt=\"\" title=\"\" loading=\"lazy\" class=\"skip-lazy\" data-skip-lazy=\"1\"><\/picture><\/div><div data-color=\"RGBA(255,255,255,0)\" style=\"background-color: RGBA(255,255,255,0);\" class=\"n2-ss-slide-background-color\"><\/div><\/div><\/div>                    <div class=\"n2-ss-slider-4 n2-ow\">\n                        <svg xmlns=\"http:\/\/www.w3.org\/2000\/svg\" viewBox=\"0 0 736 400\" data-related-device=\"desktopPortrait\" class=\"n2-ow n2-ss-preserve-size n2-ss-preserve-size--slider n2-ss-slide-limiter\"><\/svg><div data-first=\"1\" data-slide-duration=\"0\" data-id=\"112\" data-slide-public-id=\"1\" data-title=\"tc-wiese\" class=\"n2-ss-slide n2-ow  n2-ss-slide-112\"><div role=\"note\" class=\"n2-ss-slide--focus\" tabindex=\"-1\">tc-wiese<\/div><div class=\"n2-ss-layers-container n2-ss-slide-limiter n2-ow\"><div class=\"n2-ss-layer n2-ow n-uc-PwbBhgOPCbFx\" data-sstype=\"slide\" data-pm=\"default\"><\/div><\/div><\/div><div data-slide-duration=\"0\" data-id=\"113\" data-slide-public-id=\"2\" aria-hidden=\"true\" data-title=\"tc-bad\" class=\"n2-ss-slide n2-ow  n2-ss-slide-113\"><div role=\"note\" class=\"n2-ss-slide--focus\" tabindex=\"-1\">tc-bad<\/div><div class=\"n2-ss-layers-container n2-ss-slide-limiter n2-ow\"><div class=\"n2-ss-layer n2-ow n-uc-CiR9P4QzJ7Ac\" data-sstype=\"slide\" data-pm=\"default\"><\/div><\/div><\/div><div data-slide-duration=\"0\" data-id=\"114\" data-slide-public-id=\"3\" aria-hidden=\"true\" data-title=\"tc-green\" class=\"n2-ss-slide n2-ow  n2-ss-slide-114\"><div role=\"note\" class=\"n2-ss-slide--focus\" tabindex=\"-1\">tc-green<\/div><div class=\"n2-ss-layers-container n2-ss-slide-limiter n2-ow\"><div class=\"n2-ss-layer n2-ow n-uc-t40wpUe9sYZp\" data-sstype=\"slide\" data-pm=\"default\"><\/div><\/div><\/div>                    <\/div>\n\n                                    <\/div>\n            <\/div>\n        <\/div>\n        <div class=\"n2-ss-slider-controls n2-ss-slider-controls-absolute-left-center\"><div style=\"--widget-offset:15px;\" class=\"n2-ss-widget n2-style-285bcb34308107c08091ac2e2338f091-heading nextend-arrow n2-ow-all nextend-arrow-previous  nextend-arrow-animated-fade\" id=\"n2-ss-20-arrow-previous\" role=\"button\" aria-label=\"previous arrow\" tabindex=\"0\"><img loading=\"lazy\" decoding=\"async\" width=\"32\" height=\"32\" class=\"skip-lazy\" data-skip-lazy=\"1\" src=\"data:image\/svg+xml;base64,PHN2ZyB4bWxucz0iaHR0cDovL3d3dy53My5vcmcvMjAwMC9zdmciIHdpZHRoPSIzMiIgaGVpZ2h0PSIzMiIgdmlld0JveD0iMCAwIDMyIDMyIj4KICAgIDxwYXRoIGZpbGw9IiNmZmZmZmYiIG9wYWNpdHk9IjAuOCIgZmlsbC1ydWxlPSJldmVub2RkIgogICAgICAgICAgZD0iTTE4Ljk5NTggOC45OTA3YzAtLjQyNC0uMjA0LS43MjMtLjYxLS44OTgtLjQwOS0uMTczLS43NzItLjEwNC0xLjA5My4yMDlsLTcuMDA2IDYuOTc1Yy0uMjAxLjE5OS0uMjk3LjQzNy0uMjg2LjcxNiAwIC4yNjcuMDk2LjQ5OC4yODYuNjg5bDcuMDA2IDcuMDAxYy4zMjEuMzIxLjY4NC4zODkgMS4wOTMuMjA5LjQwNi0uMTc0LjYxLS40ODIuNjEtLjkyMlY4Ljk5MDd6Ii8+Cjwvc3ZnPg==\" alt=\"previous arrow\"><\/div><\/div><div class=\"n2-ss-slider-controls n2-ss-slider-controls-absolute-right-center\"><div style=\"--widget-offset:15px;\" class=\"n2-ss-widget n2-style-285bcb34308107c08091ac2e2338f091-heading nextend-arrow n2-ow-all nextend-arrow-next  nextend-arrow-animated-fade\" id=\"n2-ss-20-arrow-next\" role=\"button\" aria-label=\"next arrow\" tabindex=\"0\"><img loading=\"lazy\" decoding=\"async\" width=\"32\" height=\"32\" class=\"skip-lazy\" data-skip-lazy=\"1\" src=\"data:image\/svg+xml;base64,PHN2ZyB3aWR0aD0iMzIiIGhlaWdodD0iMzIiIHZpZXdCb3g9IjAgMCAzMiAzMiIgeG1sbnM9Imh0dHA6Ly93d3cudzMub3JnLzIwMDAvc3ZnIj4KICAgIDxwYXRoIGQ9Ik0xMiA4Ljk5YzAtLjQyMy4yMDQtLjcyMi42MS0uODk3LjQwOC0uMTczLjc3Mi0uMTA0IDEuMDkyLjIxbDcuMDA2IDYuOTc0Yy4yMDIuMi4yOTguNDM3LjI4Ny43MTYgMCAuMjY3LS4wOTYuNDk4LS4yODcuNjlsLTcuMDA2IDdjLS4zMi4zMi0uNjg0LjM5LTEuMDkyLjIxLS40MDYtLjE3NS0uNjEtLjQ4My0uNjEtLjkyM1Y4Ljk5eiIKICAgICAgICAgIGZpbGw9IiNmZmZmZmYiIG9wYWNpdHk9IjAuOCIgZmlsbC1ydWxlPSJldmVub2RkIi8+Cjwvc3ZnPg==\" alt=\"next arrow\"><\/div><\/div><\/div><\/div><\/template><ss3-loader><\/ss3-loader><\/div><\/div><div class=\"n2_clear\"><\/div><\/div>\n\n\n<div style=\"height:50px\" aria-hidden=\"true\" class=\"wp-block-spacer own-abstandshalter50\"><\/div>\n\n\n\n<div class=\"wp-block-columns is-layout-flex wp-container-core-columns-is-layout-28f84493 wp-block-columns-is-layout-flex\">\n<div class=\"wp-block-column is-vertically-aligned-center is-layout-flow wp-block-column-is-layout-flow\" style=\"padding-right:var(--wp--preset--spacing--40);flex-basis:66%\">\n<figure class=\"wp-block-image aligncenter size-full\"><img loading=\"lazy\" decoding=\"async\" width=\"780\" height=\"700\" src=\"https:\/\/www.chateauplagne.com\/cp246\/wp-content\/uploads\/2025\/09\/collage-chenes-1.png\" alt=\"\" class=\"wp-image-3137\" srcset=\"https:\/\/www.chateauplagne.com\/cp246\/wp-content\/uploads\/2025\/09\/collage-chenes-1.png 780w, https:\/\/www.chateauplagne.com\/cp246\/wp-content\/uploads\/2025\/09\/collage-chenes-1-300x269.png 300w, https:\/\/www.chateauplagne.com\/cp246\/wp-content\/uploads\/2025\/09\/collage-chenes-1-768x689.png 768w\" sizes=\"auto, (max-width: 780px) 100vw, 780px\" \/><\/figure>\n<\/div>\n\n\n\n<div class=\"wp-block-column is-layout-flow wp-block-column-is-layout-flow\" style=\"padding-right:0;flex-basis:34%\">\n<h3 class=\"wp-block-heading\">Des mat\u00e9riaux qui ont une \u00e2me<\/h3>\n\n\n\n<p>L&#8217;\u00e9quipement est d&#8217;une qualit\u00e9 particuli\u00e8re : les sols du salon et de la cuisine, ainsi que les murs et les sols des salles de bains, sont en travertin noble &#8211; une pierre naturelle qui d\u00e9gage chaleur et r\u00e9sistance. La cuisine r\u00e9pond \u00e0 tous les souhaits des personnes ambitieuses qui souhaitent cuisiner elles-m\u00eames : de la table de cuisson \u00e0 induction au lave-vaisselle en passant par l&#8217;\u00e9quipement de style. <\/p>\n\n\n\n<h3 class=\"wp-block-heading\">Prix<\/h3>\n\n\n\n<p>Prix de location pour une semaine : \u00e0 partir de \u20ac 1.000,-<\/p>\n<\/div>\n<\/div>\n<\/div>\n\n<div style=\"height:100px\" aria-hidden=\"true\" class=\"wp-block-spacer\"><\/div>\n","protected":false},"excerpt":{"rendered":"<p>Le pigeonnier&#8220;Les Trois Ch\u00eanes&#8221; Un joyau dans un \u00e9crin de verdure Nich\u00e9 entre les vieux noyers, le pigeonnier des Trois Ch\u00eanes est un refuge pour 2 \u00e0 4 personnes, entour\u00e9 de 4.500 m2 de nature. Ici, le regard glisse sur les vertes prairies et les bosquets, le calme porte, et l&#8217;on sent imm\u00e9diatement que c&#8217;est [&hellip;]<\/p>\n","protected":false},"author":1,"featured_media":0,"parent":0,"menu_order":0,"comment_status":"closed","ping_status":"closed","template":"page-no-title","meta":{"footnotes":""},"class_list":["post-3487","page","type-page","status-publish","hentry"],"_links":{"self":[{"href":"https:\/\/www.chateauplagne.com\/cp246\/fr\/wp-json\/wp\/v2\/pages\/3487","targetHints":{"allow":["GET"]}}],"collection":[{"href":"https:\/\/www.chateauplagne.com\/cp246\/fr\/wp-json\/wp\/v2\/pages"}],"about":[{"href":"https:\/\/www.chateauplagne.com\/cp246\/fr\/wp-json\/wp\/v2\/types\/page"}],"author":[{"embeddable":true,"href":"https:\/\/www.chateauplagne.com\/cp246\/fr\/wp-json\/wp\/v2\/users\/1"}],"replies":[{"embeddable":true,"href":"https:\/\/www.chateauplagne.com\/cp246\/fr\/wp-json\/wp\/v2\/comments?post=3487"}],"version-history":[{"count":1,"href":"https:\/\/www.chateauplagne.com\/cp246\/fr\/wp-json\/wp\/v2\/pages\/3487\/revisions"}],"predecessor-version":[{"id":3488,"href":"https:\/\/www.chateauplagne.com\/cp246\/fr\/wp-json\/wp\/v2\/pages\/3487\/revisions\/3488"}],"wp:attachment":[{"href":"https:\/\/www.chateauplagne.com\/cp246\/fr\/wp-json\/wp\/v2\/media?parent=3487"}],"curies":[{"name":"wp","href":"https:\/\/api.w.org\/{rel}","templated":true}]}}