{"id":3489,"date":"2024-06-13T09:29:20","date_gmt":"2024-06-13T07:29:20","guid":{"rendered":"https:\/\/www.chateauplagne.com\/cp246\/maison-soleil\/"},"modified":"2025-09-05T21:44:41","modified_gmt":"2025-09-05T19:44:41","slug":"maison-soleil","status":"publish","type":"page","link":"https:\/\/www.chateauplagne.com\/cp246\/fr\/maison-soleil\/","title":{"rendered":"Maison Soleil"},"content":{"rendered":"\n<div class=\"wp-block-group alignwide own-slider-in-header has-global-padding is-layout-constrained wp-block-group-is-layout-constrained\"><div class=\"n2_clear\"><ss3-force-full-width data-overflow-x=\"body\" data-horizontal-selector=\"\"><div class=\"n2-section-smartslider fitvidsignore  n2_clear\" data-ssid=\"18\"><div id=\"n2-ss-18-align\" class=\"n2-ss-align\"><div class=\"n2-padding\"><div id=\"n2-ss-18\" data-creator=\"Smart Slider 3\" data-responsive=\"fullwidth\" class=\"n2-ss-slider n2-ow n2-has-hover n2notransition  \">\n\n\n\n<div class=\"n2-ss-slider-wrapper-inside\">\n        <div class=\"n2-ss-slider-1 n2_ss__touch_element n2-ow\">\n            <div class=\"n2-ss-slider-2 n2-ow\">\n                                                <div class=\"n2-ss-slider-3 n2-ow\">\n\n                    <div class=\"n2-ss-slide-backgrounds n2-ow-all\"><div class=\"n2-ss-slide-background\" data-public-id=\"1\" data-mode=\"fill\"><div class=\"n2-ss-slide-background-image\" data-blur=\"0\" data-opacity=\"100\" data-x=\"50\" data-y=\"50\" data-alt=\"\" data-title=\"\"><picture class=\"skip-lazy\" data-skip-lazy=\"1\"><img decoding=\"async\" src=\"\/\/www.chateauplagne.com\/cp246\/wp-content\/uploads\/2025\/09\/headerbild-soleil-14.png\" alt=\"\" title=\"\" loading=\"lazy\" class=\"skip-lazy\" data-skip-lazy=\"1\"><\/picture><\/div><div data-color=\"RGBA(255,255,255,0)\" style=\"background-color: RGBA(255,255,255,0);\" class=\"n2-ss-slide-background-color\"><\/div><\/div><div class=\"n2-ss-slide-background\" data-public-id=\"2\" data-mode=\"fill\" aria-hidden=\"true\"><div class=\"n2-ss-slide-background-image\" data-blur=\"0\" data-opacity=\"100\" data-x=\"50\" data-y=\"50\" data-alt=\"\" data-title=\"\"><picture class=\"skip-lazy\" data-skip-lazy=\"1\"><img decoding=\"async\" src=\"\/\/www.chateauplagne.com\/cp246\/wp-content\/uploads\/2025\/09\/headerbild-soleil-11.png\" alt=\"\" title=\"\" loading=\"lazy\" class=\"skip-lazy\" data-skip-lazy=\"1\"><\/picture><\/div><div data-color=\"RGBA(255,255,255,0)\" style=\"background-color: RGBA(255,255,255,0);\" class=\"n2-ss-slide-background-color\"><\/div><\/div><div class=\"n2-ss-slide-background\" data-public-id=\"3\" data-mode=\"fill\" aria-hidden=\"true\"><div class=\"n2-ss-slide-background-image\" data-blur=\"0\" data-opacity=\"100\" data-x=\"50\" data-y=\"50\" data-alt=\"\" data-title=\"\"><picture class=\"skip-lazy\" data-skip-lazy=\"1\"><img decoding=\"async\" src=\"\/\/www.chateauplagne.com\/cp246\/wp-content\/uploads\/2025\/09\/headerbild-soleil-12t.png\" alt=\"\" title=\"\" loading=\"lazy\" class=\"skip-lazy\" data-skip-lazy=\"1\"><\/picture><\/div><div data-color=\"RGBA(255,255,255,0)\" style=\"background-color: RGBA(255,255,255,0);\" class=\"n2-ss-slide-background-color\"><\/div><\/div><\/div>                    <div class=\"n2-ss-slider-4 n2-ow\">\n                        <svg xmlns=\"http:\/\/www.w3.org\/2000\/svg\" viewBox=\"0 0 1440 600\" data-related-device=\"desktopPortrait\" class=\"n2-ow n2-ss-preserve-size n2-ss-preserve-size--slider n2-ss-slide-limiter\"><\/svg><div data-first=\"1\" data-slide-duration=\"0\" data-id=\"88\" data-slide-public-id=\"1\" data-title=\"soleil pool up\" class=\"n2-ss-slide n2-ow  n2-ss-slide-88\"><div role=\"note\" class=\"n2-ss-slide--focus\" tabindex=\"-1\">soleil pool up<\/div><div class=\"n2-ss-layers-container n2-ss-slide-limiter n2-ow\"><div class=\"n2-ss-layer n2-ow n-uc-Myp79NEf47rG\" data-sstype=\"slide\" data-pm=\"default\"><\/div><\/div><\/div><div data-slide-duration=\"0\" data-id=\"89\" data-slide-public-id=\"2\" aria-hidden=\"true\" data-title=\"soleil-pool\" class=\"n2-ss-slide n2-ow  n2-ss-slide-89\"><div role=\"note\" class=\"n2-ss-slide--focus\" tabindex=\"-1\">soleil-pool<\/div><div class=\"n2-ss-layers-container n2-ss-slide-limiter n2-ow\"><div class=\"n2-ss-layer n2-ow n-uc-T2LZGAtyCZYP\" data-sstype=\"slide\" data-pm=\"default\"><\/div><\/div><\/div><div data-slide-duration=\"0\" data-id=\"90\" data-slide-public-id=\"3\" aria-hidden=\"true\" data-title=\"soleil-rose-rosa\" class=\"n2-ss-slide n2-ow  n2-ss-slide-90\"><div role=\"note\" class=\"n2-ss-slide--focus\" tabindex=\"-1\">soleil-rose-rosa<\/div><div class=\"n2-ss-layers-container n2-ss-slide-limiter n2-ow\"><div class=\"n2-ss-layer n2-ow n-uc-V8g6jZYHXRJW\" data-sstype=\"slide\" data-pm=\"default\"><\/div><\/div><\/div>                    <\/div>\n\n                                    <\/div>\n            <\/div>\n        <\/div>\n        <div class=\"n2-ss-slider-controls n2-ss-slider-controls-absolute-left-center\"><div style=\"--widget-offset:15px;\" class=\"n2-ss-widget n2-style-2a5dd123c03f63dc4bc50d60209e2bb2-heading nextend-arrow n2-ow-all nextend-arrow-previous  nextend-arrow-animated-fade\" id=\"n2-ss-18-arrow-previous\" role=\"button\" aria-label=\"previous arrow\" tabindex=\"0\"><img loading=\"lazy\" decoding=\"async\" width=\"32\" height=\"32\" class=\"skip-lazy\" data-skip-lazy=\"1\" src=\"data:image\/svg+xml;base64,PHN2ZyB4bWxucz0iaHR0cDovL3d3dy53My5vcmcvMjAwMC9zdmciIHdpZHRoPSIzMiIgaGVpZ2h0PSIzMiIgdmlld0JveD0iMCAwIDMyIDMyIj4KICAgIDxwYXRoIGZpbGw9IiNmZmZmZmYiIG9wYWNpdHk9IjAuOCIgZmlsbC1ydWxlPSJldmVub2RkIgogICAgICAgICAgZD0iTTE4Ljk5NTggOC45OTA3YzAtLjQyNC0uMjA0LS43MjMtLjYxLS44OTgtLjQwOS0uMTczLS43NzItLjEwNC0xLjA5My4yMDlsLTcuMDA2IDYuOTc1Yy0uMjAxLjE5OS0uMjk3LjQzNy0uMjg2LjcxNiAwIC4yNjcuMDk2LjQ5OC4yODYuNjg5bDcuMDA2IDcuMDAxYy4zMjEuMzIxLjY4NC4zODkgMS4wOTMuMjA5LjQwNi0uMTc0LjYxLS40ODIuNjEtLjkyMlY4Ljk5MDd6Ii8+Cjwvc3ZnPg==\" alt=\"previous arrow\"><\/div><\/div><div class=\"n2-ss-slider-controls n2-ss-slider-controls-absolute-right-center\"><div style=\"--widget-offset:15px;\" class=\"n2-ss-widget n2-style-2a5dd123c03f63dc4bc50d60209e2bb2-heading nextend-arrow n2-ow-all nextend-arrow-next  nextend-arrow-animated-fade\" id=\"n2-ss-18-arrow-next\" role=\"button\" aria-label=\"next arrow\" tabindex=\"0\"><img loading=\"lazy\" decoding=\"async\" width=\"32\" height=\"32\" class=\"skip-lazy\" data-skip-lazy=\"1\" src=\"data:image\/svg+xml;base64,PHN2ZyB3aWR0aD0iMzIiIGhlaWdodD0iMzIiIHZpZXdCb3g9IjAgMCAzMiAzMiIgeG1sbnM9Imh0dHA6Ly93d3cudzMub3JnLzIwMDAvc3ZnIj4KICAgIDxwYXRoIGQ9Ik0xMiA4Ljk5YzAtLjQyMy4yMDQtLjcyMi42MS0uODk3LjQwOC0uMTczLjc3Mi0uMTA0IDEuMDkyLjIxbDcuMDA2IDYuOTc0Yy4yMDIuMi4yOTguNDM3LjI4Ny43MTYgMCAuMjY3LS4wOTYuNDk4LS4yODcuNjlsLTcuMDA2IDdjLS4zMi4zMi0uNjg0LjM5LTEuMDkyLjIxLS40MDYtLjE3NS0uNjEtLjQ4My0uNjEtLjkyM1Y4Ljk5eiIKICAgICAgICAgIGZpbGw9IiNmZmZmZmYiIG9wYWNpdHk9IjAuOCIgZmlsbC1ydWxlPSJldmVub2RkIi8+Cjwvc3ZnPg==\" alt=\"next arrow\"><\/div><\/div><\/div><\/div><ss3-loader><\/ss3-loader><\/div><\/div><div class=\"n2_clear\"><\/div><\/div><\/ss3-force-full-width><\/div><\/div>\n\n<figure class=\"wp-block-image aligncenter size-full own-icon-hero-subs\"><img decoding=\"async\" src=\"https:\/\/www.chateauplagne.com\/cp246\/wp-content\/uploads\/2025\/09\/GEO-Saison-fr-1.png\" alt=\"\" class=\"wp-image-774\"\/><\/figure>\n\n<div style=\"height:var(--wp--preset--spacing--20)\" aria-hidden=\"true\" class=\"wp-block-spacer\"><\/div>\n\n<h1 class=\"wp-block-heading has-text-align-center has-x-large-font-size\">La maison de vacances<br\/>&#8220;Maison Soleil<\/h1>\n\n<div class=\"wp-block-group alignfull has-global-padding is-layout-constrained wp-container-core-group-is-layout-d89aad35 wp-block-group-is-layout-constrained\" style=\"margin-top:0;margin-bottom:0;padding-top:var(--wp--preset--spacing--50);padding-right:var(--wp--preset--spacing--50);padding-bottom:var(--wp--preset--spacing--50);padding-left:var(--wp--preset--spacing--50)\">\n<div class=\"wp-block-columns is-layout-flex wp-container-core-columns-is-layout-28f84493 wp-block-columns-is-layout-flex\">\n<div class=\"wp-block-column is-layout-flow wp-block-column-is-layout-flow\" style=\"padding-right:var(--wp--preset--spacing--40);flex-basis:34%\">\n<h3 class=\"wp-block-heading\">Maison Soleil &#8211; Une maison pleine de lumi\u00e8re<\/h3>\n\n\n\n<p>La Maison Soleil doit son nom \u00e0 l&#8217;atmosph\u00e8re lumineuse et ensoleill\u00e9e qui remplit toutes les pi\u00e8ces. Tout comme la Maison Rose voisine, cette maison a \u00e9t\u00e9 enti\u00e8rement r\u00e9nov\u00e9e et am\u00e9nag\u00e9e de fa\u00e7on moderne en 2018. Les deux maisons sont reli\u00e9es par un couloir et peuvent \u00eatre lou\u00e9es s\u00e9par\u00e9ment ou ensemble, selon vos pr\u00e9f\u00e9rences.  <\/p>\n\n\n\n<p>Avec ses trois chambres, la Maison Soleil peut accueillir jusqu&#8217;\u00e0 six personnes, ce qui est id\u00e9al pour les familles ou les amis qui souhaitent passer des vacances relaxantes ensemble :<\/p>\n\n\n\n<p>Au rez-de-chauss\u00e9e se trouvent deux chambres, une salle de bains et des toilettes s\u00e9par\u00e9es. Le grand salon et la salle \u00e0 manger avec cuisine ouverte s&#8217;ouvrent sur le grand jardin derri\u00e8re la maison et sur la terrasse ensoleill\u00e9e avec vue sur la piscine. La grande cuisine, avec son plan de travail spacieux et son \u00e9quipement haut de gamme, fera le bonheur des cuisiniers amateurs &#8211; ici, cuisiner ensemble devient un plaisir.  <\/p>\n\n\n\n<p>\u00c0 l&#8217;\u00e9tage, une chambre d&#8217;environ 40 m\u00b2 avec salle de bain priv\u00e9e invite \u00e0 la retraite &#8211; un espace confortable pour deux personnes.<\/p>\n\n\n\n<p>Le jardin et la terrasse sont faits pour les repas en plein air, les heures de d\u00e9tente au soleil ou la vue sur l&#8217;eau. La piscine d&#8217;eau sal\u00e9e de 12 m\u00e8tres de long avec son propre pool house, qui relie les deux maisons de vacances, vous permettra de vous rafra\u00eechir et de profiter de la l\u00e9g\u00e8ret\u00e9 de l&#8217;\u00e9t\u00e9. <\/p>\n<\/div>\n\n\n\n<div class=\"wp-block-column is-vertically-aligned-center is-layout-flow wp-block-column-is-layout-flow\" style=\"flex-basis:66%\">\n<figure class=\"wp-block-image aligncenter size-full\"><img loading=\"lazy\" decoding=\"async\" width=\"780\" height=\"700\" src=\"https:\/\/www.chateauplagne.com\/cp246\/wp-content\/uploads\/2025\/09\/collage-soleil-1b.png\" alt=\"\" class=\"wp-image-3111\" srcset=\"https:\/\/www.chateauplagne.com\/cp246\/wp-content\/uploads\/2025\/09\/collage-soleil-1b.png 780w, https:\/\/www.chateauplagne.com\/cp246\/wp-content\/uploads\/2025\/09\/collage-soleil-1b-300x269.png 300w, https:\/\/www.chateauplagne.com\/cp246\/wp-content\/uploads\/2025\/09\/collage-soleil-1b-768x689.png 768w\" sizes=\"auto, (max-width: 780px) 100vw, 780px\" \/><\/figure>\n<\/div>\n<\/div>\n\n\n\n<div style=\"height:20px\" aria-hidden=\"true\" class=\"wp-block-spacer own-abstandshalter0-on-mobile\"><\/div>\n\n\n\n<div class=\"wp-block-group has-global-padding is-layout-constrained wp-container-core-group-is-layout-639b5052 wp-block-group-is-layout-constrained\" style=\"padding-top:0;padding-right:0;padding-bottom:0;padding-left:0\">\n<figure class=\"wp-block-video alignfull\"><video height=\"1080\" style=\"aspect-ratio: 1920 \/ 1080;\" width=\"1920\" controls=\"\" poster=\"https:\/\/www.chateauplagne.com\/cp246\/wp-content\/uploads\/2024\/07\/video-preview-pic_tiny.png\" src=\"https:\/\/www.chateauplagne.com\/cp246\/wp-content\/uploads\/2024\/07\/Chateau-Plagne-Maisons-Rose-und-Soleil_mobile1080p.mp4\"><\/video><\/figure>\n<\/div>\n\n\n\n<div style=\"height:20px\" aria-hidden=\"true\" class=\"wp-block-spacer own-abstandshalter0-on-mobile\"><\/div>\n\n\n\n<div class=\"wp-block-columns is-layout-flex wp-container-core-columns-is-layout-28f84493 wp-block-columns-is-layout-flex\">\n<div class=\"wp-block-column is-vertically-aligned-top is-layout-flow wp-block-column-is-layout-flow\" style=\"padding-right:var(--wp--preset--spacing--40);flex-basis:66%\">\n<figure class=\"wp-block-image aligncenter size-full\"><img loading=\"lazy\" decoding=\"async\" width=\"780\" height=\"700\" src=\"https:\/\/www.chateauplagne.com\/cp246\/wp-content\/uploads\/2025\/09\/collage-soleil-2-1.png\" alt=\"\" class=\"wp-image-3032\" srcset=\"https:\/\/www.chateauplagne.com\/cp246\/wp-content\/uploads\/2025\/09\/collage-soleil-2-1.png 780w, https:\/\/www.chateauplagne.com\/cp246\/wp-content\/uploads\/2025\/09\/collage-soleil-2-1-300x269.png 300w, https:\/\/www.chateauplagne.com\/cp246\/wp-content\/uploads\/2025\/09\/collage-soleil-2-1-768x689.png 768w\" sizes=\"auto, (max-width: 780px) 100vw, 780px\" \/><\/figure>\n<\/div>\n\n\n\n<div class=\"wp-block-column is-layout-flow wp-block-column-is-layout-flow\" style=\"padding-right:0;flex-basis:34%\">\n<h3 class=\"wp-block-heading\">Une piscine sous le soleil du sud<\/h3>\n\n\n\n<p>Les clients des deux maisons ont \u00e0 leur disposition une piscine d&#8217;eau sal\u00e9e de 4 x 12 m\u00e8tres avec pool house &#8211; un endroit pour se rafra\u00eechir, flotter dans l&#8217;eau, s&#8217;arr\u00eater sous le soleil du sud.<\/p>\n\n\n\n<h3 class=\"wp-block-heading\">Moments culinaires au Ch\u00e2teau<\/h3>\n\n\n\n<p>Et pour ceux qui souhaitent couronner la journ\u00e9e avec plaisir, le Ch\u00e2teau propose un copieux petit d\u00e9jeuner buffet ou, le soir, un menu gastronomique raffin\u00e9 &#8211; une exp\u00e9rience qui parach\u00e8ve le moment de vacances.<\/p>\n\n\n\n<p>De plus, nos h\u00f4tes ont la possibilit\u00e9 de participer au riche buffet du petit-d\u00e9jeuner au Ch\u00e2teau ou de se faire g\u00e2ter le soir avec un menu gourmet individuel &#8211; sur demande et \u00e0 r\u00e9server s\u00e9par\u00e9ment.<\/p>\n\n\n\n<h3 class=\"wp-block-heading\">Prix<\/h3>\n\n\n\n<p>Prix de location pour une semaine : \u00e0 partir de \u20ac 1.400,-<\/p>\n<\/div>\n<\/div>\n<\/div>\n\n<div style=\"height:100px\" aria-hidden=\"true\" class=\"wp-block-spacer\"><\/div>\n","protected":false},"excerpt":{"rendered":"<p>La maison de vacances&#8220;Maison Soleil Maison Soleil &#8211; Une maison pleine de lumi\u00e8re La Maison Soleil doit son nom \u00e0 l&#8217;atmosph\u00e8re lumineuse et ensoleill\u00e9e qui remplit toutes les pi\u00e8ces. Tout comme la Maison Rose voisine, cette maison a \u00e9t\u00e9 enti\u00e8rement r\u00e9nov\u00e9e et am\u00e9nag\u00e9e de fa\u00e7on moderne en 2018. Les deux maisons sont reli\u00e9es par un [&hellip;]<\/p>\n","protected":false},"author":1,"featured_media":0,"parent":0,"menu_order":0,"comment_status":"closed","ping_status":"closed","template":"page-no-title","meta":{"footnotes":""},"class_list":["post-3489","page","type-page","status-publish","hentry"],"_links":{"self":[{"href":"https:\/\/www.chateauplagne.com\/cp246\/fr\/wp-json\/wp\/v2\/pages\/3489","targetHints":{"allow":["GET"]}}],"collection":[{"href":"https:\/\/www.chateauplagne.com\/cp246\/fr\/wp-json\/wp\/v2\/pages"}],"about":[{"href":"https:\/\/www.chateauplagne.com\/cp246\/fr\/wp-json\/wp\/v2\/types\/page"}],"author":[{"embeddable":true,"href":"https:\/\/www.chateauplagne.com\/cp246\/fr\/wp-json\/wp\/v2\/users\/1"}],"replies":[{"embeddable":true,"href":"https:\/\/www.chateauplagne.com\/cp246\/fr\/wp-json\/wp\/v2\/comments?post=3489"}],"version-history":[{"count":3,"href":"https:\/\/www.chateauplagne.com\/cp246\/fr\/wp-json\/wp\/v2\/pages\/3489\/revisions"}],"predecessor-version":[{"id":3604,"href":"https:\/\/www.chateauplagne.com\/cp246\/fr\/wp-json\/wp\/v2\/pages\/3489\/revisions\/3604"}],"wp:attachment":[{"href":"https:\/\/www.chateauplagne.com\/cp246\/fr\/wp-json\/wp\/v2\/media?parent=3489"}],"curies":[{"name":"wp","href":"https:\/\/api.w.org\/{rel}","templated":true}]}}