{"id":3495,"date":"2024-07-26T12:45:33","date_gmt":"2024-07-26T10:45:33","guid":{"rendered":"https:\/\/www.chateauplagne.com\/cp246\/maison-rose\/"},"modified":"2025-09-05T09:15:37","modified_gmt":"2025-09-05T07:15:37","slug":"maison-rose","status":"publish","type":"page","link":"https:\/\/www.chateauplagne.com\/cp246\/fr\/maison-rose\/","title":{"rendered":"Maison Rose"},"content":{"rendered":"\n<div class=\"wp-block-group alignwide own-slider-in-header has-global-padding is-layout-constrained wp-block-group-is-layout-constrained\"><div class=\"n2_clear\"><ss3-force-full-width data-overflow-x=\"body\" data-horizontal-selector=\"\"><div class=\"n2-section-smartslider fitvidsignore  n2_clear\" data-ssid=\"19\"><div id=\"n2-ss-19-align\" class=\"n2-ss-align\"><div class=\"n2-padding\"><div id=\"n2-ss-19\" data-creator=\"Smart Slider 3\" data-responsive=\"fullwidth\" class=\"n2-ss-slider n2-ow n2-has-hover n2notransition  \">\n\n\n\n<div class=\"n2-ss-slider-wrapper-inside\">\n        <div class=\"n2-ss-slider-1 n2_ss__touch_element n2-ow\">\n            <div class=\"n2-ss-slider-2 n2-ow\">\n                                                <div class=\"n2-ss-slider-3 n2-ow\">\n\n                    <div class=\"n2-ss-slide-backgrounds n2-ow-all\"><div class=\"n2-ss-slide-background\" data-public-id=\"1\" data-mode=\"fill\"><div class=\"n2-ss-slide-background-image\" data-blur=\"0\" data-opacity=\"100\" data-x=\"50\" data-y=\"50\" data-alt=\"\" data-title=\"\"><picture class=\"skip-lazy\" data-skip-lazy=\"1\"><img decoding=\"async\" src=\"\/\/www.chateauplagne.com\/cp246\/wp-content\/uploads\/2025\/09\/headerbild-rose-11.png\" alt=\"\" title=\"\" loading=\"lazy\" class=\"skip-lazy\" data-skip-lazy=\"1\"><\/picture><\/div><div data-color=\"RGBA(255,255,255,0)\" style=\"background-color: RGBA(255,255,255,0);\" class=\"n2-ss-slide-background-color\"><\/div><\/div><div class=\"n2-ss-slide-background\" data-public-id=\"2\" data-mode=\"fill\" aria-hidden=\"true\"><div class=\"n2-ss-slide-background-image\" data-blur=\"0\" data-opacity=\"100\" data-x=\"50\" data-y=\"50\" data-alt=\"\" data-title=\"\"><picture class=\"skip-lazy\" data-skip-lazy=\"1\"><img decoding=\"async\" src=\"\/\/www.chateauplagne.com\/cp246\/wp-content\/uploads\/2025\/09\/headerbild-rose-12.png\" alt=\"\" title=\"\" loading=\"lazy\" class=\"skip-lazy\" data-skip-lazy=\"1\"><\/picture><\/div><div data-color=\"RGBA(255,255,255,0)\" style=\"background-color: RGBA(255,255,255,0);\" class=\"n2-ss-slide-background-color\"><\/div><\/div><div class=\"n2-ss-slide-background\" data-public-id=\"3\" data-mode=\"fill\" aria-hidden=\"true\"><div class=\"n2-ss-slide-background-image\" data-blur=\"0\" data-opacity=\"100\" data-x=\"50\" data-y=\"50\" data-alt=\"\" data-title=\"\"><picture class=\"skip-lazy\" data-skip-lazy=\"1\"><img decoding=\"async\" src=\"\/\/www.chateauplagne.com\/cp246\/wp-content\/uploads\/2025\/09\/headerbild-rose-13x.png\" alt=\"\" title=\"\" loading=\"lazy\" class=\"skip-lazy\" data-skip-lazy=\"1\"><\/picture><\/div><div data-color=\"RGBA(255,255,255,0)\" style=\"background-color: RGBA(255,255,255,0);\" class=\"n2-ss-slide-background-color\"><\/div><\/div><\/div>                    <div class=\"n2-ss-slider-4 n2-ow\">\n                        <svg xmlns=\"http:\/\/www.w3.org\/2000\/svg\" viewBox=\"0 0 1440 600\" data-related-device=\"desktopPortrait\" class=\"n2-ow n2-ss-preserve-size n2-ss-preserve-size--slider n2-ss-slide-limiter\"><\/svg><div data-first=\"1\" data-slide-duration=\"0\" data-id=\"93\" data-slide-public-id=\"1\" data-title=\"rose-haus\" class=\"n2-ss-slide n2-ow  n2-ss-slide-93\"><div role=\"note\" class=\"n2-ss-slide--focus\" tabindex=\"-1\">rose-haus<\/div><div class=\"n2-ss-layers-container n2-ss-slide-limiter n2-ow\"><div class=\"n2-ss-layer n2-ow n-uc-Zg8iQYEEN2nH\" data-sstype=\"slide\" data-pm=\"default\"><\/div><\/div><\/div><div data-slide-duration=\"0\" data-id=\"94\" data-slide-public-id=\"2\" aria-hidden=\"true\" data-title=\"rose-pool\" class=\"n2-ss-slide n2-ow  n2-ss-slide-94\"><div role=\"note\" class=\"n2-ss-slide--focus\" tabindex=\"-1\">rose-pool<\/div><div class=\"n2-ss-layers-container n2-ss-slide-limiter n2-ow\"><div class=\"n2-ss-layer n2-ow n-uc-E7ANimd5PBL7\" data-sstype=\"slide\" data-pm=\"default\"><\/div><\/div><\/div><div data-slide-duration=\"0\" data-id=\"95\" data-slide-public-id=\"3\" aria-hidden=\"true\" data-title=\"rose-haus-ganz\" class=\"n2-ss-slide n2-ow  n2-ss-slide-95\"><div role=\"note\" class=\"n2-ss-slide--focus\" tabindex=\"-1\">rose-haus-ganz<\/div><div class=\"n2-ss-layers-container n2-ss-slide-limiter n2-ow\"><div class=\"n2-ss-layer n2-ow n-uc-2RlOcvmJBW0e\" data-sstype=\"slide\" data-pm=\"default\"><\/div><\/div><\/div>                    <\/div>\n\n                                    <\/div>\n            <\/div>\n        <\/div>\n        <div class=\"n2-ss-slider-controls n2-ss-slider-controls-absolute-left-center\"><div style=\"--widget-offset:15px;\" class=\"n2-ss-widget n2-style-2a5dd123c03f63dc4bc50d60209e2bb2-heading nextend-arrow n2-ow-all nextend-arrow-previous  nextend-arrow-animated-fade\" id=\"n2-ss-19-arrow-previous\" role=\"button\" aria-label=\"previous arrow\" tabindex=\"0\"><img loading=\"lazy\" decoding=\"async\" width=\"32\" height=\"32\" class=\"skip-lazy\" data-skip-lazy=\"1\" src=\"data:image\/svg+xml;base64,PHN2ZyB4bWxucz0iaHR0cDovL3d3dy53My5vcmcvMjAwMC9zdmciIHdpZHRoPSIzMiIgaGVpZ2h0PSIzMiIgdmlld0JveD0iMCAwIDMyIDMyIj4KICAgIDxwYXRoIGZpbGw9IiNmZmZmZmYiIG9wYWNpdHk9IjAuOCIgZmlsbC1ydWxlPSJldmVub2RkIgogICAgICAgICAgZD0iTTE4Ljk5NTggOC45OTA3YzAtLjQyNC0uMjA0LS43MjMtLjYxLS44OTgtLjQwOS0uMTczLS43NzItLjEwNC0xLjA5My4yMDlsLTcuMDA2IDYuOTc1Yy0uMjAxLjE5OS0uMjk3LjQzNy0uMjg2LjcxNiAwIC4yNjcuMDk2LjQ5OC4yODYuNjg5bDcuMDA2IDcuMDAxYy4zMjEuMzIxLjY4NC4zODkgMS4wOTMuMjA5LjQwNi0uMTc0LjYxLS40ODIuNjEtLjkyMlY4Ljk5MDd6Ii8+Cjwvc3ZnPg==\" alt=\"previous arrow\"><\/div><\/div><div class=\"n2-ss-slider-controls n2-ss-slider-controls-absolute-right-center\"><div style=\"--widget-offset:15px;\" class=\"n2-ss-widget n2-style-2a5dd123c03f63dc4bc50d60209e2bb2-heading nextend-arrow n2-ow-all nextend-arrow-next  nextend-arrow-animated-fade\" id=\"n2-ss-19-arrow-next\" role=\"button\" aria-label=\"next arrow\" tabindex=\"0\"><img loading=\"lazy\" decoding=\"async\" width=\"32\" height=\"32\" class=\"skip-lazy\" data-skip-lazy=\"1\" src=\"data:image\/svg+xml;base64,PHN2ZyB3aWR0aD0iMzIiIGhlaWdodD0iMzIiIHZpZXdCb3g9IjAgMCAzMiAzMiIgeG1sbnM9Imh0dHA6Ly93d3cudzMub3JnLzIwMDAvc3ZnIj4KICAgIDxwYXRoIGQ9Ik0xMiA4Ljk5YzAtLjQyMy4yMDQtLjcyMi42MS0uODk3LjQwOC0uMTczLjc3Mi0uMTA0IDEuMDkyLjIxbDcuMDA2IDYuOTc0Yy4yMDIuMi4yOTguNDM3LjI4Ny43MTYgMCAuMjY3LS4wOTYuNDk4LS4yODcuNjlsLTcuMDA2IDdjLS4zMi4zMi0uNjg0LjM5LTEuMDkyLjIxLS40MDYtLjE3NS0uNjEtLjQ4My0uNjEtLjkyM1Y4Ljk5eiIKICAgICAgICAgIGZpbGw9IiNmZmZmZmYiIG9wYWNpdHk9IjAuOCIgZmlsbC1ydWxlPSJldmVub2RkIi8+Cjwvc3ZnPg==\" alt=\"next arrow\"><\/div><\/div><\/div><\/div><ss3-loader><\/ss3-loader><\/div><\/div><div class=\"n2_clear\"><\/div><\/div><\/ss3-force-full-width><\/div><\/div>\n\n<figure class=\"wp-block-image aligncenter size-full own-icon-hero-subs\"><img decoding=\"async\" src=\"https:\/\/www.chateauplagne.com\/cp246\/wp-content\/uploads\/2025\/09\/GEO-Saison-fr-1.png\" alt=\"\" class=\"wp-image-774\"\/><\/figure>\n\n<div style=\"height:var(--wp--preset--spacing--20)\" aria-hidden=\"true\" class=\"wp-block-spacer\"><\/div>\n\n<h1 class=\"wp-block-heading has-text-align-center has-x-large-font-size\">La maison de vacances<br\/>&#8220;Maison Rose<\/h1>\n\n<div class=\"wp-block-group alignfull has-global-padding is-layout-constrained wp-container-core-group-is-layout-d89aad35 wp-block-group-is-layout-constrained\" style=\"margin-top:0;margin-bottom:0;padding-top:var(--wp--preset--spacing--50);padding-right:var(--wp--preset--spacing--50);padding-bottom:var(--wp--preset--spacing--50);padding-left:var(--wp--preset--spacing--50)\">\n<div class=\"wp-block-columns is-layout-flex wp-container-core-columns-is-layout-28f84493 wp-block-columns-is-layout-flex\">\n<div class=\"wp-block-column is-layout-flow wp-block-column-is-layout-flow\" style=\"padding-right:var(--wp--preset--spacing--40);flex-basis:34%\">\n<h3 class=\"wp-block-heading\">Maison Rose &#8211; Une maison de vacances de charme<\/h3>\n\n\n\n<p>Derri\u00e8re le grand portail de Ch\u00e2teau Plagne, nos deux maisons de vacances restaur\u00e9es avec soin vous accueillent : Maison Rose et Maison Soleil. Depuis l&#8217;acquisition du domaine en 2018, les deux maisons ont \u00e9t\u00e9 enti\u00e8rement r\u00e9nov\u00e9es &#8211; et brillent d\u00e9sormais d&#8217;un nouvel \u00e9clat tout en conservant leur caract\u00e8re original. <\/p>\n\n\n\n<p>La Maison Rose, une ferme en pierre du d\u00e9but du 19\u00e8me si\u00e8cle, allie le charme typique de l&#8217;architecture r\u00e9gionale au confort moderne. Id\u00e9ale pour deux personnes, elle offre sur deux \u00e9tages une atmosph\u00e8re \u00e0 la fois chaleureuse et spacieuse : <\/p>\n\n\n\n<p>Au rez-de-chauss\u00e9e, un salon avec chemin\u00e9e, canap\u00e9 et fauteuils de lecture vous attend, dans lequel un po\u00eale \u00e0 pellets efficace assure une chaleur confortable \u00e0 tout moment. Une cuisine ouverte avec salle \u00e0 manger attenante et une petite salle de bains compl\u00e8tent cet espace. <\/p>\n<\/div>\n\n\n\n<div class=\"wp-block-column is-vertically-aligned-center is-layout-flow wp-block-column-is-layout-flow\" style=\"flex-basis:66%\">\n<figure class=\"wp-block-image aligncenter size-full\"><img loading=\"lazy\" decoding=\"async\" width=\"780\" height=\"700\" src=\"https:\/\/www.chateauplagne.com\/cp246\/wp-content\/uploads\/2025\/09\/collage-rose-1.png\" alt=\"\" class=\"wp-image-3045\" srcset=\"https:\/\/www.chateauplagne.com\/cp246\/wp-content\/uploads\/2025\/09\/collage-rose-1.png 780w, https:\/\/www.chateauplagne.com\/cp246\/wp-content\/uploads\/2025\/09\/collage-rose-1-300x269.png 300w, https:\/\/www.chateauplagne.com\/cp246\/wp-content\/uploads\/2025\/09\/collage-rose-1-768x689.png 768w\" sizes=\"auto, (max-width: 780px) 100vw, 780px\" \/><\/figure>\n<\/div>\n<\/div>\n\n\n\n<div style=\"height:20px\" aria-hidden=\"true\" class=\"wp-block-spacer own-abstandshalter0-on-mobile\"><\/div>\n\n\n\n<div class=\"wp-block-group is-layout-flow wp-block-group-is-layout-flow\" style=\"padding-top:0;padding-right:0;padding-bottom:0;padding-left:0\">\n<figure class=\"wp-block-video\"><video height=\"1080\" style=\"aspect-ratio: 1920 \/ 1080;\" width=\"1920\" controls=\"\" poster=\"https:\/\/www.chateauplagne.com\/cp246\/wp-content\/uploads\/2024\/07\/video-preview-pic_tiny.png\" src=\"https:\/\/www.chateauplagne.com\/cp246\/wp-content\/uploads\/2024\/07\/Chateau-Plagne-Maisons-Rose-und-Soleil_mobile1080p.mp4\"><\/video><\/figure>\n<\/div>\n\n\n\n<div style=\"height:20px\" aria-hidden=\"true\" class=\"wp-block-spacer own-abstandshalter0-on-mobile\"><\/div>\n\n\n\n<div class=\"wp-block-columns is-layout-flex wp-container-core-columns-is-layout-28f84493 wp-block-columns-is-layout-flex\">\n<div class=\"wp-block-column is-vertically-aligned-top is-layout-flow wp-block-column-is-layout-flow\" style=\"padding-right:var(--wp--preset--spacing--40);flex-basis:66%\">\n<figure class=\"wp-block-image aligncenter size-full\"><img loading=\"lazy\" decoding=\"async\" width=\"780\" height=\"700\" src=\"https:\/\/www.chateauplagne.com\/cp246\/wp-content\/uploads\/2025\/09\/collage-rose-3.png\" alt=\"\" class=\"wp-image-3121\" srcset=\"https:\/\/www.chateauplagne.com\/cp246\/wp-content\/uploads\/2025\/09\/collage-rose-3.png 780w, https:\/\/www.chateauplagne.com\/cp246\/wp-content\/uploads\/2025\/09\/collage-rose-3-300x269.png 300w, https:\/\/www.chateauplagne.com\/cp246\/wp-content\/uploads\/2025\/09\/collage-rose-3-768x689.png 768w\" sizes=\"auto, (max-width: 780px) 100vw, 780px\" \/><\/figure>\n<\/div>\n\n\n\n<div class=\"wp-block-column is-layout-flow wp-block-column-is-layout-flow\" style=\"padding-right:0;flex-basis:34%\">\n<h3 class=\"wp-block-heading\">Maison Rose &#8211; une retraite romantique pour deux, qui allie histoire, charme et confort moderne.<\/h3>\n\n\n\n<p>\u00c0 l&#8217;\u00e9tage, une chambre \u00e0 coucher tr\u00e8s confortable s&#8217;ouvre sous la charpente historique. Quatre petites lucarnes orient\u00e9es vers tous les points cardinaux baignent la pi\u00e8ce de lumi\u00e8re et lui conf\u00e8rent un rayonnement particulier. <\/p>\n\n\n\n<p>\u00c0 l&#8217;ext\u00e9rieur, une petite terrasse orient\u00e9e \u00e0 l&#8217;ouest permet de profiter du soleil couchant &#8211; l&#8217;endroit id\u00e9al pour terminer la journ\u00e9e avec un verre de vin. Pour ceux qui pr\u00e9f\u00e8rent l&#8217;ombre, un vieux tilleul abrite un salon confortable. La vue sur la vall\u00e9e de la Dordogne offre chaque jour de nouvelles perspectives fascinantes.  <\/p>\n\n\n\n<p>Une piscine d&#8217;eau sal\u00e9e de 4 x 12 m\u00e8tres avec son propre pool house est \u00e9galement \u00e0 votre disposition, en commun avec la Maison Soleil voisine.<\/p>\n\n\n\n<h3 class=\"wp-block-heading\">Exp\u00e9riences culinaires<\/h3>\n\n\n\n<p>Pour les plaisirs culinaires, vous pouvez profiter d&#8217;un copieux petit d\u00e9jeuner buffet au Ch\u00e2teau ou r\u00e9server un menu raffin\u00e9 pour le d\u00eener &#8211; selon vos pr\u00e9f\u00e9rences et \u00e0 r\u00e9server s\u00e9par\u00e9ment.<\/p>\n\n\n\n<h3 class=\"wp-block-heading\">Prix<\/h3>\n\n\n\n<p>Prix de location pour une semaine : \u00e0 partir de \u20ac 1.000,-<\/p>\n<\/div>\n<\/div>\n<\/div>\n","protected":false},"excerpt":{"rendered":"<p>La maison de vacances&#8220;Maison Rose Maison Rose &#8211; Une maison de vacances de charme Derri\u00e8re le grand portail de Ch\u00e2teau Plagne, nos deux maisons de vacances restaur\u00e9es avec soin vous accueillent : Maison Rose et Maison Soleil. Depuis l&#8217;acquisition du domaine en 2018, les deux maisons ont \u00e9t\u00e9 enti\u00e8rement r\u00e9nov\u00e9es &#8211; et brillent d\u00e9sormais d&#8217;un [&hellip;]<\/p>\n","protected":false},"author":1,"featured_media":0,"parent":0,"menu_order":0,"comment_status":"closed","ping_status":"closed","template":"page-no-title","meta":{"footnotes":""},"class_list":["post-3495","page","type-page","status-publish","hentry"],"_links":{"self":[{"href":"https:\/\/www.chateauplagne.com\/cp246\/fr\/wp-json\/wp\/v2\/pages\/3495","targetHints":{"allow":["GET"]}}],"collection":[{"href":"https:\/\/www.chateauplagne.com\/cp246\/fr\/wp-json\/wp\/v2\/pages"}],"about":[{"href":"https:\/\/www.chateauplagne.com\/cp246\/fr\/wp-json\/wp\/v2\/types\/page"}],"author":[{"embeddable":true,"href":"https:\/\/www.chateauplagne.com\/cp246\/fr\/wp-json\/wp\/v2\/users\/1"}],"replies":[{"embeddable":true,"href":"https:\/\/www.chateauplagne.com\/cp246\/fr\/wp-json\/wp\/v2\/comments?post=3495"}],"version-history":[{"count":1,"href":"https:\/\/www.chateauplagne.com\/cp246\/fr\/wp-json\/wp\/v2\/pages\/3495\/revisions"}],"predecessor-version":[{"id":3496,"href":"https:\/\/www.chateauplagne.com\/cp246\/fr\/wp-json\/wp\/v2\/pages\/3495\/revisions\/3496"}],"wp:attachment":[{"href":"https:\/\/www.chateauplagne.com\/cp246\/fr\/wp-json\/wp\/v2\/media?parent=3495"}],"curies":[{"name":"wp","href":"https:\/\/api.w.org\/{rel}","templated":true}]}}