{"id":3507,"date":"2024-07-27T13:28:26","date_gmt":"2024-07-27T11:28:26","guid":{"rendered":"https:\/\/www.chateauplagne.com\/cp246\/contact\/"},"modified":"2025-11-28T11:53:52","modified_gmt":"2025-11-28T10:53:52","slug":"contact","status":"publish","type":"page","link":"https:\/\/www.chateauplagne.com\/cp246\/fr\/contact\/","title":{"rendered":"Contact"},"content":{"rendered":"\n<div class=\"wp-block-group alignfull own-gmaps-group is-layout-flow wp-block-group-is-layout-flow\" style=\"margin-top:0;margin-bottom:0\">\n<iframe src=\"https:\/\/www.google.com\/maps\/embed?pb=!1m17!1m12!1m3!1d10088.011000010672!2d1.7440381532358484!3d44.95397392854885!2m3!1f0!2f0!3f0!3m2!1i1024!2i768!4f13.1!3m2!1m1!2zNDTCsDU3JzE2LjYiTiAxwrA0NCc1Ny45IkU!5e1!3m2!1sde!2sde!4v1718272744881!5m2!1sde!2sde\" width=\"100%\" height=\"600\" style=\"border:0;\" allowfullscreen=\"\" loading=\"lazy\" referrerpolicy=\"no-referrer-when-downgrade\"><\/iframe>\n<\/div>\n\n<div class=\"wp-block-group alignfull own-redline has-accent-4-background-color has-background is-layout-flow wp-block-group-is-layout-flow\" style=\"margin-top:0;margin-bottom:0;padding-top:var(--wp--preset--spacing--30);padding-bottom:var(--wp--preset--spacing--30)\"><\/div>\n\n<figure class=\"wp-block-image aligncenter size-full own-icon-hero-subs\"><img decoding=\"async\" src=\"https:\/\/www.chateauplagne.com\/cp246\/wp-content\/uploads\/2025\/09\/GEO-Saison-fr-2.png\" alt=\"\" class=\"wp-image-774\" style=\"object-fit:cover\"\/><\/figure>\n\n<div class=\"wp-block-group has-global-padding is-layout-constrained wp-container-core-group-is-layout-650790e1 wp-block-group-is-layout-constrained\">\n<div style=\"height:1.25rem\" aria-hidden=\"true\" class=\"wp-block-spacer\"><\/div>\n\n\n\n<h1 class=\"wp-block-heading has-text-align-center has-accent-4-color has-text-color has-link-color has-x-large-font-size wp-elements-73ad31a73c11307fbdfe3b47fe16bd34\">Contact<br\/>Ch\u00e2teau Plagne<\/h1>\n\n\n\n<div style=\"height:1.25rem\" aria-hidden=\"true\" class=\"wp-block-spacer\"><\/div>\n\n\n\n<p class=\"has-text-align-center own-hero-subs-links\">Contactez-nous et nous r\u00e9pondrons \u00e0 toutes vos questions !<\/p>\n\n\n\n<div style=\"height:1.25rem\" aria-hidden=\"true\" class=\"wp-block-spacer\"><\/div>\n<\/div>\n\n<div class=\"wp-block-group alignfull has-global-padding is-layout-constrained wp-container-core-group-is-layout-d89aad35 wp-block-group-is-layout-constrained\" style=\"margin-top:0;margin-bottom:0;padding-top:var(--wp--preset--spacing--50);padding-right:var(--wp--preset--spacing--50);padding-bottom:var(--wp--preset--spacing--50);padding-left:var(--wp--preset--spacing--50)\">\n<div class=\"wp-block-columns is-layout-flex wp-container-core-columns-is-layout-28f84493 wp-block-columns-is-layout-flex\">\n<div class=\"wp-block-column is-vertically-aligned-top own-contentblock-betterpadding is-layout-flow wp-block-column-is-layout-flow\" style=\"padding-right:var(--wp--preset--spacing--40);flex-basis:50%\">\n<h3 class=\"wp-block-heading\">Contact<\/h3>\n\n\n\n<p><strong>Achim &amp; Martina Schriever<\/strong><br\/>Ch\u00e2teau Plagne<br\/>France 46110 B\u00e9taille<\/p>\n\n\n\n<p><strong>T\u00e9l\u00e9phone :<\/strong> +33 565 32 17 42<br\/><strong>E-mail : <\/strong><a href=\"mailto:m-schriever@web.de\">m-schriever@web.de<\/a><\/p>\n\n\n\n<div style=\"height:20px\" aria-hidden=\"true\" class=\"wp-block-spacer\"><\/div>\n\n\n\n<h3 class=\"wp-block-heading\">M\u00e9dias sociaux<\/h3>\n\n\n\n<div style=\"height:10px\" aria-hidden=\"true\" class=\"wp-block-spacer\"><\/div>\n\n\n\n<div class=\"wp-block-group own-linkrow is-nowrap is-layout-flex wp-container-core-group-is-layout-8fadd9cd wp-block-group-is-layout-flex\" style=\"margin-top:0;margin-bottom:0;padding-top:0\">\n<svg xmlns=\"http:\/\/www.w3.org\/2000\/svg\" height=\"14\" width=\"12.25\" viewbox=\"0 0 448 512\"><!--!Font Awesome Free 6.6.0 by @fontawesome - https:\/\/fontawesome.com License - https:\/\/fontawesome.com\/license\/free Copyright 2024 Fonticons, Inc.--><path d=\"M224.1 141c-63.6 0-114.9 51.3-114.9 114.9s51.3 114.9 114.9 114.9S339 319.5 339 255.9 287.7 141 224.1 141zm0 189.6c-41.1 0-74.7-33.5-74.7-74.7s33.5-74.7 74.7-74.7 74.7 33.5 74.7 74.7-33.6 74.7-74.7 74.7zm146.4-194.3c0 14.9-12 26.8-26.8 26.8-14.9 0-26.8-12-26.8-26.8s12-26.8 26.8-26.8 26.8 12 26.8 26.8zm76.1 27.2c-1.7-35.9-9.9-67.7-36.2-93.9-26.2-26.2-58-34.4-93.9-36.2-37-2.1-147.9-2.1-184.9 0-35.8 1.7-67.6 9.9-93.9 36.1s-34.4 58-36.2 93.9c-2.1 37-2.1 147.9 0 184.9 1.7 35.9 9.9 67.7 36.2 93.9s58 34.4 93.9 36.2c37 2.1 147.9 2.1 184.9 0 35.9-1.7 67.7-9.9 93.9-36.2 26.2-26.2 34.4-58 36.2-93.9 2.1-37 2.1-147.8 0-184.8zM398.8 388c-7.8 19.6-22.9 34.7-42.6 42.6-29.5 11.7-99.5 9-132.1 9s-102.7 2.6-132.1-9c-19.6-7.8-34.7-22.9-42.6-42.6-11.7-29.5-9-99.5-9-132.1s-2.6-102.7 9-132.1c7.8-19.6 22.9-34.7 42.6-42.6 29.5-11.7 99.5-9 132.1-9s102.7-2.6 132.1 9c19.6 7.8 34.7 22.9 42.6 42.6 11.7 29.5 9 99.5 9 132.1s2.7 102.7-9 132.1z\"><\/path><\/svg>\n\n\n\n<p><a href=\"https:\/\/www.instagram.com\/chateau.plagne\/\" target=\"_blank\" rel=\"noreferrer noopener\">Ch\u00e2teau Plagne sur Instagram<\/a><\/p>\n<\/div>\n\n\n\n<div class=\"wp-block-group own-linkrow is-nowrap is-layout-flex wp-container-core-group-is-layout-117f5015 wp-block-group-is-layout-flex\" style=\"margin-top:0;margin-bottom:0;padding-top:0;padding-right:0;padding-bottom:0;padding-left:0\">\n<svg xmlns=\"http:\/\/www.w3.org\/2000\/svg\" height=\"14\" width=\"14\" viewbox=\"0 0 512 512\"><!--!Font Awesome Free 6.6.0 by @fontawesome - https:\/\/fontawesome.com License - https:\/\/fontawesome.com\/license\/free Copyright 2024 Fonticons, Inc.--><path d=\"M512 256C512 114.6 397.4 0 256 0S0 114.6 0 256C0 376 82.7 476.8 194.2 504.5V334.2H141.4V256h52.8V222.3c0-87.1 39.4-127.5 125-127.5c16.2 0 44.2 3.2 55.7 6.4V172c-6-.6-16.5-1-29.6-1c-42 0-58.2 15.9-58.2 57.2V256h83.6l-14.4 78.2H287V510.1C413.8 494.8 512 386.9 512 256h0z\"><\/path><\/svg>\n\n\n\n<p><a href=\"https:\/\/www.facebook.com\/people\/Ch%C3%A2teauplagne\/61566424647609\/\" target=\"_blank\" rel=\"noreferrer noopener\">Ch\u00e2teau Plagne sur Facebook<\/a><\/p>\n<\/div>\n\n\n\n<div style=\"height:20px\" aria-hidden=\"true\" class=\"wp-block-spacer\"><\/div>\n<\/div>\n\n\n\n<div class=\"wp-block-column own-link-column is-layout-flow wp-block-column-is-layout-flow\" style=\"padding-right:0;flex-basis:50%\">\n<h3 class=\"wp-block-heading\">Liens<\/h3>\n\n\n\n<p><strong>Vous trouverez ici des informations sur les choses \u00e0 voir et \u00e0 faire dans la r\u00e9gion :<\/strong><\/p>\n\n\n\n<p><a href=\"https:\/\/www.dordognetal.reise\/\" target=\"_blank\" rel=\"noreferrer noopener\">www.dordognetal.reise<\/a><\/p>\n\n\n\n<p><a href=\"http:\/\/www.tourisme-lot.com\/\" target=\"_blank\" rel=\"noreferrer noopener\">www.tourisme-lot.com<\/a><\/p>\n\n\n\n<p><strong>Pour pr\u00e9parer les activit\u00e9s sportives :<\/strong><\/p>\n\n\n\n<p><a href=\"https:\/\/www.dordogne-outdoor.com\/\" target=\"_blank\" rel=\"noreferrer noopener\">www.dordogne-outdoor.com<\/a><\/p>\n\n\n\n<p><a href=\"https:\/\/www.vallee-dordogne.com\/la-vallee-de-la-dordogne\/activites\" target=\"_blank\" rel=\"noreferrer noopener\">www.vallee-dordogne.com (toutes les activit\u00e9s)<\/a><\/p>\n\n\n\n<p><a href=\"https:\/\/www.vallee-dordogne.com\/la-vallee-de-la-dordogne\/activites\/rando-balades\" target=\"_blank\" rel=\"noreferrer noopener\">www.vallee-dordogne.com (randonn\u00e9es)<\/a><\/p>\n<\/div>\n<\/div>\n\n\n\n<hr class=\"wp-block-separator alignwide has-text-color has-accent-color has-alpha-channel-opacity has-accent-background-color has-background is-style-default\" style=\"margin-top:var(--wp--preset--spacing--50);margin-bottom:var(--wp--preset--spacing--50)\"\/>\n\n\n\n<div id=\"anreise\" class=\"anchor\"><\/div>\n\n\n\n<h3 class=\"wp-block-heading\">Conseils pour un voyage individuel<\/h3>\n\n\n\n<div class=\"wp-block-columns own-switch-direction-on-mobile is-layout-flex wp-container-core-columns-is-layout-4e51f7ed wp-block-columns-is-layout-flex\" style=\"padding-right:0;padding-left:0\">\n<div class=\"wp-block-column own-contentblock-betterpadding is-layout-flow wp-block-column-is-layout-flow\" style=\"padding-right:var(--wp--preset--spacing--40);flex-basis:50%\">\n<p>Il existe plusieurs variantes pour se rendre individuellement \u00e0 la station de Ch\u00e2teau Plagne. Nos conseils vous aideront \u00e0 faire votre choix : <\/p>\n\n\n\n<p>Le moyen le plus ind\u00e9pendant est de venir <strong>en voiture<\/strong>. Pour cela, vous pouvez utiliser un planificateur d\u2019itin\u00e9raire sur Internet ou un <strong><a href=\"https:\/\/www.google.com\/maps\/dir\/\/44.9546111,1.7494167\/@44.9546111,1.7494167,15z?entry=ttu&amp;g_ep=EgoyMDI1MDkyNC4wIKXMDSoASAFQAw%3D%3D\">GPS (destination 46110 B\u00e9taille).<\/a><\/strong><\/p>\n\n\n\n<p>Une alternative int\u00e9ressante et confortable est de <strong>venir en train<\/strong> (via Paris) \u00e0 St Denis pr\u00e8s Martel. Cette ville se trouve \u00e0 environ 10 minutes de la station de Ch\u00e2teau Plagne. Des trains circulent tous les jours. Nous serons heureux de venir vous chercher \u00e0 la gare.   <\/p>\n\n\n\n<p>Si vous <strong>arrivez en avion<\/strong>, l&#8217;a\u00e9roport international le plus proche est Bordeaux ou Toulouse, et de l\u00e0, vous pouvez louer une voiture ou prendre le train. Si vous poursuivez votre voyage en train, la gare d&#8217;arriv\u00e9e est St. Denise pr\u00e8s Martel, o\u00f9 nous pouvons venir vous chercher. <\/p>\n\n\n\n<p>Pour les <strong>participants aux cours<\/strong>, une fa\u00e7on \u00e9conomique et vari\u00e9e de voyager est de former un car pool, c&#8217;est-\u00e0-dire d&#8217;utiliser une voiture de covoiturage et de partager ainsi les frais de d\u00e9placement. Nous serions heureux de vous mettre en contact avec des participants voyageant avec leur propre voiture et souhaitant proposer un covoiturage. <\/p>\n<\/div>\n\n\n\n<div class=\"wp-block-column is-vertically-aligned-top is-layout-flow wp-block-column-is-layout-flow\" style=\"flex-basis:50%\">\n<figure class=\"wp-block-image size-full\"><img loading=\"lazy\" decoding=\"async\" width=\"700\" height=\"693\" src=\"https:\/\/www.chateauplagne.com\/cp246\/wp-content\/uploads\/2024\/06\/temp_chateauplagne_location_map_france_tiny.png\" alt=\"\" class=\"wp-image-120\" srcset=\"https:\/\/www.chateauplagne.com\/cp246\/wp-content\/uploads\/2024\/06\/temp_chateauplagne_location_map_france_tiny.png 700w, https:\/\/www.chateauplagne.com\/cp246\/wp-content\/uploads\/2024\/06\/temp_chateauplagne_location_map_france_tiny-300x297.png 300w, https:\/\/www.chateauplagne.com\/cp246\/wp-content\/uploads\/2024\/06\/temp_chateauplagne_location_map_france_tiny-150x150.png 150w\" sizes=\"auto, (max-width: 700px) 100vw, 700px\" \/><\/figure>\n<\/div>\n<\/div>\n\n\n\n<hr class=\"wp-block-separator alignwide has-text-color has-accent-color has-alpha-channel-opacity has-accent-background-color has-background is-style-default\" style=\"margin-top:var(--wp--preset--spacing--50);margin-bottom:var(--wp--preset--spacing--50)\"\/>\n\n\n\n<div id=\"impressum\" class=\"anchor\"><\/div>\n\n\n\n<div class=\"wp-block-group own-link-column has-global-padding is-layout-constrained wp-block-group-is-layout-constrained\">\n<h3 class=\"wp-block-heading\">Mentions l\u00e9gales<\/h3>\n\n\n\n<p><strong>OFFRE CONFORME AU DROIT ALLEMAND<\/strong><\/p>\n\n\n\n<p>Responsable du contenu du site\/personne autoris\u00e9e \u00e0 repr\u00e9senter :<br\/>Martina Schriever<\/p>\n\n\n\n<p>Ch\u00e2teau Plagne<br\/>France 46110 B\u00e9taille<br\/>T\u00e9l\u00e9phone : +33 565 32 17 42<br\/>E-mail : <a href=\"mailto:m-schriever@web.de\">m-schriever@web.de<\/a><\/p>\n\n\n\n<p><a href=\"https:\/\/www.mwgutu.com\" target=\"_blank\" rel=\"noreferrer noopener\">Conception du site web : Mircea W. Gutu<\/a><\/p>\n\n\n\n<p>Num\u00e9ro SIRET : 803 064 682<br\/>R\u00e8glement des litiges en ligne : La Commission europ\u00e9enne met \u00e0 disposition une plateforme de r\u00e8glement en ligne des litiges (RLL) :<br\/><a href=\"https:\/\/consumer-redress.ec.europa.eu\/index_de\">https:\/\/consumer-redress.ec.europa.eu\/index_de<\/a><\/p>\n\n\n\n<p><strong>AVIS DE NON-RESPONSABILIT\u00c9<\/strong><\/p>\n\n\n\n<p>Martina Schriever s&#8217;efforce de fournir des informations correctes et compl\u00e8tes sur ce site. Elle n&#8217;assume toutefois aucune responsabilit\u00e9 ou garantie quant \u00e0 l&#8217;actualit\u00e9, l&#8217;exactitude et l&#8217;exhaustivit\u00e9 des informations fournies. Sous r\u00e9serve de modifications.  <\/p>\n\n\n\n<p><strong>Responsabilit\u00e9 pour le contenu<\/strong>: Le contenu de nos pages a \u00e9t\u00e9 r\u00e9dig\u00e9 avec le plus grand soin. Nous ne pouvons toutefois pas garantir l&#8217;exactitude, l&#8217;exhaustivit\u00e9 et l&#8217;actualit\u00e9 des contenus. En tant que prestataire de services, nous sommes responsables de nos propres contenus sur ces pages conform\u00e9ment \u00e0 l&#8217;article 7, paragraphe 1 de la loi allemande sur les t\u00e9l\u00e9m\u00e9dias (TMG). Conform\u00e9ment aux \u00a7\u00a7 8 \u00e0 10 de la TMG, nous ne sommes toutefois pas tenus de surveiller les informations transmises ou enregistr\u00e9es par des tiers ou de rechercher les circonstances qui indiquent une activit\u00e9 ill\u00e9gale. L&#8217;obligation de supprimer ou de bloquer l&#8217;utilisation d&#8217;informations conform\u00e9ment aux lois g\u00e9n\u00e9rales reste inchang\u00e9e. Une responsabilit\u00e9 \u00e0 cet \u00e9gard n&#8217;est toutefois possible qu&#8217;\u00e0 partir du moment o\u00f9 une violation concr\u00e8te de la loi est connue. D\u00e8s la prise de connaissance d&#8217;une telle violation, nous supprimerons imm\u00e9diatement le contenu en question.       <\/p>\n\n\n\n<p><strong>Responsabilit\u00e9 pour les liens<\/strong>: Notre site contient des liens vers des sites web externes de tiers sur lesquels nous n&#8217;avons aucune influence. Nous ne pouvons donc pas nous porter garants de ces contenus externes. Le fournisseur ou l&#8217;exploitant des pages li\u00e9es est toujours responsable du contenu de ces pages. Les pages li\u00e9es ont \u00e9t\u00e9 v\u00e9rifi\u00e9es au moment de la cr\u00e9ation du lien afin de s&#8217;assurer qu&#8217;elles n&#8217;enfreignaient pas la loi. Aucun contenu ill\u00e9gal n&#8217;a \u00e9t\u00e9 identifi\u00e9 au moment de la cr\u00e9ation du lien. Un contr\u00f4le permanent du contenu des pages li\u00e9es n&#8217;est cependant pas exigible sans indices concrets d&#8217;une violation de la loi. Si nous prenons connaissance de violations de la loi, nous supprimerons imm\u00e9diatement les liens en question.      <\/p>\n\n\n\n<p><strong>COOKIES<\/strong><\/p>\n\n\n\n<p>Seuls les cookies n\u00e9cessaires au fonctionnement du site sont utilis\u00e9s, par exemple la pr\u00e9f\u00e9rence de la langue.<\/p>\n\n\n\n<p><strong>Utilisation des cookies par Google Maps<\/strong><\/p>\n\n\n\n<p>Sur notre site web, nous utilisons Google Maps, un service de cartographie de Google Ireland Limited, Gordon House, Barrow Street, Dublin 4, Irlande (&#8220;Google&#8221;). Lors de l&#8217;utilisation de Google Maps, Google place des cookies afin de garantir la fonctionnalit\u00e9 du service et de traiter les donn\u00e9es des utilisateurs. Ces cookies peuvent collecter des informations telles que votre adresse IP, des donn\u00e9es de localisation (si activ\u00e9es), des informations sur le navigateur et le comportement d&#8217;utilisation sur la carte.  <\/p>\n\n\n\n<p>Le traitement des donn\u00e9es s&#8217;effectue sur la base de votre consentement conform\u00e9ment \u00e0 l&#8217;article 6, paragraphe 1, point a) du RGPD, que vous avez donn\u00e9 automatiquement en utilisant le site web.    <\/p>\n\n\n\n<p>Pour plus d&#8217;informations sur le traitement des donn\u00e9es par Google et sur vos droits, veuillez consulter la politique de confidentialit\u00e9 de Google. Veuillez noter que l&#8217;utilisation de Google Maps peut entra\u00eener le transfert de donn\u00e9es vers les \u00c9tats-Unis, o\u00f9 un niveau de protection des donn\u00e9es diff\u00e9rent peut s&#8217;appliquer. <\/p>\n\n\n\n<p><strong>COPYRIGHT<\/strong><\/p>\n\n\n\n<p>Le contenu de ce site web est <strong>prot\u00e9g\u00e9 par les droits d&#8217;auteur<\/strong>. Pour des raisons de droits d&#8217;auteur, le stockage et la reproduction de textes, d&#8217;images ou de graphiques de ce site sont interdits. <\/p>\n\n\n\n<p><strong>Photographies &amp; Copyright<\/strong><br\/>Les photos de ce site proviennent de :<br\/><a href=\"https:\/\/www.penngraphics.info\">Dan Courtice (Penn Graphics) &#8211; www.penngraphics.info<\/a><br\/>Office du tourisme LOT<br\/><a href=\"https:\/\/www.mwgutu.com\" target=\"_blank\" rel=\"noreferrer noopener\">Mircea Williams Gutu<br\/><\/a>M. Schriever<\/p>\n<\/div>\n\n\n\n<div style=\"height:98px\" aria-hidden=\"true\" class=\"wp-block-spacer\"><\/div>\n<\/div>\n","protected":false},"excerpt":{"rendered":"<p>ContactCh\u00e2teau Plagne Contactez-nous et nous r\u00e9pondrons \u00e0 toutes vos questions ! Contact Achim &amp; Martina SchrieverCh\u00e2teau PlagneFrance 46110 B\u00e9taille T\u00e9l\u00e9phone : +33 565 32 17 42E-mail : m-schriever@web.de M\u00e9dias sociaux Ch\u00e2teau Plagne sur Instagram Ch\u00e2teau Plagne sur Facebook Liens Vous trouverez ici des informations sur les choses \u00e0 voir et \u00e0 faire dans la r\u00e9gion [&hellip;]<\/p>\n","protected":false},"author":1,"featured_media":0,"parent":0,"menu_order":0,"comment_status":"closed","ping_status":"closed","template":"page-no-title","meta":{"footnotes":""},"class_list":["post-3507","page","type-page","status-publish","hentry"],"_links":{"self":[{"href":"https:\/\/www.chateauplagne.com\/cp246\/fr\/wp-json\/wp\/v2\/pages\/3507","targetHints":{"allow":["GET"]}}],"collection":[{"href":"https:\/\/www.chateauplagne.com\/cp246\/fr\/wp-json\/wp\/v2\/pages"}],"about":[{"href":"https:\/\/www.chateauplagne.com\/cp246\/fr\/wp-json\/wp\/v2\/types\/page"}],"author":[{"embeddable":true,"href":"https:\/\/www.chateauplagne.com\/cp246\/fr\/wp-json\/wp\/v2\/users\/1"}],"replies":[{"embeddable":true,"href":"https:\/\/www.chateauplagne.com\/cp246\/fr\/wp-json\/wp\/v2\/comments?post=3507"}],"version-history":[{"count":14,"href":"https:\/\/www.chateauplagne.com\/cp246\/fr\/wp-json\/wp\/v2\/pages\/3507\/revisions"}],"predecessor-version":[{"id":3730,"href":"https:\/\/www.chateauplagne.com\/cp246\/fr\/wp-json\/wp\/v2\/pages\/3507\/revisions\/3730"}],"wp:attachment":[{"href":"https:\/\/www.chateauplagne.com\/cp246\/fr\/wp-json\/wp\/v2\/media?parent=3507"}],"curies":[{"name":"wp","href":"https:\/\/api.w.org\/{rel}","templated":true}]}}