{"id":114,"date":"2024-06-13T09:29:20","date_gmt":"2024-06-13T07:29:20","guid":{"rendered":"https:\/\/www.mwgutu.com\/cp246\/?page_id=114"},"modified":"2025-09-04T13:03:08","modified_gmt":"2025-09-04T11:03:08","slug":"maison-soleil","status":"publish","type":"page","link":"https:\/\/www.chateauplagne.com\/cp246\/maison-soleil\/","title":{"rendered":"Maison Soleil"},"content":{"rendered":"\n<div class=\"wp-block-group alignwide own-slider-in-header has-global-padding is-layout-constrained wp-block-group-is-layout-constrained\"><div class=\"n2_clear\"><ss3-force-full-width data-overflow-x=\"body\" data-horizontal-selector=\"\"><div class=\"n2-section-smartslider fitvidsignore  n2_clear\" data-ssid=\"18\"><div id=\"n2-ss-18-align\" class=\"n2-ss-align\"><div class=\"n2-padding\"><div id=\"n2-ss-18\" data-creator=\"Smart Slider 3\" data-responsive=\"fullwidth\" class=\"n2-ss-slider n2-ow n2-has-hover n2notransition  \">\n\n\n\n<div class=\"n2-ss-slider-wrapper-inside\">\n        <div class=\"n2-ss-slider-1 n2_ss__touch_element n2-ow\">\n            <div class=\"n2-ss-slider-2 n2-ow\">\n                                                <div class=\"n2-ss-slider-3 n2-ow\">\n\n                    <div class=\"n2-ss-slide-backgrounds n2-ow-all\"><div class=\"n2-ss-slide-background\" data-public-id=\"1\" data-mode=\"fill\"><div class=\"n2-ss-slide-background-image\" data-blur=\"0\" data-opacity=\"100\" data-x=\"50\" data-y=\"50\" data-alt=\"\" data-title=\"\"><picture class=\"skip-lazy\" data-skip-lazy=\"1\"><img decoding=\"async\" src=\"\/\/www.chateauplagne.com\/cp246\/wp-content\/uploads\/2025\/09\/headerbild-soleil-14.png\" alt=\"\" title=\"\" loading=\"lazy\" class=\"skip-lazy\" data-skip-lazy=\"1\"><\/picture><\/div><div data-color=\"RGBA(255,255,255,0)\" style=\"background-color: RGBA(255,255,255,0);\" class=\"n2-ss-slide-background-color\"><\/div><\/div><div class=\"n2-ss-slide-background\" data-public-id=\"2\" data-mode=\"fill\" aria-hidden=\"true\"><div class=\"n2-ss-slide-background-image\" data-blur=\"0\" data-opacity=\"100\" data-x=\"50\" data-y=\"50\" data-alt=\"\" data-title=\"\"><picture class=\"skip-lazy\" data-skip-lazy=\"1\"><img decoding=\"async\" src=\"\/\/www.chateauplagne.com\/cp246\/wp-content\/uploads\/2025\/09\/headerbild-soleil-11.png\" alt=\"\" title=\"\" loading=\"lazy\" class=\"skip-lazy\" data-skip-lazy=\"1\"><\/picture><\/div><div data-color=\"RGBA(255,255,255,0)\" style=\"background-color: RGBA(255,255,255,0);\" class=\"n2-ss-slide-background-color\"><\/div><\/div><div class=\"n2-ss-slide-background\" data-public-id=\"3\" data-mode=\"fill\" aria-hidden=\"true\"><div class=\"n2-ss-slide-background-image\" data-blur=\"0\" data-opacity=\"100\" data-x=\"50\" data-y=\"50\" data-alt=\"\" data-title=\"\"><picture class=\"skip-lazy\" data-skip-lazy=\"1\"><img decoding=\"async\" src=\"\/\/www.chateauplagne.com\/cp246\/wp-content\/uploads\/2025\/09\/headerbild-soleil-12t.png\" alt=\"\" title=\"\" loading=\"lazy\" class=\"skip-lazy\" data-skip-lazy=\"1\"><\/picture><\/div><div data-color=\"RGBA(255,255,255,0)\" style=\"background-color: RGBA(255,255,255,0);\" class=\"n2-ss-slide-background-color\"><\/div><\/div><\/div>                    <div class=\"n2-ss-slider-4 n2-ow\">\n                        <svg xmlns=\"http:\/\/www.w3.org\/2000\/svg\" viewBox=\"0 0 1440 600\" data-related-device=\"desktopPortrait\" class=\"n2-ow n2-ss-preserve-size n2-ss-preserve-size--slider n2-ss-slide-limiter\"><\/svg><div data-first=\"1\" data-slide-duration=\"0\" data-id=\"88\" data-slide-public-id=\"1\" data-title=\"soleil pool up\" class=\"n2-ss-slide n2-ow  n2-ss-slide-88\"><div role=\"note\" class=\"n2-ss-slide--focus\" tabindex=\"-1\">soleil pool up<\/div><div class=\"n2-ss-layers-container n2-ss-slide-limiter n2-ow\"><div class=\"n2-ss-layer n2-ow n-uc-VDasw9YnCWxA\" data-sstype=\"slide\" data-pm=\"default\"><\/div><\/div><\/div><div data-slide-duration=\"0\" data-id=\"89\" data-slide-public-id=\"2\" aria-hidden=\"true\" data-title=\"soleil-pool\" class=\"n2-ss-slide n2-ow  n2-ss-slide-89\"><div role=\"note\" class=\"n2-ss-slide--focus\" tabindex=\"-1\">soleil-pool<\/div><div class=\"n2-ss-layers-container n2-ss-slide-limiter n2-ow\"><div class=\"n2-ss-layer n2-ow n-uc-uWNdRcgaXCRg\" data-sstype=\"slide\" data-pm=\"default\"><\/div><\/div><\/div><div data-slide-duration=\"0\" data-id=\"90\" data-slide-public-id=\"3\" aria-hidden=\"true\" data-title=\"soleil-rose-rosa\" class=\"n2-ss-slide n2-ow  n2-ss-slide-90\"><div role=\"note\" class=\"n2-ss-slide--focus\" tabindex=\"-1\">soleil-rose-rosa<\/div><div class=\"n2-ss-layers-container n2-ss-slide-limiter n2-ow\"><div class=\"n2-ss-layer n2-ow n-uc-dj0wCocQEbPj\" data-sstype=\"slide\" data-pm=\"default\"><\/div><\/div><\/div>                    <\/div>\n\n                                    <\/div>\n            <\/div>\n        <\/div>\n        <div class=\"n2-ss-slider-controls n2-ss-slider-controls-absolute-left-center\"><div style=\"--widget-offset:15px;\" class=\"n2-ss-widget n2-style-2a5dd123c03f63dc4bc50d60209e2bb2-heading nextend-arrow n2-ow-all nextend-arrow-previous  nextend-arrow-animated-fade\" id=\"n2-ss-18-arrow-previous\" role=\"button\" aria-label=\"previous arrow\" tabindex=\"0\"><img loading=\"lazy\" decoding=\"async\" width=\"32\" height=\"32\" class=\"skip-lazy\" data-skip-lazy=\"1\" src=\"data:image\/svg+xml;base64,PHN2ZyB4bWxucz0iaHR0cDovL3d3dy53My5vcmcvMjAwMC9zdmciIHdpZHRoPSIzMiIgaGVpZ2h0PSIzMiIgdmlld0JveD0iMCAwIDMyIDMyIj4KICAgIDxwYXRoIGZpbGw9IiNmZmZmZmYiIG9wYWNpdHk9IjAuOCIgZmlsbC1ydWxlPSJldmVub2RkIgogICAgICAgICAgZD0iTTE4Ljk5NTggOC45OTA3YzAtLjQyNC0uMjA0LS43MjMtLjYxLS44OTgtLjQwOS0uMTczLS43NzItLjEwNC0xLjA5My4yMDlsLTcuMDA2IDYuOTc1Yy0uMjAxLjE5OS0uMjk3LjQzNy0uMjg2LjcxNiAwIC4yNjcuMDk2LjQ5OC4yODYuNjg5bDcuMDA2IDcuMDAxYy4zMjEuMzIxLjY4NC4zODkgMS4wOTMuMjA5LjQwNi0uMTc0LjYxLS40ODIuNjEtLjkyMlY4Ljk5MDd6Ii8+Cjwvc3ZnPg==\" alt=\"previous arrow\"><\/div><\/div><div class=\"n2-ss-slider-controls n2-ss-slider-controls-absolute-right-center\"><div style=\"--widget-offset:15px;\" class=\"n2-ss-widget n2-style-2a5dd123c03f63dc4bc50d60209e2bb2-heading nextend-arrow n2-ow-all nextend-arrow-next  nextend-arrow-animated-fade\" id=\"n2-ss-18-arrow-next\" role=\"button\" aria-label=\"next arrow\" tabindex=\"0\"><img loading=\"lazy\" decoding=\"async\" width=\"32\" height=\"32\" class=\"skip-lazy\" data-skip-lazy=\"1\" src=\"data:image\/svg+xml;base64,PHN2ZyB3aWR0aD0iMzIiIGhlaWdodD0iMzIiIHZpZXdCb3g9IjAgMCAzMiAzMiIgeG1sbnM9Imh0dHA6Ly93d3cudzMub3JnLzIwMDAvc3ZnIj4KICAgIDxwYXRoIGQ9Ik0xMiA4Ljk5YzAtLjQyMy4yMDQtLjcyMi42MS0uODk3LjQwOC0uMTczLjc3Mi0uMTA0IDEuMDkyLjIxbDcuMDA2IDYuOTc0Yy4yMDIuMi4yOTguNDM3LjI4Ny43MTYgMCAuMjY3LS4wOTYuNDk4LS4yODcuNjlsLTcuMDA2IDdjLS4zMi4zMi0uNjg0LjM5LTEuMDkyLjIxLS40MDYtLjE3NS0uNjEtLjQ4My0uNjEtLjkyM1Y4Ljk5eiIKICAgICAgICAgIGZpbGw9IiNmZmZmZmYiIG9wYWNpdHk9IjAuOCIgZmlsbC1ydWxlPSJldmVub2RkIi8+Cjwvc3ZnPg==\" alt=\"next arrow\"><\/div><\/div><\/div><\/div><ss3-loader><\/ss3-loader><\/div><\/div><div class=\"n2_clear\"><\/div><\/div><\/ss3-force-full-width><\/div><\/div>\n\n\n\n<figure class=\"wp-block-image aligncenter size-full own-icon-hero-subs\"><img loading=\"lazy\" decoding=\"async\" width=\"311\" height=\"311\" src=\"https:\/\/www.chateauplagne.com\/cp246\/wp-content\/uploads\/2024\/07\/GEO-badge.png\" alt=\"\" class=\"wp-image-774\" srcset=\"https:\/\/www.chateauplagne.com\/cp246\/wp-content\/uploads\/2024\/07\/GEO-badge.png 311w, https:\/\/www.chateauplagne.com\/cp246\/wp-content\/uploads\/2024\/07\/GEO-badge-300x300.png 300w, https:\/\/www.chateauplagne.com\/cp246\/wp-content\/uploads\/2024\/07\/GEO-badge-150x150.png 150w\" sizes=\"auto, (max-width: 311px) 100vw, 311px\" \/><\/figure>\n\n\n\n<div style=\"height:var(--wp--preset--spacing--20)\" aria-hidden=\"true\" class=\"wp-block-spacer\"><\/div>\n\n\n\n<h1 class=\"wp-block-heading has-text-align-center has-x-large-font-size\">Das Ferienhaus<br>\u00abMaison Soleil\u00bb<\/h1>\n\n\n\n<div class=\"wp-block-group alignfull has-global-padding is-layout-constrained wp-container-core-group-is-layout-d89aad35 wp-block-group-is-layout-constrained\" style=\"margin-top:0;margin-bottom:0;padding-top:var(--wp--preset--spacing--50);padding-right:var(--wp--preset--spacing--50);padding-bottom:var(--wp--preset--spacing--50);padding-left:var(--wp--preset--spacing--50)\">\n<div class=\"wp-block-columns is-layout-flex wp-container-core-columns-is-layout-28f84493 wp-block-columns-is-layout-flex\">\n<div class=\"wp-block-column is-layout-flow wp-block-column-is-layout-flow\" style=\"padding-right:var(--wp--preset--spacing--40);flex-basis:34%\">\n<h3 class=\"wp-block-heading\">Maison Soleil &#8211; Ein Haus voller Licht<\/h3>\n\n\n\n<p>Seinen Namen verdankt das Maison Soleil der hellen, sonnendurchfluteten Atmosph\u00e4re, die alle R\u00e4ume erf\u00fcllt. Wie das benachbarte Maison Rose wurde auch dieses Haus 2018 vollst\u00e4ndig renoviert und modern eingerichtet. Beide H\u00e4user sind durch einen Flur miteinander verbunden und k\u00f6nnen \u2013 je nach Wunsch \u2013 einzeln oder gemeinsam gemietet werden.<\/p>\n\n\n\n<p>Mit drei Schlafzimmern bietet das Maison Soleil viel Platz f\u00fcr bis zu sechs Personen \u2013 ideal f\u00fcr Familien oder Freunde, die gemeinsam entspannte Urlaubstage verbringen m\u00f6chten:<\/p>\n\n\n\n<p>Im Erdgeschoss befinden sich zwei Schlafzimmer, ein Bad und eine separate Toilette. Der gro\u00dfz\u00fcgige Wohn- und Essbereich mit offener K\u00fcche \u00f6ffnet sich zum gro\u00dfen Garten hinter dem Haus und zur sonnigen Terrasse mit Blick auf den Pool. Die gro\u00dfe K\u00fcche mit viel Arbeitsfl\u00e4che und \u00fcberdurchschnittlicher Ausstattung macht Hobbyk\u00f6chen dabei besonders viel Freude \u2013 hier wird gemeinsames Kochen zum Genuss.<\/p>\n\n\n\n<p>Im Obergeschoss l\u00e4dt ein rund 40 m\u00b2 gro\u00dfes Schlafzimmer mit eigenem Bad zum R\u00fcckzug ein \u2013 ein komfortabler Raum f\u00fcr zwei Personen.<\/p>\n\n\n\n<p>Der Garten und die Terrasse sind wie geschaffen f\u00fcr gemeinsame Mahlzeiten im Freien, entspannte Stunden in der Sonne oder den Blick auf das Wasser. Das 12 Meter lange Salzwasserschwimmbad mit eigenem Poolhaus, das beide Ferienh\u00e4user verbindet, sorgt f\u00fcr Erfrischung und sommerliche Leichtigkeit.<\/p>\n<\/div>\n\n\n\n<div class=\"wp-block-column is-vertically-aligned-center is-layout-flow wp-block-column-is-layout-flow\" style=\"flex-basis:66%\">\n<figure class=\"wp-block-image aligncenter size-full\"><img loading=\"lazy\" decoding=\"async\" width=\"780\" height=\"700\" src=\"https:\/\/www.chateauplagne.com\/cp246\/wp-content\/uploads\/2025\/09\/collage-soleil-1b.png\" alt=\"\" class=\"wp-image-3111\" srcset=\"https:\/\/www.chateauplagne.com\/cp246\/wp-content\/uploads\/2025\/09\/collage-soleil-1b.png 780w, https:\/\/www.chateauplagne.com\/cp246\/wp-content\/uploads\/2025\/09\/collage-soleil-1b-300x269.png 300w, https:\/\/www.chateauplagne.com\/cp246\/wp-content\/uploads\/2025\/09\/collage-soleil-1b-768x689.png 768w\" sizes=\"auto, (max-width: 780px) 100vw, 780px\" \/><\/figure>\n<\/div>\n<\/div>\n\n\n\n<div style=\"height:20px\" aria-hidden=\"true\" class=\"wp-block-spacer own-abstandshalter0-on-mobile\"><\/div>\n\n\n\n<div class=\"wp-block-group has-global-padding is-layout-constrained wp-container-core-group-is-layout-639b5052 wp-block-group-is-layout-constrained\" style=\"padding-top:0;padding-right:0;padding-bottom:0;padding-left:0\">\n<figure class=\"wp-block-video alignfull\"><video height=\"1080\" style=\"aspect-ratio: 1920 \/ 1080;\" width=\"1920\" controls poster=\"https:\/\/www.chateauplagne.com\/cp246\/wp-content\/uploads\/2024\/07\/video-preview-pic_tiny.png\" src=\"https:\/\/www.chateauplagne.com\/cp246\/wp-content\/uploads\/2024\/07\/Chateau-Plagne-Maisons-Rose-und-Soleil_mobile1080p.mp4\"><\/video><\/figure>\n<\/div>\n\n\n\n<div style=\"height:20px\" aria-hidden=\"true\" class=\"wp-block-spacer own-abstandshalter0-on-mobile\"><\/div>\n\n\n\n<div class=\"wp-block-columns is-layout-flex wp-container-core-columns-is-layout-28f84493 wp-block-columns-is-layout-flex\">\n<div class=\"wp-block-column is-vertically-aligned-top is-layout-flow wp-block-column-is-layout-flow\" style=\"padding-right:var(--wp--preset--spacing--40);flex-basis:66%\">\n<figure class=\"wp-block-image aligncenter size-full\"><img loading=\"lazy\" decoding=\"async\" width=\"780\" height=\"700\" src=\"https:\/\/www.chateauplagne.com\/cp246\/wp-content\/uploads\/2025\/09\/collage-soleil-2-1.png\" alt=\"\" class=\"wp-image-3032\" srcset=\"https:\/\/www.chateauplagne.com\/cp246\/wp-content\/uploads\/2025\/09\/collage-soleil-2-1.png 780w, https:\/\/www.chateauplagne.com\/cp246\/wp-content\/uploads\/2025\/09\/collage-soleil-2-1-300x269.png 300w, https:\/\/www.chateauplagne.com\/cp246\/wp-content\/uploads\/2025\/09\/collage-soleil-2-1-768x689.png 768w\" sizes=\"auto, (max-width: 780px) 100vw, 780px\" \/><\/figure>\n<\/div>\n\n\n\n<div class=\"wp-block-column is-layout-flow wp-block-column-is-layout-flow\" style=\"padding-right:0;flex-basis:34%\">\n<h3 class=\"wp-block-heading\">Ein Pool unter s\u00fcdlicher Sonne<\/h3>\n\n\n\n<p>Den G\u00e4sten beider H\u00e4user steht ein 4 x 12 Meter gro\u00dfes Salzwasserschwimmbad mit Poolhaus zur Verf\u00fcgung \u2013 ein Ort zum Abk\u00fchlen, zum Schweben im Wasser, zum Innehalten unter der Sonne des S\u00fcdens.<\/p>\n\n\n\n<h3 class=\"wp-block-heading\">Kulinarische Momente im Ch\u00e2teau<\/h3>\n\n\n\n<p>Und wer den Tag genussvoll kr\u00f6nen m\u00f6chte, kann im Ch\u00e2teau ein reichhaltiges Fr\u00fchst\u00fccksb\u00fcfett genie\u00dfen oder sich am Abend von einem feinen Gourmetmen\u00fc verw\u00f6hnen lassen \u2013 ein Erlebnis, das den Urlaubsmoment abrundet.<\/p>\n\n\n\n<p>Zus\u00e4tzlich haben unsere G\u00e4ste die M\u00f6glichkeit, am reichhaltigen Fr\u00fchst\u00fccksbuffet im Ch\u00e2teau teilzunehmen oder sich abends mit einem individuellen Feinschmeckermen\u00fc verw\u00f6hnen zu lassen \u2013 auf Wunsch und separat buchbar.<\/p>\n\n\n\n<h3 class=\"wp-block-heading\">Preis<\/h3>\n\n\n\n<p>Mietpreis f\u00fcr eine Woche: ab \u20ac 1.400,-<\/p>\n<\/div>\n<\/div>\n<\/div>\n\n\n\n<div style=\"height:100px\" aria-hidden=\"true\" class=\"wp-block-spacer\"><\/div>\n","protected":false},"excerpt":{"rendered":"<p>Das Ferienhaus\u00abMaison Soleil\u00bb Maison Soleil &#8211; Ein Haus voller Licht Seinen Namen verdankt das Maison Soleil der hellen, sonnendurchfluteten Atmosph\u00e4re, die alle R\u00e4ume erf\u00fcllt. Wie das benachbarte Maison Rose wurde auch dieses Haus 2018 vollst\u00e4ndig renoviert und modern eingerichtet. Beide H\u00e4user sind durch einen Flur miteinander verbunden und k\u00f6nnen \u2013 je nach Wunsch \u2013 einzeln [&hellip;]<\/p>\n","protected":false},"author":1,"featured_media":0,"parent":0,"menu_order":0,"comment_status":"closed","ping_status":"closed","template":"page-no-title","meta":{"footnotes":""},"class_list":["post-114","page","type-page","status-publish","hentry"],"_links":{"self":[{"href":"https:\/\/www.chateauplagne.com\/cp246\/wp-json\/wp\/v2\/pages\/114","targetHints":{"allow":["GET"]}}],"collection":[{"href":"https:\/\/www.chateauplagne.com\/cp246\/wp-json\/wp\/v2\/pages"}],"about":[{"href":"https:\/\/www.chateauplagne.com\/cp246\/wp-json\/wp\/v2\/types\/page"}],"author":[{"embeddable":true,"href":"https:\/\/www.chateauplagne.com\/cp246\/wp-json\/wp\/v2\/users\/1"}],"replies":[{"embeddable":true,"href":"https:\/\/www.chateauplagne.com\/cp246\/wp-json\/wp\/v2\/comments?post=114"}],"version-history":[{"count":37,"href":"https:\/\/www.chateauplagne.com\/cp246\/wp-json\/wp\/v2\/pages\/114\/revisions"}],"predecessor-version":[{"id":3434,"href":"https:\/\/www.chateauplagne.com\/cp246\/wp-json\/wp\/v2\/pages\/114\/revisions\/3434"}],"wp:attachment":[{"href":"https:\/\/www.chateauplagne.com\/cp246\/wp-json\/wp\/v2\/media?parent=114"}],"curies":[{"name":"wp","href":"https:\/\/api.w.org\/{rel}","templated":true}]}}