{"id":1403,"date":"2024-07-24T14:12:27","date_gmt":"2024-07-24T12:12:27","guid":{"rendered":"https:\/\/www.mwgutu.com\/cp246\/?page_id=1403"},"modified":"2025-02-19T12:58:58","modified_gmt":"2025-02-19T11:58:58","slug":"gastezimmer","status":"publish","type":"page","link":"https:\/\/www.chateauplagne.com\/cp246\/gastezimmer\/","title":{"rendered":"Die G\u00e4stezimmer"},"content":{"rendered":"\n<div class=\"wp-block-columns alignfull is-layout-flex wp-container-core-columns-is-layout-28f84493 wp-block-columns-is-layout-flex\">\n<div class=\"wp-block-column is-layout-flow wp-block-column-is-layout-flow\" style=\"flex-basis:100%\">\n<div class=\"wp-block-group own-hero-subs-group has-global-padding is-layout-constrained wp-container-core-group-is-layout-72d38984 wp-block-group-is-layout-constrained\" style=\"min-height:0px;margin-top:0;margin-bottom:0;padding-top:0;padding-right:0;padding-bottom:0;padding-left:0\">\n<figure class=\"wp-block-image alignwide size-full has-custom-border own-image-sharp\"><img loading=\"lazy\" decoding=\"async\" width=\"1440\" height=\"640\" src=\"https:\/\/www.chateauplagne.com\/cp246\/wp-content\/uploads\/2024\/07\/headerbild-zimmer_tiny.png\" alt=\"\" class=\"wp-image-1640\" style=\"border-radius:0px\" srcset=\"https:\/\/www.chateauplagne.com\/cp246\/wp-content\/uploads\/2024\/07\/headerbild-zimmer_tiny.png 1440w, https:\/\/www.chateauplagne.com\/cp246\/wp-content\/uploads\/2024\/07\/headerbild-zimmer_tiny-300x133.png 300w, https:\/\/www.chateauplagne.com\/cp246\/wp-content\/uploads\/2024\/07\/headerbild-zimmer_tiny-1024x455.png 1024w, https:\/\/www.chateauplagne.com\/cp246\/wp-content\/uploads\/2024\/07\/headerbild-zimmer_tiny-768x341.png 768w\" sizes=\"auto, (max-width: 1440px) 100vw, 1440px\" \/><\/figure>\n\n\n\n<figure class=\"wp-block-image alignfull size-full has-custom-border own-image-blur\"><img loading=\"lazy\" decoding=\"async\" width=\"1440\" height=\"640\" src=\"https:\/\/www.chateauplagne.com\/cp246\/wp-content\/uploads\/2024\/07\/headerbild-zimmer_tiny.png\" alt=\"\" class=\"wp-image-1640\" style=\"border-radius:0px\" srcset=\"https:\/\/www.chateauplagne.com\/cp246\/wp-content\/uploads\/2024\/07\/headerbild-zimmer_tiny.png 1440w, https:\/\/www.chateauplagne.com\/cp246\/wp-content\/uploads\/2024\/07\/headerbild-zimmer_tiny-300x133.png 300w, https:\/\/www.chateauplagne.com\/cp246\/wp-content\/uploads\/2024\/07\/headerbild-zimmer_tiny-1024x455.png 1024w, https:\/\/www.chateauplagne.com\/cp246\/wp-content\/uploads\/2024\/07\/headerbild-zimmer_tiny-768x341.png 768w\" sizes=\"auto, (max-width: 1440px) 100vw, 1440px\" \/><\/figure>\n<\/div>\n<\/div>\n<\/div>\n\n\n\n<div class=\"wp-block-group alignfull own-redline has-accent-background-color has-background is-layout-flow wp-block-group-is-layout-flow\" style=\"margin-top:0;margin-bottom:0;padding-top:var(--wp--preset--spacing--30);padding-bottom:var(--wp--preset--spacing--30)\"><\/div>\n\n\n\n<figure class=\"wp-block-image aligncenter size-full has-custom-border own-icon-hero-subs\"><img decoding=\"async\" src=\"https:\/\/www.chateauplagne.com\/cp246\/wp-content\/uploads\/2024\/07\/icon-guestroom-1.svg\" alt=\"\" class=\"wp-image-725\" style=\"border-style:none;border-width:0px;border-radius:0px;object-fit:cover\"\/><\/figure>\n\n\n\n<div class=\"wp-block-group has-global-padding is-layout-constrained wp-container-core-group-is-layout-650790e1 wp-block-group-is-layout-constrained\">\n<h1 class=\"wp-block-heading has-text-align-center has-x-large-font-size\">Die G\u00e4stezimmer<br>im Ch\u00e2teau Plagne<\/h1>\n\n\n\n<div style=\"height:1.25rem\" aria-hidden=\"true\" class=\"wp-block-spacer\"><\/div>\n\n\n\n<p class=\"has-text-align-center own-hero-subs-links\">Im Haupthaus bieten wir unseren G\u00e4sten zwei G\u00e4stezimmer an. Hier k\u00f6nnen Sie sich so individuell untergebracht f\u00fchlen wie bei Freunden.<\/p>\n\n\n\n<div style=\"height:1.25rem\" aria-hidden=\"true\" class=\"wp-block-spacer\"><\/div>\n\n\n\n<div class=\"wp-block-group is-layout-grid wp-container-core-group-is-layout-63efec44 wp-block-group-is-layout-grid\" style=\"border-style:none;border-width:0px\">\n<p class=\"has-text-align-center own-hero-subs-links\"><a href=\"#zimmer1\"><strong>G\u00e4stezimmer<\/strong><br><strong>no. 1<\/strong><\/a><\/p>\n\n\n\n<p class=\"has-text-align-center own-hero-subs-links\"><a href=\"#zimmer2\"><strong>G\u00e4stezimmer<\/strong><br><strong>no. 2<\/strong><\/a><\/p>\n<\/div>\n\n\n\n<div style=\"height:1.25rem\" aria-hidden=\"true\" class=\"wp-block-spacer\"><\/div>\n<\/div>\n\n\n\n<div class=\"wp-block-group alignfull has-global-padding is-layout-constrained wp-container-core-group-is-layout-d89aad35 wp-block-group-is-layout-constrained\" style=\"margin-top:0;margin-bottom:0;padding-top:var(--wp--preset--spacing--50);padding-right:var(--wp--preset--spacing--50);padding-bottom:var(--wp--preset--spacing--50);padding-left:var(--wp--preset--spacing--50)\">\n<div id=\"zimmer1\" class=\"anchor\"><\/div>\n\n\n\n<div class=\"wp-block-columns own-switch-direction-on-mobile is-layout-flex wp-container-core-columns-is-layout-28f84493 wp-block-columns-is-layout-flex\">\n<div class=\"wp-block-column own-contentblock-betterpadding is-layout-flow wp-block-column-is-layout-flow\" style=\"padding-right:var(--wp--preset--spacing--40);flex-basis:34%\">\n<h3 class=\"wp-block-heading\">Die Zimmer<\/h3>\n\n\n\n<p>Im Haupthaus bieten wir unseren G\u00e4sten zwei G\u00e4stezimmer an. Hier k\u00f6nnen Sie sich so individuell untergebracht f\u00fchlen wie bei Freunden. Die geschmackvoll und individuell eingerichteten Zimmer wurden mit viel Liebe zum Detail renoviert. Im Salon mit einem offenen Kamin, findet jeder Gast in der gro\u00dfen Bibliothek seine Urlaubslekt\u00fcre.<\/p>\n<\/div>\n\n\n\n<div class=\"wp-block-column is-vertically-aligned-top is-layout-flow wp-block-column-is-layout-flow\" style=\"flex-basis:66%\">\n<figure class=\"wp-block-image aligncenter size-full has-custom-border\"><img decoding=\"async\" src=\"https:\/\/www.chateauplagne.com\/cp246\/wp-content\/uploads\/2024\/07\/content-region-landschaft-orte-dodogne-1-2.png\" alt=\"\" class=\"wp-image-1240\" style=\"border-radius:20px\"\/><\/figure>\n<\/div>\n<\/div>\n\n\n\n<div style=\"height:50px\" aria-hidden=\"true\" class=\"wp-block-spacer own-abstandshalter50\"><\/div>\n\n\n\n<div class=\"wp-block-columns ownclass-switch-direction-on-mobile is-layout-flex wp-container-core-columns-is-layout-28f84493 wp-block-columns-is-layout-flex\">\n<div class=\"wp-block-column is-vertically-aligned-top own-contentblock-betterpadding is-layout-flow wp-block-column-is-layout-flow\" style=\"padding-right:var(--wp--preset--spacing--40);flex-basis:66%\">\n<figure class=\"wp-block-image aligncenter size-full has-custom-border\"><img decoding=\"async\" src=\"https:\/\/www.chateauplagne.com\/cp246\/wp-content\/uploads\/2024\/07\/content-region-landschaft-orte-dodogne-2-1.png\" alt=\"\" class=\"wp-image-1243\" style=\"border-radius:20px\"\/><\/figure>\n<\/div>\n\n\n\n<div class=\"wp-block-column is-layout-flow wp-block-column-is-layout-flow\" style=\"flex-basis:33%\">\n<p>Die \u00dcbernachtung im Doppelzimmer inklusive einem reichhaltigen Fr\u00fchst\u00fcck gibt es ab 85 \u20ac f\u00fcr 2 Personen.<\/p>\n<\/div>\n<\/div>\n\n\n\n<div style=\"height:50px\" aria-hidden=\"true\" class=\"wp-block-spacer own-abstandshalter50\"><\/div>\n\n\n\n<hr class=\"wp-block-separator alignwide has-text-color has-accent-color has-alpha-channel-opacity has-accent-background-color has-background is-style-default\" style=\"margin-top:var(--wp--preset--spacing--50);margin-bottom:var(--wp--preset--spacing--50)\"\/>\n\n\n\n<div id=\"zimmer2\" class=\"anchor\"><\/div>\n\n\n\n<div class=\"wp-block-columns own-switch-direction-on-mobile is-layout-flex wp-container-core-columns-is-layout-1c1b29f9 wp-block-columns-is-layout-flex\">\n<div class=\"wp-block-column own-contentblock-betterpadding is-layout-flow wp-block-column-is-layout-flow\" style=\"padding-right:var(--wp--preset--spacing--40);flex-basis:27.8%\">\n<h3 class=\"wp-block-heading\">G\u00e4stezimmer 2<\/h3>\n\n\n\n<p>Im Haupthaus bieten wir unseren G\u00e4sten zwei G\u00e4stezimmer an. Hier k\u00f6nnen Sie sich so individuell untergebracht f\u00fchlen wie bei Freunden. Die geschmackvoll und individuell eingerichteten Zimmer wurden mit viel Liebe zum Detail renoviert. Im Salon mit einem offenen Kamin, findet jeder Gast in der gro\u00dfen Bibliothek seine Urlaubslekt\u00fcre.<\/p>\n<\/div>\n\n\n\n<div class=\"wp-block-column is-vertically-aligned-top is-layout-flow wp-block-column-is-layout-flow\" style=\"flex-basis:66%\">\n<figure class=\"wp-block-image aligncenter size-full has-custom-border\"><img loading=\"lazy\" decoding=\"async\" width=\"780\" height=\"700\" src=\"https:\/\/www.chateauplagne.com\/cp246\/wp-content\/uploads\/2024\/07\/content-chateauplagne-geschichte-2_tiny-1.png\" alt=\"\" class=\"wp-image-1194\" style=\"border-radius:20px\" srcset=\"https:\/\/www.chateauplagne.com\/cp246\/wp-content\/uploads\/2024\/07\/content-chateauplagne-geschichte-2_tiny-1.png 780w, https:\/\/www.chateauplagne.com\/cp246\/wp-content\/uploads\/2024\/07\/content-chateauplagne-geschichte-2_tiny-1-300x269.png 300w, https:\/\/www.chateauplagne.com\/cp246\/wp-content\/uploads\/2024\/07\/content-chateauplagne-geschichte-2_tiny-1-768x689.png 768w\" sizes=\"auto, (max-width: 780px) 100vw, 780px\" \/><\/figure>\n<\/div>\n<\/div>\n\n\n\n<div style=\"height:5px\" aria-hidden=\"true\" class=\"wp-block-spacer\"><\/div>\n\n\n<style type=\"text\/css\">\n#foogallery-gallery-1230.fg-masonry { --fg-gutter: 10px; }<\/style>\n\t\t\t<div class=\"foogallery foogallery-container foogallery-masonry foogallery-lightbox-foogallery fg-center fg-masonry fg-ready fg-transparent fg-loading-partial fg-loaded-fade-in fg-hover-fade fg-hover-zoom2 fg-col3\" id=\"foogallery-gallery-1230\" data-foogallery=\"{&quot;item&quot;:{&quot;showCaptionTitle&quot;:false,&quot;showCaptionDescription&quot;:false},&quot;lazy&quot;:true,&quot;paging&quot;:{&quot;type&quot;:&quot;dots&quot;,&quot;size&quot;:9,&quot;position&quot;:&quot;bottom&quot;,&quot;scrollToTop&quot;:false,&quot;output&quot;:&quot;&quot;,&quot;theme&quot;:&quot;fg-light&quot;}}\" data-foogallery-lightbox=\"{&quot;thumbs&quot;:&quot;bottom&quot;,&quot;thumbsCaptions&quot;:false,&quot;thumbsBestFit&quot;:false,&quot;thumbsSmall&quot;:false,&quot;thumbsCaptionsAlign&quot;:&quot;default&quot;,&quot;info&quot;:&quot;bottom&quot;,&quot;infoVisible&quot;:true,&quot;infoOverlay&quot;:true,&quot;infoAlign&quot;:&quot;default&quot;,&quot;transition&quot;:&quot;fade&quot;,&quot;hoverButtons&quot;:false,&quot;fitMedia&quot;:false,&quot;noScrollbars&quot;:true,&quot;preserveButtonSpace&quot;:true,&quot;buttons&quot;:{&quot;fullscreen&quot;:true,&quot;info&quot;:true,&quot;thumbs&quot;:false},&quot;video&quot;:{&quot;autoPlay&quot;:true}}\" style=\"--fg-title-line-clamp: 0; --fg-description-line-clamp: 0;\" >\n\t\t<div class=\"fg-column-width\"><\/div>\n\t<div class=\"fg-gutter-width\"><\/div>\n\t\t<div class=\"fg-item fg-type-image fg-idle\"><figure class=\"fg-item-inner\"><a href=\"https:\/\/www.chateauplagne.com\/cp246\/wp-content\/uploads\/2024\/07\/region235.png\" data-attachment-id=\"3230\" data-type=\"image\" class=\"fg-thumb\"><span class=\"fg-image-wrap\"><img decoding=\"async\" width=\"250\" height=\"149\" class=\"skip-lazy fg-image\" data-src-fg=\"https:\/\/www.chateauplagne.com\/cp246\/wp-content\/uploads\/cache\/2024\/07\/region235\/3115581393.png\" src=\"data:image\/svg+xml,%3Csvg%20xmlns%3D%22http%3A%2F%2Fwww.w3.org%2F2000%2Fsvg%22%20width%3D%22250%22%20height%3D%22149%22%20viewBox%3D%220%200%20250%20149%22%3E%3C%2Fsvg%3E\" loading=\"eager\"><\/span><span class=\"fg-image-overlay\"><\/span><\/a><\/figure><div class=\"fg-loader\"><\/div><\/div><div class=\"fg-item fg-type-image fg-idle\"><figure class=\"fg-item-inner\"><a href=\"https:\/\/www.chateauplagne.com\/cp246\/wp-content\/uploads\/2024\/07\/Hautefort-1.png\" data-attachment-id=\"1380\" data-type=\"image\" class=\"fg-thumb\"><span class=\"fg-image-wrap\"><img fetchpriority=\"high\" decoding=\"async\" width=\"250\" height=\"250\" class=\"skip-lazy fg-image\" data-src-fg=\"https:\/\/www.chateauplagne.com\/cp246\/wp-content\/uploads\/cache\/2024\/07\/Hautefort-1\/1445867109.png\" src=\"data:image\/svg+xml,%3Csvg%20xmlns%3D%22http%3A%2F%2Fwww.w3.org%2F2000%2Fsvg%22%20width%3D%22250%22%20height%3D%22250%22%20viewBox%3D%220%200%20250%20250%22%3E%3C%2Fsvg%3E\" loading=\"eager\"><\/span><span class=\"fg-image-overlay\"><\/span><\/a><\/figure><div class=\"fg-loader\"><\/div><\/div><div class=\"fg-item fg-type-image fg-idle\"><figure class=\"fg-item-inner\"><a href=\"https:\/\/www.chateauplagne.com\/cp246\/wp-content\/uploads\/2024\/07\/Dordognetal-areal.png\" data-attachment-id=\"1368\" data-type=\"image\" class=\"fg-thumb\"><span class=\"fg-image-wrap\"><img decoding=\"async\" width=\"250\" height=\"340\" class=\"skip-lazy fg-image\" data-src-fg=\"https:\/\/www.chateauplagne.com\/cp246\/wp-content\/uploads\/cache\/2024\/07\/Dordognetal-areal\/3002807084.png\" src=\"data:image\/svg+xml,%3Csvg%20xmlns%3D%22http%3A%2F%2Fwww.w3.org%2F2000%2Fsvg%22%20width%3D%22250%22%20height%3D%22340%22%20viewBox%3D%220%200%20250%20340%22%3E%3C%2Fsvg%3E\" loading=\"eager\"><\/span><span class=\"fg-image-overlay\"><\/span><\/a><\/figure><div class=\"fg-loader\"><\/div><\/div><div class=\"fg-item fg-type-image fg-idle\"><figure class=\"fg-item-inner\"><a href=\"https:\/\/www.chateauplagne.com\/cp246\/wp-content\/uploads\/2024\/07\/Dordognetal-1.png\" data-attachment-id=\"1374\" data-type=\"image\" class=\"fg-thumb\"><span class=\"fg-image-wrap\"><img decoding=\"async\" width=\"250\" height=\"134\" class=\"skip-lazy fg-image\" data-src-fg=\"https:\/\/www.chateauplagne.com\/cp246\/wp-content\/uploads\/cache\/2024\/07\/Dordognetal-1\/3482422065.png\" src=\"data:image\/svg+xml,%3Csvg%20xmlns%3D%22http%3A%2F%2Fwww.w3.org%2F2000%2Fsvg%22%20width%3D%22250%22%20height%3D%22134%22%20viewBox%3D%220%200%20250%20134%22%3E%3C%2Fsvg%3E\" loading=\"eager\"><\/span><span class=\"fg-image-overlay\"><\/span><\/a><\/figure><div class=\"fg-loader\"><\/div><\/div><div class=\"fg-item fg-type-image fg-idle\"><figure class=\"fg-item-inner\"><a href=\"https:\/\/www.chateauplagne.com\/cp246\/wp-content\/uploads\/2024\/07\/Marqueyssac.png\" data-attachment-id=\"1308\" data-type=\"image\" class=\"fg-thumb\"><span class=\"fg-image-wrap\"><img decoding=\"async\" width=\"250\" height=\"303\" class=\"skip-lazy fg-image\" data-src-fg=\"https:\/\/www.chateauplagne.com\/cp246\/wp-content\/uploads\/cache\/2024\/07\/Marqueyssac\/3557768369.png\" src=\"data:image\/svg+xml,%3Csvg%20xmlns%3D%22http%3A%2F%2Fwww.w3.org%2F2000%2Fsvg%22%20width%3D%22250%22%20height%3D%22303%22%20viewBox%3D%220%200%20250%20303%22%3E%3C%2Fsvg%3E\" loading=\"eager\"><\/span><span class=\"fg-image-overlay\"><\/span><\/a><\/figure><div class=\"fg-loader\"><\/div><\/div><div class=\"fg-item fg-type-image fg-idle\"><figure class=\"fg-item-inner\"><a href=\"https:\/\/www.chateauplagne.com\/cp246\/wp-content\/uploads\/2024\/07\/Collonges-La-Rouge-Kirche.png\" data-attachment-id=\"1284\" data-type=\"image\" class=\"fg-thumb\"><span class=\"fg-image-wrap\"><img decoding=\"async\" width=\"250\" height=\"312\" class=\"skip-lazy fg-image\" data-src-fg=\"https:\/\/www.chateauplagne.com\/cp246\/wp-content\/uploads\/cache\/2024\/07\/Collonges-La-Rouge-Kirche\/4007969957.png\" src=\"data:image\/svg+xml,%3Csvg%20xmlns%3D%22http%3A%2F%2Fwww.w3.org%2F2000%2Fsvg%22%20width%3D%22250%22%20height%3D%22312%22%20viewBox%3D%220%200%20250%20312%22%3E%3C%2Fsvg%3E\" loading=\"eager\"><\/span><span class=\"fg-image-overlay\"><\/span><\/a><\/figure><div class=\"fg-loader\"><\/div><\/div><div class=\"fg-item fg-type-image fg-idle\"><figure class=\"fg-item-inner\"><a href=\"https:\/\/www.chateauplagne.com\/cp246\/wp-content\/uploads\/2024\/07\/Turenne-Hof.png\" data-attachment-id=\"1332\" data-type=\"image\" class=\"fg-thumb\"><span class=\"fg-image-wrap\"><img decoding=\"async\" width=\"250\" height=\"308\" class=\"skip-lazy fg-image\" data-src-fg=\"https:\/\/www.chateauplagne.com\/cp246\/wp-content\/uploads\/cache\/2024\/07\/Turenne-Hof\/444072780.png\" src=\"data:image\/svg+xml,%3Csvg%20xmlns%3D%22http%3A%2F%2Fwww.w3.org%2F2000%2Fsvg%22%20width%3D%22250%22%20height%3D%22308%22%20viewBox%3D%220%200%20250%20308%22%3E%3C%2Fsvg%3E\" loading=\"eager\"><\/span><span class=\"fg-image-overlay\"><\/span><\/a><\/figure><div class=\"fg-loader\"><\/div><\/div><div class=\"fg-item fg-type-image fg-idle\"><figure class=\"fg-item-inner\"><a href=\"https:\/\/www.chateauplagne.com\/cp246\/wp-content\/uploads\/2024\/07\/Gouffre-de-Padirac.png\" data-attachment-id=\"1302\" data-type=\"image\" class=\"fg-thumb\"><span class=\"fg-image-wrap\"><img decoding=\"async\" width=\"250\" height=\"375\" class=\"skip-lazy fg-image\" data-src-fg=\"https:\/\/www.chateauplagne.com\/cp246\/wp-content\/uploads\/cache\/2024\/07\/Gouffre-de-Padirac\/2028546194.png\" src=\"data:image\/svg+xml,%3Csvg%20xmlns%3D%22http%3A%2F%2Fwww.w3.org%2F2000%2Fsvg%22%20width%3D%22250%22%20height%3D%22375%22%20viewBox%3D%220%200%20250%20375%22%3E%3C%2Fsvg%3E\" loading=\"eager\"><\/span><span class=\"fg-image-overlay\"><\/span><\/a><\/figure><div class=\"fg-loader\"><\/div><\/div><div class=\"fg-item fg-type-image fg-idle\"><figure class=\"fg-item-inner\"><a href=\"https:\/\/www.chateauplagne.com\/cp246\/wp-content\/uploads\/2024\/07\/region234.png\" data-attachment-id=\"3236\" data-type=\"image\" class=\"fg-thumb\"><span class=\"fg-image-wrap\"><img decoding=\"async\" width=\"250\" height=\"250\" class=\"skip-lazy fg-image\" data-src-fg=\"https:\/\/www.chateauplagne.com\/cp246\/wp-content\/uploads\/cache\/2024\/07\/region234\/522227325.png\" src=\"data:image\/svg+xml,%3Csvg%20xmlns%3D%22http%3A%2F%2Fwww.w3.org%2F2000%2Fsvg%22%20width%3D%22250%22%20height%3D%22250%22%20viewBox%3D%220%200%20250%20250%22%3E%3C%2Fsvg%3E\" loading=\"eager\"><\/span><span class=\"fg-image-overlay\"><\/span><\/a><\/figure><div class=\"fg-loader\"><\/div><\/div><\/div><nav id=\"foogallery-gallery-1230_paging-bottom\" class=\"fg-paging-container fg-ph-dots\"><\/nav><script type=\"text\/javascript\">  window[\"foogallery-gallery-1230_items\"] = [{\"href\":\"https:\/\/www.chateauplagne.com\/cp246\/wp-content\/uploads\/2024\/07\/Cahors-Bruecke.png\",\"type\":\"image\",\"src\":\"https:\/\/www.chateauplagne.com\/cp246\/wp-content\/uploads\/cache\/2024\/07\/Cahors-Bruecke\/1672086999.png\",\"width\":250,\"height\":375,\"alt\":\"\",\"id\":1341,\"attr\":{\"anchor\":{\"data-attachment-id\":1341,\"class\":\"fg-thumb\"}}}, {\"href\":\"https:\/\/www.chateauplagne.com\/cp246\/wp-content\/uploads\/2024\/07\/Dordogne-Milchstrasse.png\",\"type\":\"image\",\"src\":\"https:\/\/www.chateauplagne.com\/cp246\/wp-content\/uploads\/cache\/2024\/07\/Dordogne-Milchstrasse\/925548285.png\",\"width\":250,\"height\":353,\"alt\":\"\",\"id\":1365,\"attr\":{\"anchor\":{\"data-attachment-id\":1365,\"class\":\"fg-thumb\"}}}, {\"href\":\"https:\/\/www.chateauplagne.com\/cp246\/wp-content\/uploads\/2024\/07\/Carennac-1.png\",\"type\":\"image\",\"src\":\"https:\/\/www.chateauplagne.com\/cp246\/wp-content\/uploads\/cache\/2024\/07\/Carennac-1\/173215225.png\",\"width\":250,\"height\":250,\"alt\":\"\",\"id\":1353,\"attr\":{\"anchor\":{\"data-attachment-id\":1353,\"class\":\"fg-thumb\"}}}, {\"href\":\"https:\/\/www.chateauplagne.com\/cp246\/wp-content\/uploads\/2024\/07\/Lascaux-1.png\",\"type\":\"image\",\"src\":\"https:\/\/www.chateauplagne.com\/cp246\/wp-content\/uploads\/cache\/2024\/07\/Lascaux-1\/1961078166.png\",\"width\":250,\"height\":250,\"alt\":\"\",\"id\":1389,\"attr\":{\"anchor\":{\"data-attachment-id\":1389,\"class\":\"fg-thumb\"}}}, {\"href\":\"https:\/\/www.chateauplagne.com\/cp246\/wp-content\/uploads\/2024\/07\/Collonges-La-Rouge-Strasse2.png\",\"type\":\"image\",\"src\":\"https:\/\/www.chateauplagne.com\/cp246\/wp-content\/uploads\/cache\/2024\/07\/Collonges-La-Rouge-Strasse2\/2033264330.png\",\"width\":250,\"height\":373,\"alt\":\"\",\"id\":1293,\"attr\":{\"anchor\":{\"data-attachment-id\":1293,\"class\":\"fg-thumb\"}}}, {\"href\":\"https:\/\/www.chateauplagne.com\/cp246\/wp-content\/uploads\/2024\/07\/region236.png\",\"type\":\"image\",\"src\":\"https:\/\/www.chateauplagne.com\/cp246\/wp-content\/uploads\/cache\/2024\/07\/region236\/35668139.png\",\"width\":250,\"height\":166,\"alt\":\"\",\"id\":3233,\"attr\":{\"anchor\":{\"data-attachment-id\":3233,\"class\":\"fg-thumb\"}}}, {\"href\":\"https:\/\/www.chateauplagne.com\/cp246\/wp-content\/uploads\/2024\/07\/Lascaux-2.png\",\"type\":\"image\",\"src\":\"https:\/\/www.chateauplagne.com\/cp246\/wp-content\/uploads\/cache\/2024\/07\/Lascaux-2\/2573091235.png\",\"width\":250,\"height\":250,\"alt\":\"\",\"id\":1392,\"attr\":{\"anchor\":{\"data-attachment-id\":1392,\"class\":\"fg-thumb\"}}}  ];<\/script><\/div>\n","protected":false},"excerpt":{"rendered":"<p>Die G\u00e4stezimmerim Ch\u00e2teau Plagne Im Haupthaus bieten wir unseren G\u00e4sten zwei G\u00e4stezimmer an. Hier k\u00f6nnen Sie sich so individuell untergebracht f\u00fchlen wie bei Freunden. G\u00e4stezimmerno. 1 G\u00e4stezimmerno. 2 Die Zimmer Im Haupthaus bieten wir unseren G\u00e4sten zwei G\u00e4stezimmer an. Hier k\u00f6nnen Sie sich so individuell untergebracht f\u00fchlen wie bei Freunden. Die geschmackvoll und individuell eingerichteten [&hellip;]<\/p>\n","protected":false},"author":1,"featured_media":0,"parent":0,"menu_order":0,"comment_status":"closed","ping_status":"closed","template":"page-no-title","meta":{"footnotes":""},"class_list":["post-1403","page","type-page","status-publish","hentry"],"_links":{"self":[{"href":"https:\/\/www.chateauplagne.com\/cp246\/wp-json\/wp\/v2\/pages\/1403","targetHints":{"allow":["GET"]}}],"collection":[{"href":"https:\/\/www.chateauplagne.com\/cp246\/wp-json\/wp\/v2\/pages"}],"about":[{"href":"https:\/\/www.chateauplagne.com\/cp246\/wp-json\/wp\/v2\/types\/page"}],"author":[{"embeddable":true,"href":"https:\/\/www.chateauplagne.com\/cp246\/wp-json\/wp\/v2\/users\/1"}],"replies":[{"embeddable":true,"href":"https:\/\/www.chateauplagne.com\/cp246\/wp-json\/wp\/v2\/comments?post=1403"}],"version-history":[{"count":6,"href":"https:\/\/www.chateauplagne.com\/cp246\/wp-json\/wp\/v2\/pages\/1403\/revisions"}],"predecessor-version":[{"id":1644,"href":"https:\/\/www.chateauplagne.com\/cp246\/wp-json\/wp\/v2\/pages\/1403\/revisions\/1644"}],"wp:attachment":[{"href":"https:\/\/www.chateauplagne.com\/cp246\/wp-json\/wp\/v2\/media?parent=1403"}],"curies":[{"name":"wp","href":"https:\/\/api.w.org\/{rel}","templated":true}]}}