{"id":1406,"date":"2024-07-24T14:20:14","date_gmt":"2024-07-24T12:20:14","guid":{"rendered":"https:\/\/www.mwgutu.com\/cp246\/?page_id=1406"},"modified":"2025-02-19T12:57:00","modified_gmt":"2025-02-19T11:57:00","slug":"ferienhauser","status":"publish","type":"page","link":"https:\/\/www.chateauplagne.com\/cp246\/ferienhauser\/","title":{"rendered":"Die Ferienh\u00e4user"},"content":{"rendered":"\n<div class=\"wp-block-columns alignfull is-layout-flex wp-container-core-columns-is-layout-28f84493 wp-block-columns-is-layout-flex\">\n<div class=\"wp-block-column is-layout-flow wp-block-column-is-layout-flow\" style=\"flex-basis:100%\">\n<div class=\"wp-block-group own-hero-subs-group has-global-padding is-layout-constrained wp-container-core-group-is-layout-72d38984 wp-block-group-is-layout-constrained\" style=\"min-height:0px;margin-top:0;margin-bottom:0;padding-top:0;padding-right:0;padding-bottom:0;padding-left:0\">\n<figure class=\"wp-block-image alignwide size-full has-custom-border own-image-sharp\"><img decoding=\"async\" src=\"https:\/\/www.chateauplagne.com\/cp246\/wp-content\/uploads\/2024\/06\/temp_ferienh_headerA.jpg\" alt=\"\" class=\"wp-image-147\" style=\"border-radius:0px\"\/><\/figure>\n\n\n\n<figure class=\"wp-block-image alignfull size-full has-custom-border own-image-blur\"><img decoding=\"async\" src=\"https:\/\/www.chateauplagne.com\/cp246\/wp-content\/uploads\/2024\/06\/temp_ferienh_headerA.jpg\" alt=\"\" class=\"wp-image-147\" style=\"border-radius:0px\"\/><\/figure>\n<\/div>\n<\/div>\n<\/div>\n\n\n\n<div class=\"wp-block-group alignfull own-redline has-accent-background-color has-background is-layout-flow wp-block-group-is-layout-flow\" style=\"margin-top:0;margin-bottom:0;padding-top:var(--wp--preset--spacing--30);padding-bottom:var(--wp--preset--spacing--30)\"><\/div>\n\n\n\n<figure class=\"wp-block-image aligncenter size-full has-custom-border own-icon-hero-subs\"><img decoding=\"async\" src=\"https:\/\/www.chateauplagne.com\/cp246\/wp-content\/uploads\/2024\/07\/icon-ferienhaus-1.svg\" alt=\"\" class=\"wp-image-722\" style=\"border-style:none;border-width:0px;border-radius:0px;object-fit:cover\"\/><\/figure>\n\n\n\n<div class=\"wp-block-group has-global-padding is-layout-constrained wp-container-core-group-is-layout-650790e1 wp-block-group-is-layout-constrained\">\n<h1 class=\"wp-block-heading has-text-align-center has-x-large-font-size\">Die Ferienh\u00e4user<br>im Ch\u00e2teau Plagne<\/h1>\n\n\n\n<div style=\"height:1.25rem\" aria-hidden=\"true\" class=\"wp-block-spacer\"><\/div>\n\n\n\n<p class=\"has-text-align-center own-hero-subs-links\">Es stehen Ihnen insgesamt <strong>f\u00fcnf<\/strong> Ferienh\u00e4user zur Auswahl:<\/p>\n\n\n\n<div style=\"height:1.25rem\" aria-hidden=\"true\" class=\"wp-block-spacer\"><\/div>\n\n\n\n<div style=\"height:1.25rem\" aria-hidden=\"true\" class=\"wp-block-spacer\"><\/div>\n<\/div>\n\n\n\n<div class=\"wp-block-group alignfull has-global-padding is-layout-constrained wp-container-core-group-is-layout-d89aad35 wp-block-group-is-layout-constrained\" style=\"margin-top:0;margin-bottom:0;padding-top:var(--wp--preset--spacing--50);padding-right:var(--wp--preset--spacing--50);padding-bottom:var(--wp--preset--spacing--50);padding-left:var(--wp--preset--spacing--50)\">\n<div class=\"wp-block-columns own-switch-direction-on-mobile is-layout-flex wp-container-core-columns-is-layout-28f84493 wp-block-columns-is-layout-flex\">\n<div class=\"wp-block-column own-contentblock-betterpadding is-layout-flow wp-block-column-is-layout-flow\" style=\"padding-right:var(--wp--preset--spacing--40);flex-basis:34%\">\n<div class=\"wp-block-group own-illu-facts-group has-global-padding is-layout-constrained wp-block-group-is-layout-constrained\">\n<figure class=\"wp-block-image size-full is-resized own-introillu\"><img decoding=\"async\" src=\"https:\/\/www.chateauplagne.com\/cp246\/wp-content\/uploads\/2024\/06\/temp_fhaus.png\" alt=\"\" class=\"wp-image-209\" style=\"width:150px\"\/><\/figure>\n\n\n\n<div class=\"wp-block-group has-global-padding is-layout-constrained wp-block-group-is-layout-constrained\">\n<h3 class=\"wp-block-heading\">Das Ferienhaus <br>\u00abMaison Bonneval\u00bb<\/h3>\n\n\n\n<p><strong>Schnelle Fakten:<\/strong><\/p>\n\n\n\n<ul class=\"wp-block-list\">\n<li>f\u00fcr bis zu X Personen<\/li>\n\n\n\n<li>f\u00fcr Kinder geeignet<\/li>\n\n\n\n<li>X Schlafzimmer<\/li>\n\n\n\n<li>eigener Pool<\/li>\n\n\n\n<li>mit Hubschrauberlandeplatz<\/li>\n<\/ul>\n<\/div>\n<\/div>\n\n\n\n<div class=\"wp-block-buttons is-layout-flex wp-block-buttons-is-layout-flex\">\n<div class=\"wp-block-button\"><a class=\"wp-block-button__link wp-element-button\" href=\"https:\/\/www.chateauplagne.com\/cp246\/maison-bonneval\/\" target=\"_blank\" rel=\"noreferrer noopener\">ZUM FERIENHAUS &gt;<\/a><\/div>\n<\/div>\n<\/div>\n\n\n\n<div class=\"wp-block-column is-vertically-aligned-top is-layout-flow wp-block-column-is-layout-flow\" style=\"flex-basis:66%\">\n<figure class=\"wp-block-image aligncenter size-full has-custom-border\"><a href=\"https:\/\/www.chateauplagne.com\/cp246\/maison-bonneval\/\"><img loading=\"lazy\" decoding=\"async\" width=\"780\" height=\"701\" src=\"https:\/\/www.chateauplagne.com\/cp246\/wp-content\/uploads\/2024\/07\/preview-ferienhauser-bonneval.png\" alt=\"\" class=\"wp-image-1612\" style=\"border-radius:20px\" srcset=\"https:\/\/www.chateauplagne.com\/cp246\/wp-content\/uploads\/2024\/07\/preview-ferienhauser-bonneval.png 780w, https:\/\/www.chateauplagne.com\/cp246\/wp-content\/uploads\/2024\/07\/preview-ferienhauser-bonneval-300x270.png 300w, https:\/\/www.chateauplagne.com\/cp246\/wp-content\/uploads\/2024\/07\/preview-ferienhauser-bonneval-768x690.png 768w\" sizes=\"auto, (max-width: 780px) 100vw, 780px\" \/><\/a><\/figure>\n<\/div>\n<\/div>\n\n\n\n<hr class=\"wp-block-separator alignwide has-text-color has-accent-color has-alpha-channel-opacity has-accent-background-color has-background is-style-default\" style=\"margin-top:var(--wp--preset--spacing--50);margin-bottom:var(--wp--preset--spacing--50)\"\/>\n\n\n\n<div class=\"wp-block-columns is-layout-flex wp-container-core-columns-is-layout-28f84493 wp-block-columns-is-layout-flex\">\n<div class=\"wp-block-column is-vertically-aligned-top own-contentblock-betterpadding is-layout-flow wp-block-column-is-layout-flow\" style=\"padding-right:var(--wp--preset--spacing--40);flex-basis:66%\">\n<figure class=\"wp-block-image aligncenter size-full has-custom-border\"><a href=\"https:\/\/www.chateauplagne.com\/cp246\/taubenturm-le-trois-chenes\/\"><img loading=\"lazy\" decoding=\"async\" width=\"780\" height=\"701\" src=\"https:\/\/www.chateauplagne.com\/cp246\/wp-content\/uploads\/2024\/07\/preview-ferienhauser-chenes.png\" alt=\"\" class=\"wp-image-1615\" style=\"border-radius:20px\" srcset=\"https:\/\/www.chateauplagne.com\/cp246\/wp-content\/uploads\/2024\/07\/preview-ferienhauser-chenes.png 780w, https:\/\/www.chateauplagne.com\/cp246\/wp-content\/uploads\/2024\/07\/preview-ferienhauser-chenes-300x270.png 300w, https:\/\/www.chateauplagne.com\/cp246\/wp-content\/uploads\/2024\/07\/preview-ferienhauser-chenes-768x690.png 768w\" sizes=\"auto, (max-width: 780px) 100vw, 780px\" \/><\/a><\/figure>\n<\/div>\n\n\n\n<div class=\"wp-block-column is-layout-flow wp-block-column-is-layout-flow\" style=\"padding-right:var(--wp--preset--spacing--40);flex-basis:34%\">\n<div class=\"wp-block-group own-illu-facts-group has-global-padding is-layout-constrained wp-block-group-is-layout-constrained\">\n<figure class=\"wp-block-image size-full is-resized\"><img decoding=\"async\" src=\"https:\/\/www.chateauplagne.com\/cp246\/wp-content\/uploads\/2024\/06\/temp_fhaus.png\" alt=\"\" class=\"wp-image-209\" style=\"width:150px\"\/><\/figure>\n\n\n\n<div class=\"wp-block-group has-global-padding is-layout-constrained wp-block-group-is-layout-constrained\">\n<h3 class=\"wp-block-heading\">Der Taubenturm <br>\u00abLes Trois Che\u0302nes\u00bb<\/h3>\n\n\n\n<p><strong>Schnelle Fakten:<\/strong><\/p>\n\n\n\n<ul class=\"wp-block-list\">\n<li>f\u00fcr bis zu X Personen<\/li>\n\n\n\n<li>f\u00fcr Kinder geeignet<\/li>\n\n\n\n<li>X Schlafzimmer<\/li>\n\n\n\n<li>eigener Pool<\/li>\n\n\n\n<li>mit Hubschrauberlandeplatz<\/li>\n<\/ul>\n<\/div>\n<\/div>\n\n\n\n<div class=\"wp-block-buttons is-layout-flex wp-block-buttons-is-layout-flex\">\n<div class=\"wp-block-button\"><a class=\"wp-block-button__link wp-element-button\" href=\"https:\/\/www.chateauplagne.com\/cp246\/taubenturm-le-trois-chenes\/\" target=\"_blank\" rel=\"noreferrer noopener\">ZUM FERIENHAUS &gt;<\/a><\/div>\n<\/div>\n<\/div>\n<\/div>\n\n\n\n<hr class=\"wp-block-separator alignwide has-text-color has-accent-color has-alpha-channel-opacity has-accent-background-color has-background is-style-default\" style=\"margin-top:var(--wp--preset--spacing--50);margin-bottom:var(--wp--preset--spacing--50)\"\/>\n\n\n\n<div class=\"wp-block-columns own-switch-direction-on-mobile is-layout-flex wp-container-core-columns-is-layout-28f84493 wp-block-columns-is-layout-flex\">\n<div class=\"wp-block-column own-contentblock-betterpadding is-layout-flow wp-block-column-is-layout-flow\" style=\"padding-right:var(--wp--preset--spacing--40);flex-basis:34%\">\n<div class=\"wp-block-group own-illu-facts-group has-global-padding is-layout-constrained wp-block-group-is-layout-constrained\">\n<figure class=\"wp-block-image size-full is-resized\"><img decoding=\"async\" src=\"https:\/\/www.chateauplagne.com\/cp246\/wp-content\/uploads\/2024\/06\/temp_fhaus.png\" alt=\"\" class=\"wp-image-209\" style=\"width:150px\"\/><\/figure>\n\n\n\n<div class=\"wp-block-group has-global-padding is-layout-constrained wp-block-group-is-layout-constrained\">\n<h3 class=\"wp-block-heading\">Der Taubenturm <br>\u00abLe Truffier\u00bb<\/h3>\n\n\n\n<p><strong>Schnelle Fakten:<\/strong><\/p>\n\n\n\n<ul class=\"wp-block-list\">\n<li>f\u00fcr bis zu X Personen<\/li>\n\n\n\n<li>f\u00fcr Kinder geeignet<\/li>\n\n\n\n<li>X Schlafzimmer<\/li>\n\n\n\n<li>eigener Pool<\/li>\n\n\n\n<li>mit Hubschrauberlandeplatz<\/li>\n<\/ul>\n<\/div>\n<\/div>\n\n\n\n<div class=\"wp-block-buttons is-layout-flex wp-block-buttons-is-layout-flex\">\n<div class=\"wp-block-button\"><a class=\"wp-block-button__link wp-element-button\" href=\"https:\/\/www.chateauplagne.com\/cp246\/taubenturm-le-truffier\/\" target=\"_blank\" rel=\"noreferrer noopener\">ZUM FERIENHAUS &gt;<\/a><\/div>\n<\/div>\n<\/div>\n\n\n\n<div class=\"wp-block-column is-vertically-aligned-top is-layout-flow wp-block-column-is-layout-flow\" style=\"flex-basis:66%\">\n<figure class=\"wp-block-image aligncenter size-full has-custom-border\"><a href=\"https:\/\/www.chateauplagne.com\/cp246\/taubenturm-le-truffier\/\"><img loading=\"lazy\" decoding=\"async\" width=\"780\" height=\"700\" src=\"https:\/\/www.chateauplagne.com\/cp246\/wp-content\/uploads\/2024\/07\/preview-ferienhauser-truffier.png\" alt=\"\" class=\"wp-image-1618\" style=\"border-radius:20px\" srcset=\"https:\/\/www.chateauplagne.com\/cp246\/wp-content\/uploads\/2024\/07\/preview-ferienhauser-truffier.png 780w, https:\/\/www.chateauplagne.com\/cp246\/wp-content\/uploads\/2024\/07\/preview-ferienhauser-truffier-300x269.png 300w, https:\/\/www.chateauplagne.com\/cp246\/wp-content\/uploads\/2024\/07\/preview-ferienhauser-truffier-768x689.png 768w\" sizes=\"auto, (max-width: 780px) 100vw, 780px\" \/><\/a><\/figure>\n<\/div>\n<\/div>\n\n\n\n<hr class=\"wp-block-separator alignwide has-text-color has-accent-color has-alpha-channel-opacity has-accent-background-color has-background is-style-default\" style=\"margin-top:var(--wp--preset--spacing--50);margin-bottom:var(--wp--preset--spacing--50)\"\/>\n\n\n\n<div class=\"wp-block-columns is-layout-flex wp-container-core-columns-is-layout-28f84493 wp-block-columns-is-layout-flex\">\n<div class=\"wp-block-column is-vertically-aligned-top own-contentblock-betterpadding is-layout-flow wp-block-column-is-layout-flow\" style=\"padding-right:var(--wp--preset--spacing--40);flex-basis:66%\">\n<figure class=\"wp-block-image aligncenter size-full has-custom-border\"><a href=\"https:\/\/www.chateauplagne.com\/cp246\/maison-rose\/\"><img loading=\"lazy\" decoding=\"async\" width=\"780\" height=\"700\" src=\"https:\/\/www.chateauplagne.com\/cp246\/wp-content\/uploads\/2024\/07\/preview-ferienhauser-rose.png\" alt=\"\" class=\"wp-image-1622\" style=\"border-radius:20px\" srcset=\"https:\/\/www.chateauplagne.com\/cp246\/wp-content\/uploads\/2024\/07\/preview-ferienhauser-rose.png 780w, https:\/\/www.chateauplagne.com\/cp246\/wp-content\/uploads\/2024\/07\/preview-ferienhauser-rose-300x269.png 300w, https:\/\/www.chateauplagne.com\/cp246\/wp-content\/uploads\/2024\/07\/preview-ferienhauser-rose-768x689.png 768w\" sizes=\"auto, (max-width: 780px) 100vw, 780px\" \/><\/a><\/figure>\n<\/div>\n\n\n\n<div class=\"wp-block-column is-layout-flow wp-block-column-is-layout-flow\" style=\"padding-right:var(--wp--preset--spacing--40);flex-basis:34%\">\n<div class=\"wp-block-group own-illu-facts-group has-global-padding is-layout-constrained wp-block-group-is-layout-constrained\">\n<figure class=\"wp-block-image size-full is-resized\"><img decoding=\"async\" src=\"https:\/\/www.chateauplagne.com\/cp246\/wp-content\/uploads\/2024\/06\/temp_fhaus.png\" alt=\"\" class=\"wp-image-209\" style=\"width:150px\"\/><\/figure>\n\n\n\n<div class=\"wp-block-group has-global-padding is-layout-constrained wp-block-group-is-layout-constrained\">\n<h3 class=\"wp-block-heading\">Das Ferienhaus <br>\u00abMaison Rose\u00bb<\/h3>\n\n\n\n<p><strong>Schnelle Fakten:<\/strong><\/p>\n\n\n\n<ul class=\"wp-block-list\">\n<li>f\u00fcr bis zu X Personen<\/li>\n\n\n\n<li>f\u00fcr Kinder geeignet<\/li>\n\n\n\n<li>X Schlafzimmer<\/li>\n\n\n\n<li>eigener Pool<\/li>\n\n\n\n<li>mit Hubschrauberlandeplatz<\/li>\n<\/ul>\n<\/div>\n<\/div>\n\n\n\n<div class=\"wp-block-buttons is-layout-flex wp-block-buttons-is-layout-flex\">\n<div class=\"wp-block-button\"><a class=\"wp-block-button__link wp-element-button\" href=\"https:\/\/www.chateauplagne.com\/cp246\/maison-rose\/\" target=\"_blank\" rel=\"noreferrer noopener\">ZUM FERIENHAUS &gt;<\/a><\/div>\n<\/div>\n<\/div>\n<\/div>\n\n\n\n<hr class=\"wp-block-separator alignwide has-text-color has-accent-color has-alpha-channel-opacity has-accent-background-color has-background is-style-default\" style=\"margin-top:var(--wp--preset--spacing--50);margin-bottom:var(--wp--preset--spacing--50)\"\/>\n\n\n\n<div class=\"wp-block-columns own-switch-direction-on-mobile is-layout-flex wp-container-core-columns-is-layout-28f84493 wp-block-columns-is-layout-flex\">\n<div class=\"wp-block-column own-contentblock-betterpadding is-layout-flow wp-block-column-is-layout-flow\" style=\"padding-right:var(--wp--preset--spacing--40);flex-basis:34%\">\n<div class=\"wp-block-group own-illu-facts-group has-global-padding is-layout-constrained wp-block-group-is-layout-constrained\">\n<figure class=\"wp-block-image size-full is-resized\"><img decoding=\"async\" src=\"https:\/\/www.chateauplagne.com\/cp246\/wp-content\/uploads\/2024\/06\/temp_fhaus.png\" alt=\"\" class=\"wp-image-209\" style=\"width:150px\"\/><\/figure>\n\n\n\n<div class=\"wp-block-group has-global-padding is-layout-constrained wp-block-group-is-layout-constrained\">\n<h3 class=\"wp-block-heading\">Das Ferienhaus <br>\u00abMaison Soleil\u00bb<\/h3>\n\n\n\n<p><strong>Schnelle Fakten:<\/strong><\/p>\n\n\n\n<ul class=\"wp-block-list\">\n<li>f\u00fcr bis zu X Personen<\/li>\n\n\n\n<li>f\u00fcr Kinder geeignet<\/li>\n\n\n\n<li>X Schlafzimmer<\/li>\n\n\n\n<li>eigener Pool<\/li>\n\n\n\n<li>mit Hubschrauberlandeplatz<\/li>\n<\/ul>\n<\/div>\n<\/div>\n\n\n\n<div class=\"wp-block-buttons is-layout-flex wp-block-buttons-is-layout-flex\">\n<div class=\"wp-block-button\"><a class=\"wp-block-button__link wp-element-button\" href=\"https:\/\/www.chateauplagne.com\/cp246\/maison-soleil\/\" target=\"_blank\" rel=\"noreferrer noopener\">ZUM FERIENHAUS &gt;<\/a><\/div>\n<\/div>\n<\/div>\n\n\n\n<div class=\"wp-block-column is-vertically-aligned-top is-layout-flow wp-block-column-is-layout-flow\" style=\"flex-basis:66%\">\n<figure class=\"wp-block-image aligncenter size-full has-custom-border\"><a href=\"https:\/\/www.chateauplagne.com\/cp246\/maison-soleil\/\"><img loading=\"lazy\" decoding=\"async\" width=\"780\" height=\"700\" src=\"https:\/\/www.chateauplagne.com\/cp246\/wp-content\/uploads\/2024\/07\/preview-ferienhauser-soleil.png\" alt=\"\" class=\"wp-image-1625\" style=\"border-radius:20px\" srcset=\"https:\/\/www.chateauplagne.com\/cp246\/wp-content\/uploads\/2024\/07\/preview-ferienhauser-soleil.png 780w, https:\/\/www.chateauplagne.com\/cp246\/wp-content\/uploads\/2024\/07\/preview-ferienhauser-soleil-300x269.png 300w, https:\/\/www.chateauplagne.com\/cp246\/wp-content\/uploads\/2024\/07\/preview-ferienhauser-soleil-768x689.png 768w\" sizes=\"auto, (max-width: 780px) 100vw, 780px\" \/><\/a><\/figure>\n<\/div>\n<\/div>\n\n\n\n<div style=\"height:5px\" aria-hidden=\"true\" class=\"wp-block-spacer\"><\/div>\n<\/div>\n","protected":false},"excerpt":{"rendered":"<p>Die Ferienh\u00e4userim Ch\u00e2teau Plagne Es stehen Ihnen insgesamt f\u00fcnf Ferienh\u00e4user zur Auswahl: Das Ferienhaus \u00abMaison Bonneval\u00bb Schnelle Fakten: Der Taubenturm \u00abLes Trois Che\u0302nes\u00bb Schnelle Fakten: Der Taubenturm \u00abLe Truffier\u00bb Schnelle Fakten: Das Ferienhaus \u00abMaison Rose\u00bb Schnelle Fakten: Das Ferienhaus \u00abMaison Soleil\u00bb Schnelle Fakten:<\/p>\n","protected":false},"author":1,"featured_media":0,"parent":0,"menu_order":0,"comment_status":"closed","ping_status":"closed","template":"page-no-title","meta":{"footnotes":""},"class_list":["post-1406","page","type-page","status-publish","hentry"],"_links":{"self":[{"href":"https:\/\/www.chateauplagne.com\/cp246\/wp-json\/wp\/v2\/pages\/1406","targetHints":{"allow":["GET"]}}],"collection":[{"href":"https:\/\/www.chateauplagne.com\/cp246\/wp-json\/wp\/v2\/pages"}],"about":[{"href":"https:\/\/www.chateauplagne.com\/cp246\/wp-json\/wp\/v2\/types\/page"}],"author":[{"embeddable":true,"href":"https:\/\/www.chateauplagne.com\/cp246\/wp-json\/wp\/v2\/users\/1"}],"replies":[{"embeddable":true,"href":"https:\/\/www.chateauplagne.com\/cp246\/wp-json\/wp\/v2\/comments?post=1406"}],"version-history":[{"count":21,"href":"https:\/\/www.chateauplagne.com\/cp246\/wp-json\/wp\/v2\/pages\/1406\/revisions"}],"predecessor-version":[{"id":1630,"href":"https:\/\/www.chateauplagne.com\/cp246\/wp-json\/wp\/v2\/pages\/1406\/revisions\/1630"}],"wp:attachment":[{"href":"https:\/\/www.chateauplagne.com\/cp246\/wp-json\/wp\/v2\/media?parent=1406"}],"curies":[{"name":"wp","href":"https:\/\/api.w.org\/{rel}","templated":true}]}}