{"id":1534,"date":"2024-07-27T08:42:26","date_gmt":"2024-07-27T06:42:26","guid":{"rendered":"https:\/\/www.mwgutu.com\/cp246\/?page_id=1534"},"modified":"2025-02-12T12:34:11","modified_gmt":"2025-02-12T11:34:11","slug":"workshop-akustikgitarre-und-songbegleitung","status":"publish","type":"page","link":"https:\/\/www.chateauplagne.com\/cp246\/workshop-akustikgitarre-und-songbegleitung\/","title":{"rendered":"Workshop-Akustikgitarre und Songbegleitung"},"content":{"rendered":"\n<div class=\"wp-block-columns alignfull is-layout-flex wp-container-core-columns-is-layout-28f84493 wp-block-columns-is-layout-flex\">\n<div class=\"wp-block-column is-layout-flow wp-block-column-is-layout-flow\" style=\"flex-basis:100%\">\n<div class=\"wp-block-group own-hero-subs-group has-global-padding is-layout-constrained wp-block-group-is-layout-constrained\">\n<figure class=\"wp-block-image alignwide size-full has-custom-border own-image-sharp\"><img loading=\"lazy\" decoding=\"async\" width=\"1100\" height=\"619\" src=\"https:\/\/www.chateauplagne.com\/cp246\/wp-content\/uploads\/2024\/07\/Peter-Autschbach-workshop-1100x795-1-edited.png\" alt=\"\" class=\"wp-image-1542\" style=\"border-radius:0px\" srcset=\"https:\/\/www.chateauplagne.com\/cp246\/wp-content\/uploads\/2024\/07\/Peter-Autschbach-workshop-1100x795-1-edited.png 1100w, https:\/\/www.chateauplagne.com\/cp246\/wp-content\/uploads\/2024\/07\/Peter-Autschbach-workshop-1100x795-1-edited-300x169.png 300w, https:\/\/www.chateauplagne.com\/cp246\/wp-content\/uploads\/2024\/07\/Peter-Autschbach-workshop-1100x795-1-edited-1024x576.png 1024w, https:\/\/www.chateauplagne.com\/cp246\/wp-content\/uploads\/2024\/07\/Peter-Autschbach-workshop-1100x795-1-edited-768x432.png 768w\" sizes=\"auto, (max-width: 1100px) 100vw, 1100px\" \/><\/figure>\n\n\n\n<figure class=\"wp-block-image alignfull size-full has-custom-border own-image-blur\"><img loading=\"lazy\" decoding=\"async\" width=\"1100\" height=\"619\" src=\"https:\/\/www.chateauplagne.com\/cp246\/wp-content\/uploads\/2024\/07\/Peter-Autschbach-workshop-1100x795-1-edited.png\" alt=\"\" class=\"wp-image-1542\" style=\"border-radius:0px\" srcset=\"https:\/\/www.chateauplagne.com\/cp246\/wp-content\/uploads\/2024\/07\/Peter-Autschbach-workshop-1100x795-1-edited.png 1100w, https:\/\/www.chateauplagne.com\/cp246\/wp-content\/uploads\/2024\/07\/Peter-Autschbach-workshop-1100x795-1-edited-300x169.png 300w, https:\/\/www.chateauplagne.com\/cp246\/wp-content\/uploads\/2024\/07\/Peter-Autschbach-workshop-1100x795-1-edited-1024x576.png 1024w, https:\/\/www.chateauplagne.com\/cp246\/wp-content\/uploads\/2024\/07\/Peter-Autschbach-workshop-1100x795-1-edited-768x432.png 768w\" sizes=\"auto, (max-width: 1100px) 100vw, 1100px\" \/><\/figure>\n<\/div>\n<\/div>\n<\/div>\n\n\n\n<div class=\"wp-block-group alignfull own-redline has-accent-4-background-color has-background is-layout-flow wp-block-group-is-layout-flow\" style=\"margin-top:0;margin-bottom:0;padding-top:var(--wp--preset--spacing--30);padding-bottom:var(--wp--preset--spacing--30)\"><\/div>\n\n\n\n<div class=\"wp-block-group alignwide has-custom-new-bg-background-color has-background is-layout-flow wp-block-group-is-layout-flow\" style=\"margin-top:0;margin-bottom:0;padding-top:0;padding-right:0;padding-bottom:0;padding-left:0\">\n<div class=\"wp-block-group has-global-padding is-layout-constrained wp-container-core-group-is-layout-f750054b wp-block-group-is-layout-constrained\">\n<div style=\"height:1.25rem\" aria-hidden=\"true\" class=\"wp-block-spacer\"><\/div>\n\n\n\n<h1 class=\"wp-block-heading has-text-align-center has-x-large-font-size\">Workshop <\/h1>\n\n\n\n<h1 class=\"wp-block-heading has-text-align-center has-x-large-font-size\">Akustikgitarre und Songbegleitung<\/h1>\n\n\n\n<h4 class=\"wp-block-heading has-text-align-center\">mit Peter Autschbach<\/h4>\n\n\n\n<div style=\"height:1.25rem\" aria-hidden=\"true\" class=\"wp-block-spacer\"><\/div>\n\n\n\n<p class=\"has-text-align-center\"><strong>16. bis 23. August 2025<\/strong><\/p>\n\n\n\n<div style=\"height:var(--wp--preset--spacing--30)\" aria-hidden=\"true\" class=\"wp-block-spacer\"><\/div>\n\n\n\n<div class=\"wp-block-buttons is-content-justification-center is-layout-flex wp-container-core-buttons-is-layout-a89b3969 wp-block-buttons-is-layout-flex\">\n<div class=\"wp-block-button\"><a class=\"wp-block-button__link wp-element-button\" href=\"..\/wp-content\/uploads\/2025\/02\/2025_Akustikgitarre_Anmeldung.pdf\" target=\"_blank\" rel=\"noreferrer noopener\">ZUM ANMELDEFORMULAR &gt;<\/a><\/div>\n<\/div>\n\n\n\n<div style=\"height:var(--wp--preset--spacing--40)\" aria-hidden=\"true\" class=\"wp-block-spacer\"><\/div>\n<\/div>\n<\/div>\n\n\n\n<div class=\"wp-block-group alignfull has-global-padding is-layout-constrained wp-container-core-group-is-layout-e170f89d wp-block-group-is-layout-constrained\" style=\"border-style:none;border-width:0px;margin-top:0;margin-bottom:0;padding-top:0;padding-right:var(--wp--preset--spacing--40);padding-bottom:0;padding-left:var(--wp--preset--spacing--40)\">\n<h3 class=\"wp-block-heading\">Spieler aller Stilistiken sind ausdr\u00fccklich willkommen,<\/h3>\n\n\n\n<p>denn in diesem Akustik-Gitarren-Workshop (zu dem man ausdr\u00fccklich auch mit E-Gitarre anreisen darf) steht der Spa\u00df im Vordergrund.&nbsp;Das gemeinsame abendliche Jammen ist dabei ebenso wichtig wie die eigentlichen Workshop-Inhalte. Die erstrecken sich von den (immer sehr beliebten) Basics bis zu anspruchsvollen Techniken f\u00fcr Fortgeschrittene. Der sehr erfahrene Workshop-Dozent Peter Autschbach unterrichtet breit gef\u00e4chert und stilistisch flexibel und er holt die TeilnehmerInnen individuell auf ihrem Kenntnisstand ab. Timing, Groove und das richtige Feeling spielen dabei eine gro\u00dfe Rolle.<\/p>\n\n\n\n<p>Ein wichtiges Thema ist, bekannte und (bei Bedarf) eigene Songs interessant und kreativ zu begleiten. Auch Fragen zum Melodiespiel, zum Gesang und zur Improvisation werden bei diesem Workshop kompetent beantwortet. Voraussetzung zur Teilnahme ist die Beherrschung der Grundakkorde in Dur und Moll, einige Barr\u00e9-Griffe und eine Ahnung davon, wie die T\u00f6ne auf dem Griffbrett hei\u00dfen :).<\/p>\n\n\n\n<p>BesucherInnen vergangener Workshops wissen es schon: Kein Gitarren- Workshop bei Peter Autschbach gleicht dem anderen, denn Peter geht auf ganz individuelle Weise auf Fragen und W\u00fcnsche ein. Es kommen jedes Mal neue Themen zur Sprache, sodass sich alle sofort wohlf\u00fchlen.<\/p>\n\n\n\n<div style=\"height:50px\" aria-hidden=\"true\" class=\"wp-block-spacer own-abstandshalter50\"><\/div>\n\n\n\n<div class=\"wp-block-columns has-border-color has-accent-2-background-color has-background is-layout-flex wp-container-core-columns-is-layout-f3e73c6b wp-block-columns-is-layout-flex\" style=\"border-color:#dfdfdf;border-width:1px;border-radius:3px;padding-top:var(--wp--preset--spacing--30);padding-right:var(--wp--preset--spacing--30);padding-bottom:var(--wp--preset--spacing--30);padding-left:var(--wp--preset--spacing--30)\">\n<div class=\"wp-block-column own-contentblock-betterpadding is-layout-flow wp-block-column-is-layout-flow\" style=\"padding-right:var(--wp--preset--spacing--40);flex-basis:66%\">\n<div class=\"wp-block-group is-nowrap is-layout-flex wp-container-core-group-is-layout-911a4333 wp-block-group-is-layout-flex\" style=\"margin-top:0;margin-bottom:0;padding-top:0;padding-bottom:0\">\n<svg xmlns=\"http:\/\/www.w3.org\/2000\/svg\" height=\"14\" width=\"14\" viewBox=\"0 0 512 512\"><!--!Font Awesome Free 6.6.0 by @fontawesome - https:\/\/fontawesome.com License - https:\/\/fontawesome.com\/license\/free Copyright 2024 Fonticons, Inc.--><path d=\"M399 384.2C376.9 345.8 335.4 320 288 320l-64 0c-47.4 0-88.9 25.8-111 64.2c35.2 39.2 86.2 63.8 143 63.8s107.8-24.7 143-63.8zM0 256a256 256 0 1 1 512 0A256 256 0 1 1 0 256zm256 16a72 72 0 1 0 0-144 72 72 0 1 0 0 144z\"\/><\/svg>\n\n\n\n<p class=\"has-small-font-size\">STECKBRIEF<\/p>\n<\/div>\n\n\n\n<h3 class=\"wp-block-heading\">Peter Autschbach<\/h3>\n\n\n\n<p>hat sich mit eigenen Kompositionen einen hervorragenden Ruf erspielt \u2013 nachzuh\u00f6ren auf sechzehn CDs, die von Kritik und Publikum \u00fcberschw\u00e4nglich gelobt werden. <\/p>\n\n\n\n<p>Der Bestseller-Lehrbuchautor und Workshop-Dozent war 1988\/89 privater Sch\u00fcler der Gitarrenlegende Joe Pass. Nach einem Jazz-Studium an der Musikhochschule in K\u00f6ln spielte er 1000 Shows in der Rockoper &#8222;Tommy&#8220; des &#8222;The Who&#8220;-Gitarristen Pete Townshend. Peter spielte in Kairo, New York, Singapur und Tokio und wurde von Brian May f\u00fcr die Queen-Show &#8222;We Will Rock You&#8220; engagiert. Als Jazzgitarrist spielte er mit namhaften Kollegen wie Barbara Dennerlein und Philip Catherine zusammen. Im Jahr 2010 startete er ein Duo mit dem Gitarristen Ralf Illenberger. Ebenfalls seit 2010 spielt Peter im Duo mit der S\u00e4ngerin Samira Saygili, die beiden gewannen den \u201eDeutschen Rock und Pop Preis\u201c in den Jahren 2019 und 2021. Seit 2020 spielt Peter Autschbach im Duo mit dem Gitarristen Joscho Stephan. <\/p>\n\n\n\n<p>Die neu gegr\u00fcndete Band \u201ePeter Autschbach\u2019s TA2\u201c gewann 2023 den \u201eDeutschen Rock und Pop Preis\u201c in den Kategorien &#8222;Beste Fusion-Jazz-Rock-Band&#8220;, &#8222;Bestes Fusion-Jazz-Rock-Album&#8220;, &#8222;Bester FusionJazz-Rock-Song&#8220; (Welcome Marta), &#8222;bester Schlagzeuger&#8220; (Jan Melnik) und &#8222;bester Gitarrist&#8220; (Peter Autschbach).<\/p>\n<\/div>\n\n\n\n<div class=\"wp-block-column is-layout-flow wp-block-column-is-layout-flow\" style=\"flex-basis:34%\">\n<figure class=\"wp-block-image aligncenter size-full wp-duotone-unset-1\"><img loading=\"lazy\" decoding=\"async\" width=\"1100\" height=\"795\" src=\"https:\/\/www.chateauplagne.com\/cp246\/wp-content\/uploads\/2024\/07\/Peter-Autschbach-workshop-1100x795-1.png\" alt=\"\" class=\"wp-image-1535\" style=\"aspect-ratio:1;object-fit:cover\" srcset=\"https:\/\/www.chateauplagne.com\/cp246\/wp-content\/uploads\/2024\/07\/Peter-Autschbach-workshop-1100x795-1.png 1100w, https:\/\/www.chateauplagne.com\/cp246\/wp-content\/uploads\/2024\/07\/Peter-Autschbach-workshop-1100x795-1-300x217.png 300w, https:\/\/www.chateauplagne.com\/cp246\/wp-content\/uploads\/2024\/07\/Peter-Autschbach-workshop-1100x795-1-1024x740.png 1024w, https:\/\/www.chateauplagne.com\/cp246\/wp-content\/uploads\/2024\/07\/Peter-Autschbach-workshop-1100x795-1-768x555.png 768w\" sizes=\"auto, (max-width: 1100px) 100vw, 1100px\" \/><\/figure>\n\n\n\n<div class=\"wp-block-group own-linkrow is-nowrap is-layout-flex wp-container-core-group-is-layout-6c531013 wp-block-group-is-layout-flex\">\n<svg xmlns=\"http:\/\/www.w3.org\/2000\/svg\" height=\"14\" width=\"14\" viewBox=\"0 0 512 512\"><!--!Font Awesome Free 6.6.0 by @fontawesome - https:\/\/fontawesome.com License - https:\/\/fontawesome.com\/license\/free Copyright 2024 Fonticons, Inc.--><path d=\"M266.3 48.3L232.5 73.6c-5.4 4-8.5 10.4-8.5 17.1l0 9.1c0 6.8 5.5 12.3 12.3 12.3c2.4 0 4.8-.7 6.8-2.1l41.8-27.9c2-1.3 4.4-2.1 6.8-2.1l1 0c6.2 0 11.3 5.1 11.3 11.3c0 3-1.2 5.9-3.3 8l-19.9 19.9c-5.8 5.8-12.9 10.2-20.7 12.8l-26.5 8.8c-5.8 1.9-9.6 7.3-9.6 13.4c0 3.7-1.5 7.3-4.1 10l-17.9 17.9c-6.4 6.4-9.9 15-9.9 24l0 4.3c0 16.4 13.6 29.7 29.9 29.7c11 0 21.2-6.2 26.1-16l4-8.1c2.4-4.8 7.4-7.9 12.8-7.9c4.5 0 8.7 2.1 11.4 5.7l16.3 21.7c2.1 2.9 5.5 4.5 9.1 4.5c8.4 0 13.9-8.9 10.1-16.4l-1.1-2.3c-3.5-7 0-15.5 7.5-18l21.2-7.1c7.6-2.5 12.7-9.6 12.7-17.6c0-10.3 8.3-18.6 18.6-18.6l29.4 0c8.8 0 16 7.2 16 16s-7.2 16-16 16l-20.7 0c-7.2 0-14.2 2.9-19.3 8l-4.7 4.7c-2.1 2.1-3.3 5-3.3 8c0 6.2 5.1 11.3 11.3 11.3l11.3 0c6 0 11.8 2.4 16 6.6l6.5 6.5c1.8 1.8 2.8 4.3 2.8 6.8s-1 5-2.8 6.8l-7.5 7.5C386 262 384 266.9 384 272s2 10 5.7 13.7L408 304c10.2 10.2 24.1 16 38.6 16l7.3 0c6.5-20.2 10-41.7 10-64c0-111.4-87.6-202.4-197.7-207.7zm172 307.9c-3.7-2.6-8.2-4.1-13-4.1c-6 0-11.8-2.4-16-6.6L396 332c-7.7-7.7-18-12-28.9-12c-9.7 0-19.2-3.5-26.6-9.8L314 287.4c-11.6-9.9-26.4-15.4-41.7-15.4l-20.9 0c-12.6 0-25 3.7-35.5 10.7L188.5 301c-17.8 11.9-28.5 31.9-28.5 53.3l0 3.2c0 17 6.7 33.3 18.7 45.3l16 16c8.5 8.5 20 13.3 32 13.3l21.3 0c13.3 0 24 10.7 24 24c0 2.5 .4 5 1.1 7.3c71.3-5.8 132.5-47.6 165.2-107.2zM0 256a256 256 0 1 1 512 0A256 256 0 1 1 0 256zM187.3 100.7c-6.2-6.2-16.4-6.2-22.6 0l-32 32c-6.2 6.2-6.2 16.4 0 22.6s16.4 6.2 22.6 0l32-32c6.2-6.2 6.2-16.4 0-22.6z\"\/><\/svg>\n\n\n\n<p><a href=\"https:\/\/www.autschbach.de\/\" target=\"_blank\" rel=\"noreferrer noopener\">Zur Webseite von Peter Autschbach<\/a><\/p>\n<\/div>\n\n\n\n<div class=\"wp-block-group own-linkrow is-nowrap is-layout-flex wp-container-core-group-is-layout-6c531013 wp-block-group-is-layout-flex\">\n<svg xmlns=\"http:\/\/www.w3.org\/2000\/svg\" height=\"14\" width=\"15.75\" viewBox=\"0 0 576 512\"><!--!Font Awesome Free 6.6.0 by @fontawesome - https:\/\/fontawesome.com License - https:\/\/fontawesome.com\/license\/free Copyright 2024 Fonticons, Inc.--><path d=\"M549.7 124.1c-6.3-23.7-24.8-42.3-48.3-48.6C458.8 64 288 64 288 64S117.2 64 74.6 75.5c-23.5 6.3-42 24.9-48.3 48.6-11.4 42.9-11.4 132.3-11.4 132.3s0 89.4 11.4 132.3c6.3 23.7 24.8 41.5 48.3 47.8C117.2 448 288 448 288 448s170.8 0 213.4-11.5c23.5-6.3 42-24.2 48.3-47.8 11.4-42.9 11.4-132.3 11.4-132.3s0-89.4-11.4-132.3zm-317.5 213.5V175.2l142.7 81.2-142.7 81.2z\"\/><\/svg>\n\n\n\n<p><a href=\"https:\/\/www.youtube.com\/@AutschbachPeter\" target=\"_blank\" rel=\"noreferrer noopener\">Peter Autschbach auf YouTube<\/a><\/p>\n<\/div>\n\n\n\n<div class=\"wp-block-group own-linkrow is-nowrap is-layout-flex wp-container-core-group-is-layout-6c531013 wp-block-group-is-layout-flex\">\n<svg xmlns=\"http:\/\/www.w3.org\/2000\/svg\" height=\"14\" width=\"14\" viewBox=\"0 0 512 512\"><!--!Font Awesome Free 6.6.0 by @fontawesome - https:\/\/fontawesome.com License - https:\/\/fontawesome.com\/license\/free Copyright 2024 Fonticons, Inc.--><path d=\"M164.9 24.6c-7.7-18.6-28-28.5-47.4-23.2l-88 24C12.1 30.2 0 46 0 64C0 311.4 200.6 512 448 512c18 0 33.8-12.1 38.6-29.5l24-88c5.3-19.4-4.6-39.7-23.2-47.4l-96-40c-16.3-6.8-35.2-2.1-46.3 11.6L304.7 368C234.3 334.7 177.3 277.7 144 207.3L193.3 167c13.7-11.2 18.4-30 11.6-46.3l-40-96z\"\/><\/svg>\n\n\n\n<p><a href=\"tel:491715260260\">Telefonnr. +49 171 5 260 260<\/a><\/p>\n<\/div>\n<\/div>\n<\/div>\n\n\n\n<div style=\"height:20px\" aria-hidden=\"true\" class=\"wp-block-spacer own-abstandshalter50\"><\/div>\n\n\n\n<h3 class=\"wp-block-heading\">Weitere Informationen, <br>Preise und Anmeldung zum Kurs:<\/h3>\n\n\n\n<div class=\"wp-block-buttons is-content-justification-left is-layout-flex wp-container-core-buttons-is-layout-fc4fd283 wp-block-buttons-is-layout-flex\">\n<div class=\"wp-block-button\"><a class=\"wp-block-button__link wp-element-button\" href=\"..\/wp-content\/uploads\/2025\/02\/2025_Akustikgitarre.pdf\">FLYER ANSEHEN &gt;<\/a><\/div>\n\n\n\n<div class=\"wp-block-button\"><a class=\"wp-block-button__link wp-element-button\" href=\"..\/wp-content\/uploads\/2025\/02\/2025_Akustikgitarre_Anmeldung.pdf\">ZUM ANMELDEFORMULAR &gt;<\/a><\/div>\n<\/div>\n\n\n\n<div class=\"wp-block-group is-nowrap is-layout-flex wp-container-core-group-is-layout-6c531013 wp-block-group-is-layout-flex\">\n<svg xmlns=\"http:\/\/www.w3.org\/2000\/svg\" height=\"14\" width=\"12.25\" viewBox=\"0 0 448 512\"><!--!Font Awesome Free 6.6.0 by @fontawesome - https:\/\/fontawesome.com License - https:\/\/fontawesome.com\/license\/free Copyright 2024 Fonticons, Inc.--><path d=\"M32 0C49.7 0 64 14.3 64 32l0 16 69-17.2c38.1-9.5 78.3-5.1 113.5 12.5c46.3 23.2 100.8 23.2 147.1 0l9.6-4.8C423.8 28.1 448 43.1 448 66.1l0 279.7c0 13.3-8.3 25.3-20.8 30l-34.7 13c-46.2 17.3-97.6 14.6-141.7-7.4c-37.9-19-81.3-23.7-122.5-13.4L64 384l0 96c0 17.7-14.3 32-32 32s-32-14.3-32-32l0-80 0-66L0 64 0 32C0 14.3 14.3 0 32 0zM64 187.1l64-13.9 0 65.5L64 252.6 64 318l48.8-12.2c5.1-1.3 10.1-2.4 15.2-3.3l0-63.9 38.9-8.4c8.3-1.8 16.7-2.5 25.1-2.1l0-64c13.6 .4 27.2 2.6 40.4 6.4l23.6 6.9 0 66.7-41.7-12.3c-7.3-2.1-14.8-3.4-22.3-3.8l0 71.4c21.8 1.9 43.3 6.7 64 14.4l0-69.8 22.7 6.7c13.5 4 27.3 6.4 41.3 7.4l0-64.2c-7.8-.8-15.6-2.3-23.2-4.5l-40.8-12 0-62c-13-3.8-25.8-8.8-38.2-15c-8.2-4.1-16.9-7-25.8-8.8l0 72.4c-13-.4-26 .8-38.7 3.6L128 173.2 128 98 64 114l0 73.1zM320 335.7c16.8 1.5 33.9-.7 50-6.8l14-5.2 0-71.7-7.9 1.8c-18.4 4.3-37.3 5.7-56.1 4.5l0 77.4zm64-149.4l0-70.8c-20.9 6.1-42.4 9.1-64 9.1l0 69.4c13.9 1.4 28 .5 41.7-2.6l22.3-5.2z\"\/><\/svg>\n\n\n\n<p><strong>Anmeldeschluss: 31. Dez. 2024<\/strong><\/p>\n<\/div>\n\n\n\n<hr class=\"wp-block-separator alignwide has-text-color has-accent-color has-alpha-channel-opacity has-accent-background-color has-background is-style-default\" style=\"margin-top:var(--wp--preset--spacing--50);margin-bottom:var(--wp--preset--spacing--50)\"\/>\n<\/div>\n\n\n\n<div class=\"wp-block-group alignfull own-workshops-block has-custom-new-bg-background-color has-background has-global-padding is-layout-constrained wp-container-core-group-is-layout-8a8933e4 wp-block-group-is-layout-constrained\" style=\"margin-top:0;margin-bottom:0;padding-top:0;padding-right:0;padding-bottom:0;padding-left:0\">\n<div class=\"wp-block-group has-global-padding is-layout-constrained wp-container-core-group-is-layout-f750054b wp-block-group-is-layout-constrained\">\n<h1 class=\"wp-block-heading has-text-align-center has-x-large-font-size\">Alle Workshops:<\/h1>\n\n\n\n<div style=\"height:32px\" aria-hidden=\"true\" class=\"wp-block-spacer\"><\/div>\n\n\n\n<div class=\"wp-block-group own-group-all-workshops has-global-padding is-layout-constrained wp-block-group-is-layout-constrained\"><div class=\"wp-block-group own-workshop-item has-global-padding is-layout-constrained wp-container-core-group-is-layout-ad1af2a0 wp-block-group-is-layout-constrained\" style=\"margin-top:0;margin-bottom:0;padding-top:0;padding-bottom:0\"><a href=\"..\/workshop-zeichnen-malen-sketchen\" class=\"link-anithing\">\n<h4 class=\"wp-block-heading own-workshop-item-title\">Zeichen, Malen, Sketchen<\/h4>\n\n\n\n<p class=\"own-workshop-item-text\">mit Nicola Maier-Reimer<\/p>\n\n\n\n<p class=\"own-workshop-item-text\"><strong>3. bis 10. Mai 2025<\/strong><\/p>\n<\/a><\/div>\n\n<div class=\"wp-block-group own-workshop-item has-global-padding is-layout-constrained wp-container-core-group-is-layout-d8cff217 wp-block-group-is-layout-constrained\" style=\"margin-top:0;margin-bottom:0;padding-top:0;padding-bottom:0\"><a href=\"..\/workshop-entdeckungstour-garten\" target=\"_blank\" class=\"link-anithing\">\n<h4 class=\"wp-block-heading own-workshop-item-title\">Gartenreise im Dordognetal<\/h4>\n\n\n\n<p class=\"own-workshop-item-text\">mit Teresa Funke<\/p>\n\n\n\n<p class=\"own-workshop-item-text\"><strong>17. bis 24. Mai 2025 und 24. bis 31. Mai 2025<\/strong><\/p>\n<\/a><\/div>\n\n<div class=\"wp-block-group own-workshop-item has-global-padding is-layout-constrained wp-container-core-group-is-layout-ad1af2a0 wp-block-group-is-layout-constrained\" style=\"margin-top:0;margin-bottom:0;padding-top:0;padding-bottom:0\"><a href=\"..\/workshop-steinbildhauerkurs\" target=\"_blank\" class=\"link-anithing\">\n<h4 class=\"wp-block-heading own-workshop-item-title\">Steinbildhauerkurs<\/h4>\n\n\n\n<p class=\"own-workshop-item-text\">mit Kurt Grimm<\/p>\n\n\n\n<p class=\"own-workshop-item-text\"><strong>31. Mai bis 7. Juni 2025<\/strong><\/p>\n<\/a><\/div>\n\n<div class=\"wp-block-group own-workshop-item has-global-padding is-layout-constrained wp-container-core-group-is-layout-ad1af2a0 wp-block-group-is-layout-constrained\" style=\"margin-top:0;margin-bottom:0;padding-top:0;padding-bottom:0\"><a href=\"..\/workshop-ecoprints\" class=\"link-anithing\">\n<h4 class=\"wp-block-heading own-workshop-item-title\">Ecoprints, Schrift und Natur Workshop<\/h4>\n\n\n\n<p class=\"own-workshop-item-text\">mit Birgit Nass<\/p>\n\n\n\n<p class=\"own-workshop-item-text\"><strong>21. bis 28. Juni 2025<\/strong><\/p>\n<\/a><\/div>\n\n<div class=\"wp-block-group own-workshop-item has-global-padding is-layout-constrained wp-container-core-group-is-layout-ad1af2a0 wp-block-group-is-layout-constrained\" style=\"margin-top:0;margin-bottom:0;padding-top:0;padding-bottom:0\"><a href=\"..\/workshop-panta-rhei\" class=\"link-anithing\">\n<h4 class=\"wp-block-heading own-workshop-item-title\">Panta Rhei Workshop<\/h4>\n\n\n\n<p class=\"own-workshop-item-text\">mit Birgit Nass<\/p>\n\n\n\n<p class=\"own-workshop-item-text\"><strong>5. bis 12. Juli 2025<\/strong><\/p>\n<\/a><\/div>\n\n<div class=\"wp-block-group own-workshop-item has-global-padding is-layout-constrained wp-container-core-group-is-layout-d8cff217 wp-block-group-is-layout-constrained\" style=\"margin-top:0;margin-bottom:0;padding-top:0;padding-bottom:0\"><a href=\"..\/workshop-acrylmalkurs\" class=\"link-anithing\">\n<h4 class=\"wp-block-heading own-workshop-item-title\">Acrylmalkurs<\/h4>\n\n\n\n<p class=\"own-workshop-item-text\">mit Astrid Keimer<\/p>\n\n\n\n<p class=\"own-workshop-item-text\"><strong>19. bis 26. Juli 2025<\/strong><\/p>\n<\/a><\/div>\n\n<div class=\"wp-block-group own-workshop-item has-global-padding is-layout-constrained wp-container-core-group-is-layout-d8cff217 wp-block-group-is-layout-constrained\" style=\"margin-top:0;margin-bottom:0;padding-top:0;padding-bottom:0\"><a href=\"..\/workshop-akustikgitarre-und-songbegleitung\/\" target=\"_blank\" class=\"link-anithing\">\n<h4 class=\"wp-block-heading own-workshop-item-title\">Akustikgitarre und Songbegleitung<\/h4>\n\n\n\n<p class=\"own-workshop-item-text\">mit Peter Autschbach<\/p>\n\n\n\n<p class=\"own-workshop-item-text\"><strong>16. bis 23. August 2025<\/strong><\/p>\n<\/a><\/div>\n\n<div class=\"wp-block-group own-workshop-item has-global-padding is-layout-constrained wp-container-core-group-is-layout-d8cff217 wp-block-group-is-layout-constrained\" style=\"margin-top:0;margin-bottom:0;padding-top:0;padding-bottom:0\"><a href=\"..\/workshop-fotografie\" class=\"link-anithing\">\n<h4 class=\"wp-block-heading own-workshop-item-title\">Eine Woche des Sehens<\/h4>\n\n\n\n<p class=\"own-workshop-item-text\">mit Fotograf Jessen Oestergaard<\/p>\n\n\n\n<p class=\"own-workshop-item-text\"><strong>13. bis 20. September 2025<\/strong><\/p>\n<\/a><\/div>\n\n<div class=\"wp-block-group own-workshop-item has-global-padding is-layout-constrained wp-container-core-group-is-layout-d8cff217 wp-block-group-is-layout-constrained\" style=\"margin-top:0;margin-bottom:0;padding-top:0;padding-bottom:0\"><a href=\"..\/workshop-fahrradtouren\" class=\"link-anithing\">\n<h4 class=\"wp-block-heading own-workshop-item-title\">Fahrradwoche im Dordognetal<\/h4>\n\n\n\n<p class=\"own-workshop-item-text\">mit Kurt Schweizer<\/p>\n\n\n\n<p class=\"own-workshop-item-text\"><strong>20. bis 27. September 2025<\/strong><\/p>\n<\/a><\/div>\n\n\n<div class=\"wp-block-group own-workshop-item has-global-padding is-layout-constrained wp-container-core-group-is-layout-d8cff217 wp-block-group-is-layout-constrained\" style=\"margin-top:0;margin-bottom:0;padding-top:0;padding-bottom:0\">\n<h4 class=\"wp-block-heading own-workshop-item-title\">Kochkurse zu verschieden Themen<\/h4>\n\n\n\n<p class=\"own-workshop-item-text\">z.B. Tr\u00fcffelkochkurse, Fischkochkurse, Gem\u00fcsekochkurse uvm.<\/p>\n\n\n\n<p class=\"own-workshop-item-text\"><strong>auf Anfrage<\/strong><\/p>\n<\/div>\n<\/div>\n<\/div>\n<\/div>\n","protected":false},"excerpt":{"rendered":"<p>Workshop Akustikgitarre und Songbegleitung mit Peter Autschbach 16. bis 23. August 2025 Spieler aller Stilistiken sind ausdr\u00fccklich willkommen, denn in diesem Akustik-Gitarren-Workshop (zu dem man ausdr\u00fccklich auch mit E-Gitarre anreisen darf) steht der Spa\u00df im Vordergrund.&nbsp;Das gemeinsame abendliche Jammen ist dabei ebenso wichtig wie die eigentlichen Workshop-Inhalte. Die erstrecken sich von den (immer sehr beliebten) [&hellip;]<\/p>\n","protected":false},"author":1,"featured_media":0,"parent":0,"menu_order":0,"comment_status":"closed","ping_status":"closed","template":"page-no-title","meta":{"footnotes":""},"class_list":["post-1534","page","type-page","status-publish","hentry"],"_links":{"self":[{"href":"https:\/\/www.chateauplagne.com\/cp246\/wp-json\/wp\/v2\/pages\/1534","targetHints":{"allow":["GET"]}}],"collection":[{"href":"https:\/\/www.chateauplagne.com\/cp246\/wp-json\/wp\/v2\/pages"}],"about":[{"href":"https:\/\/www.chateauplagne.com\/cp246\/wp-json\/wp\/v2\/types\/page"}],"author":[{"embeddable":true,"href":"https:\/\/www.chateauplagne.com\/cp246\/wp-json\/wp\/v2\/users\/1"}],"replies":[{"embeddable":true,"href":"https:\/\/www.chateauplagne.com\/cp246\/wp-json\/wp\/v2\/comments?post=1534"}],"version-history":[{"count":36,"href":"https:\/\/www.chateauplagne.com\/cp246\/wp-json\/wp\/v2\/pages\/1534\/revisions"}],"predecessor-version":[{"id":2320,"href":"https:\/\/www.chateauplagne.com\/cp246\/wp-json\/wp\/v2\/pages\/1534\/revisions\/2320"}],"wp:attachment":[{"href":"https:\/\/www.chateauplagne.com\/cp246\/wp-json\/wp\/v2\/media?parent=1534"}],"curies":[{"name":"wp","href":"https:\/\/api.w.org\/{rel}","templated":true}]}}