{"id":2141,"date":"2025-02-11T13:43:35","date_gmt":"2025-02-11T12:43:35","guid":{"rendered":"https:\/\/www.mwgutu.com\/cp246\/?page_id=2141"},"modified":"2025-02-12T12:35:29","modified_gmt":"2025-02-12T11:35:29","slug":"workshop-entdeckungstour-garten","status":"publish","type":"page","link":"https:\/\/www.chateauplagne.com\/cp246\/workshop-entdeckungstour-garten\/","title":{"rendered":"Workshop-Entdeckungstour durch die G\u00e4rten des Dordognetals"},"content":{"rendered":"\n<div class=\"wp-block-columns alignfull is-layout-flex wp-container-core-columns-is-layout-28f84493 wp-block-columns-is-layout-flex\">\n<div class=\"wp-block-column is-layout-flow wp-block-column-is-layout-flow\" style=\"flex-basis:100%\">\n<div class=\"wp-block-group own-hero-subs-group has-global-padding is-layout-constrained wp-block-group-is-layout-constrained\">\n<figure class=\"wp-block-image alignwide size-full has-custom-border own-image-sharp\"><img loading=\"lazy\" decoding=\"async\" width=\"1440\" height=\"800\" src=\"https:\/\/www.chateauplagne.com\/cp246\/wp-content\/uploads\/2025\/02\/Garten-Entdeckungstour.jpg\" alt=\"\" class=\"wp-image-2159\" style=\"border-radius:0px\" srcset=\"https:\/\/www.chateauplagne.com\/cp246\/wp-content\/uploads\/2025\/02\/Garten-Entdeckungstour.jpg 1440w, https:\/\/www.chateauplagne.com\/cp246\/wp-content\/uploads\/2025\/02\/Garten-Entdeckungstour-300x167.jpg 300w, https:\/\/www.chateauplagne.com\/cp246\/wp-content\/uploads\/2025\/02\/Garten-Entdeckungstour-1024x569.jpg 1024w, https:\/\/www.chateauplagne.com\/cp246\/wp-content\/uploads\/2025\/02\/Garten-Entdeckungstour-768x427.jpg 768w\" sizes=\"auto, (max-width: 1440px) 100vw, 1440px\" \/><\/figure>\n\n\n\n<figure class=\"wp-block-image alignfull size-full has-custom-border own-image-blur\"><img loading=\"lazy\" decoding=\"async\" width=\"1440\" height=\"800\" src=\"https:\/\/www.chateauplagne.com\/cp246\/wp-content\/uploads\/2025\/02\/Garten-Entdeckungstour.jpg\" alt=\"\" class=\"wp-image-2159\" style=\"border-radius:0px\" srcset=\"https:\/\/www.chateauplagne.com\/cp246\/wp-content\/uploads\/2025\/02\/Garten-Entdeckungstour.jpg 1440w, https:\/\/www.chateauplagne.com\/cp246\/wp-content\/uploads\/2025\/02\/Garten-Entdeckungstour-300x167.jpg 300w, https:\/\/www.chateauplagne.com\/cp246\/wp-content\/uploads\/2025\/02\/Garten-Entdeckungstour-1024x569.jpg 1024w, https:\/\/www.chateauplagne.com\/cp246\/wp-content\/uploads\/2025\/02\/Garten-Entdeckungstour-768x427.jpg 768w\" sizes=\"auto, (max-width: 1440px) 100vw, 1440px\" \/><\/figure>\n<\/div>\n<\/div>\n<\/div>\n\n\n\n<div class=\"wp-block-group alignfull own-redline has-accent-4-background-color has-background is-layout-flow wp-block-group-is-layout-flow\" style=\"margin-top:0;margin-bottom:0;padding-top:var(--wp--preset--spacing--30);padding-bottom:var(--wp--preset--spacing--30)\"><\/div>\n\n\n\n<div class=\"wp-block-group alignwide has-custom-new-bg-background-color has-background is-layout-flow wp-block-group-is-layout-flow\" style=\"margin-top:0;margin-bottom:0;padding-top:0;padding-right:0;padding-bottom:0;padding-left:0\">\n<div class=\"wp-block-group has-global-padding is-layout-constrained wp-container-core-group-is-layout-f750054b wp-block-group-is-layout-constrained\">\n<div style=\"height:1.25rem\" aria-hidden=\"true\" class=\"wp-block-spacer\"><\/div>\n\n\n\n<h1 class=\"wp-block-heading has-text-align-center has-x-large-font-size\">Entdeckungstour<\/h1>\n\n\n\n<h1 class=\"wp-block-heading has-text-align-center has-x-large-font-size\">durch die G\u00e4rten des Dordognetals<\/h1>\n\n\n\n<h4 class=\"wp-block-heading has-text-align-center\">mit Teresa Funke<\/h4>\n\n\n\n<div style=\"height:1.25rem\" aria-hidden=\"true\" class=\"wp-block-spacer\"><\/div>\n\n\n\n<p class=\"has-text-align-center\"><strong>Termin 1: 17. bis 24. Mai 2025 \/\/ Termin 2: 24. bis 31. Mai 2025<\/strong><\/p>\n\n\n\n<div style=\"height:var(--wp--preset--spacing--30)\" aria-hidden=\"true\" class=\"wp-block-spacer\"><\/div>\n\n\n\n<div class=\"wp-block-buttons is-content-justification-center is-layout-flex wp-container-core-buttons-is-layout-a89b3969 wp-block-buttons-is-layout-flex\">\n<div class=\"wp-block-button\"><a class=\"wp-block-button__link wp-element-button\" href=\"..\/2025_Gartenreise-ersterKurs_Anmeldung.pdf\" target=\"_blank\" rel=\"noreferrer noopener\">ZUM ANMELDEFORMULAR TERMIN 1 &gt;<\/a><\/div>\n\n\n\n<div class=\"wp-block-button\"><a class=\"wp-block-button__link wp-element-button\" href=\"https:\/\/www.chateauplagne.com\/wordpress\/wp-content\/uploads\/2025_Gartenreise-zweiterKurs.pdf\" target=\"_blank\" rel=\"noreferrer noopener\">ZUM ANMELDEFORMULAR TERMIN 2 &gt;<\/a><\/div>\n<\/div>\n\n\n\n<div style=\"height:var(--wp--preset--spacing--40)\" aria-hidden=\"true\" class=\"wp-block-spacer\"><\/div>\n<\/div>\n<\/div>\n\n\n\n<div class=\"wp-block-group alignfull has-global-padding is-layout-constrained wp-container-core-group-is-layout-e170f89d wp-block-group-is-layout-constrained\" style=\"border-style:none;border-width:0px;margin-top:0;margin-bottom:0;padding-top:0;padding-right:var(--wp--preset--spacing--40);padding-bottom:0;padding-left:var(--wp--preset--spacing--40)\">\n<h3 class=\"wp-block-heading\">Gemeinsam wollen wir die Welt der G\u00e4rten im Dordognetal entdecken:<\/h3>\n\n\n\n<p> Gartenkunst aus verschiedenen Jahrhunderten kennenlernen, auf uns wirken lassen und genie\u00dfen. Wir erkunden ihre (Entstehungs-) Geschichte und die faszinierende Welt der Pflanzen in ihrer urspr\u00fcnglich belassenen oder kunstvoll ver\u00e4nderten Form. Wir versuchen zu verstehen, was die Menschen inspiriert und motiviert hat, solche meisterhaften Natur-Orte zu schaffen und zu entwickeln.<\/p>\n\n\n\n<p>Eine Woche lang werden wir ausgehend vom Ch\u00e2teau Plagne jeden Tag einen (oder zwei) G\u00e4rten besuchen, die in ihrem Stil, ihrer<br>Gestaltung und Wirkung nicht unterschiedlicher sein k\u00f6nnten und auf einzigartige Weise das Dordognetal und seine umliegende Landschaft einbeziehen.<br><br>Wir lernen Gestaltungselemente und Pflanzen kennen und entdecken bezaubernde Motive. Mit allen Sinnen erleben wir, wie sch\u00f6n gestalteter Freiraum auf uns, unsere Gesundheit und unsere Seele wirkt. Und ganz \u201enebenbei\u201c werden wundersch\u00f6ne mittelalterliche D\u00f6rfer und ihre kulinarischen Gen\u00fcsse entdeckt!<\/p>\n\n\n\n<div class=\"wp-block-columns is-layout-flex wp-container-core-columns-is-layout-28f84493 wp-block-columns-is-layout-flex\">\n<div class=\"wp-block-column is-layout-flow wp-block-column-is-layout-flow\">\n<figure class=\"wp-block-image size-full\"><img loading=\"lazy\" decoding=\"async\" width=\"600\" height=\"600\" src=\"https:\/\/www.chateauplagne.com\/cp246\/wp-content\/uploads\/2025\/02\/gartenwoche_b1.jpg\" alt=\"\" class=\"wp-image-2174\" srcset=\"https:\/\/www.chateauplagne.com\/cp246\/wp-content\/uploads\/2025\/02\/gartenwoche_b1.jpg 600w, https:\/\/www.chateauplagne.com\/cp246\/wp-content\/uploads\/2025\/02\/gartenwoche_b1-300x300.jpg 300w, https:\/\/www.chateauplagne.com\/cp246\/wp-content\/uploads\/2025\/02\/gartenwoche_b1-150x150.jpg 150w\" sizes=\"auto, (max-width: 600px) 100vw, 600px\" \/><\/figure>\n<\/div>\n\n\n\n<div class=\"wp-block-column is-layout-flow wp-block-column-is-layout-flow\">\n<figure class=\"wp-block-image size-full\"><img loading=\"lazy\" decoding=\"async\" width=\"600\" height=\"600\" src=\"https:\/\/www.chateauplagne.com\/cp246\/wp-content\/uploads\/2025\/02\/gartenwoche_b2.jpg\" alt=\"\" class=\"wp-image-2177\" srcset=\"https:\/\/www.chateauplagne.com\/cp246\/wp-content\/uploads\/2025\/02\/gartenwoche_b2.jpg 600w, https:\/\/www.chateauplagne.com\/cp246\/wp-content\/uploads\/2025\/02\/gartenwoche_b2-300x300.jpg 300w, https:\/\/www.chateauplagne.com\/cp246\/wp-content\/uploads\/2025\/02\/gartenwoche_b2-150x150.jpg 150w\" sizes=\"auto, (max-width: 600px) 100vw, 600px\" \/><\/figure>\n<\/div>\n<\/div>\n\n\n\n<div style=\"height:50px\" aria-hidden=\"true\" class=\"wp-block-spacer own-abstandshalter50\"><\/div>\n\n\n\n<div class=\"wp-block-columns has-border-color has-accent-2-background-color has-background is-layout-flex wp-container-core-columns-is-layout-f3e73c6b wp-block-columns-is-layout-flex\" style=\"border-color:#dfdfdf;border-width:1px;border-radius:3px;padding-top:var(--wp--preset--spacing--30);padding-right:var(--wp--preset--spacing--30);padding-bottom:var(--wp--preset--spacing--30);padding-left:var(--wp--preset--spacing--30)\">\n<div class=\"wp-block-column own-contentblock-betterpadding is-layout-flow wp-block-column-is-layout-flow\" style=\"padding-right:var(--wp--preset--spacing--40);flex-basis:66%\">\n<div class=\"wp-block-group is-nowrap is-layout-flex wp-container-core-group-is-layout-911a4333 wp-block-group-is-layout-flex\" style=\"margin-top:0;margin-bottom:0;padding-top:0;padding-bottom:0\">\n<svg xmlns=\"http:\/\/www.w3.org\/2000\/svg\" height=\"14\" width=\"14\" viewBox=\"0 0 512 512\"><!--!Font Awesome Free 6.6.0 by @fontawesome - https:\/\/fontawesome.com License - https:\/\/fontawesome.com\/license\/free Copyright 2024 Fonticons, Inc.--><path d=\"M399 384.2C376.9 345.8 335.4 320 288 320l-64 0c-47.4 0-88.9 25.8-111 64.2c35.2 39.2 86.2 63.8 143 63.8s107.8-24.7 143-63.8zM0 256a256 256 0 1 1 512 0A256 256 0 1 1 0 256zm256 16a72 72 0 1 0 0-144 72 72 0 1 0 0 144z\"\/><\/svg>\n\n\n\n<p class=\"has-small-font-size\">STECKBRIEF<\/p>\n<\/div>\n\n\n\n<h3 class=\"wp-block-heading\">Teresa Funke<\/h3>\n\n\n\n<p>In Dresden geboren und aufgewachsen studierte sie Landschaftsarchitektur in Dresden und Wien. Nach Arbeiten in der Gartendenkmalpflege folgten Ver\u00f6ffentlichungen diverser norddeutscher Gartenf\u00fchrer. Seit 1999 widmet sie sich der Planung und Beratung halb\u00f6ffentlicher und privater G\u00e4rten in allen Facetten.<\/p>\n\n\n\n<p>H\u00f6hepunkte waren unter anderem die Planung von Schaug\u00e4rten auf der Chelsea Flower Show in London und Teilnahme an Schaugarten-Wettbewerben in Schleswig-Holstein.<\/p>\n\n\n\n<p>Seit zehn Jahren ist sie aktiv in der Landschaftsplanung der Freien und Hansestadt Hamburg und setzt sich in diesem Rahmen f\u00fcr die Erhaltung und Weiterentwicklung \u00f6ffentlicher Gr\u00fcnanlagen und Freir\u00e4ume ein.<\/p>\n<\/div>\n\n\n\n<div class=\"wp-block-column is-layout-flow wp-block-column-is-layout-flow\" style=\"flex-basis:34%\">\n<figure class=\"wp-block-image aligncenter size-full wp-duotone-unset-1\"><img loading=\"lazy\" decoding=\"async\" width=\"500\" height=\"500\" src=\"https:\/\/www.chateauplagne.com\/cp246\/wp-content\/uploads\/2025\/02\/Teresa-Profil.jpg\" alt=\"\" class=\"wp-image-2146\" style=\"aspect-ratio:1;object-fit:cover\" srcset=\"https:\/\/www.chateauplagne.com\/cp246\/wp-content\/uploads\/2025\/02\/Teresa-Profil.jpg 500w, https:\/\/www.chateauplagne.com\/cp246\/wp-content\/uploads\/2025\/02\/Teresa-Profil-300x300.jpg 300w, https:\/\/www.chateauplagne.com\/cp246\/wp-content\/uploads\/2025\/02\/Teresa-Profil-150x150.jpg 150w\" sizes=\"auto, (max-width: 500px) 100vw, 500px\" \/><\/figure>\n\n\n\n<div class=\"wp-block-group own-linkrow is-nowrap is-layout-flex wp-container-core-group-is-layout-6c531013 wp-block-group-is-layout-flex\">\n<svg xmlns=\"http:\/\/www.w3.org\/2000\/svg\" height=\"14\" width=\"14\" viewBox=\"0 0 512 512\"><!--!Font Awesome Free 6.7.2 by @fontawesome - https:\/\/fontawesome.com License - https:\/\/fontawesome.com\/license\/free Copyright 2025 Fonticons, Inc.--><path d=\"M48 64C21.5 64 0 85.5 0 112c0 15.1 7.1 29.3 19.2 38.4L236.8 313.6c11.4 8.5 27 8.5 38.4 0L492.8 150.4c12.1-9.1 19.2-23.3 19.2-38.4c0-26.5-21.5-48-48-48L48 64zM0 176L0 384c0 35.3 28.7 64 64 64l384 0c35.3 0 64-28.7 64-64l0-208L294.4 339.2c-22.8 17.1-54 17.1-76.8 0L0 176z\"\/><\/svg>\n\n\n\n<p><a href=\"mailto:funketeresa@gmx.de\">E-Mail an Teresa<\/a><\/p>\n<\/div>\n<\/div>\n<\/div>\n\n\n\n<div style=\"height:20px\" aria-hidden=\"true\" class=\"wp-block-spacer own-abstandshalter50\"><\/div>\n\n\n\n<h3 class=\"wp-block-heading\">Weitere Informationen, <br>Preise und Anmeldung zum Kurs:<\/h3>\n\n\n\n<div class=\"wp-block-buttons is-content-justification-left is-layout-flex wp-container-core-buttons-is-layout-fc4fd283 wp-block-buttons-is-layout-flex\">\n<div class=\"wp-block-button\"><a class=\"wp-block-button__link wp-element-button\" href=\"https:\/\/www.chateauplagne.com\/wordpress\/wp-content\/uploads\/2025_Gartenreise-ersterKurs.pdf\" target=\"_blank\" rel=\"noreferrer noopener\">FLYER TERMIN 1 ANSEHEN &gt;<\/a><\/div>\n\n\n\n<div class=\"wp-block-button\"><a class=\"wp-block-button__link wp-element-button\" href=\"https:\/\/www.chateauplagne.com\/wordpress\/wp-content\/uploads\/2025_Gartenreise-ersterKurs_Anmeldung.pdf\" target=\"_blank\" rel=\"noreferrer noopener\">ZUM ANMELDEFORMULAR TERMIN 1 &gt;<\/a><\/div>\n<\/div>\n\n\n\n<div class=\"wp-block-buttons is-content-justification-left is-layout-flex wp-container-core-buttons-is-layout-fc4fd283 wp-block-buttons-is-layout-flex\">\n<div class=\"wp-block-button\"><a class=\"wp-block-button__link wp-element-button\" href=\"https:\/\/www.chateauplagne.com\/wordpress\/wp-content\/uploads\/2025_Gartenreise-zweiterKurs.pdf\" target=\"_blank\" rel=\"noreferrer noopener\">FLYER TERMIN 2 ANSEHEN &gt;<\/a><\/div>\n\n\n\n<div class=\"wp-block-button\"><a class=\"wp-block-button__link wp-element-button\" href=\"https:\/\/www.chateauplagne.com\/wordpress\/wp-content\/uploads\/2025_Gartenreise-zweiterKurs_Anmeldung.pdf\" target=\"_blank\" rel=\"noreferrer noopener\">ZUM ANMELDEFORMULAR TERMIN 2&gt;<\/a><\/div>\n<\/div>\n\n\n\n<div class=\"wp-block-group is-nowrap is-layout-flex wp-container-core-group-is-layout-6c531013 wp-block-group-is-layout-flex\">\n<svg xmlns=\"http:\/\/www.w3.org\/2000\/svg\" height=\"14\" width=\"12.25\" viewBox=\"0 0 448 512\"><!--!Font Awesome Free 6.6.0 by @fontawesome - https:\/\/fontawesome.com License - https:\/\/fontawesome.com\/license\/free Copyright 2024 Fonticons, Inc.--><path d=\"M32 0C49.7 0 64 14.3 64 32l0 16 69-17.2c38.1-9.5 78.3-5.1 113.5 12.5c46.3 23.2 100.8 23.2 147.1 0l9.6-4.8C423.8 28.1 448 43.1 448 66.1l0 279.7c0 13.3-8.3 25.3-20.8 30l-34.7 13c-46.2 17.3-97.6 14.6-141.7-7.4c-37.9-19-81.3-23.7-122.5-13.4L64 384l0 96c0 17.7-14.3 32-32 32s-32-14.3-32-32l0-80 0-66L0 64 0 32C0 14.3 14.3 0 32 0zM64 187.1l64-13.9 0 65.5L64 252.6 64 318l48.8-12.2c5.1-1.3 10.1-2.4 15.2-3.3l0-63.9 38.9-8.4c8.3-1.8 16.7-2.5 25.1-2.1l0-64c13.6 .4 27.2 2.6 40.4 6.4l23.6 6.9 0 66.7-41.7-12.3c-7.3-2.1-14.8-3.4-22.3-3.8l0 71.4c21.8 1.9 43.3 6.7 64 14.4l0-69.8 22.7 6.7c13.5 4 27.3 6.4 41.3 7.4l0-64.2c-7.8-.8-15.6-2.3-23.2-4.5l-40.8-12 0-62c-13-3.8-25.8-8.8-38.2-15c-8.2-4.1-16.9-7-25.8-8.8l0 72.4c-13-.4-26 .8-38.7 3.6L128 173.2 128 98 64 114l0 73.1zM320 335.7c16.8 1.5 33.9-.7 50-6.8l14-5.2 0-71.7-7.9 1.8c-18.4 4.3-37.3 5.7-56.1 4.5l0 77.4zm64-149.4l0-70.8c-20.9 6.1-42.4 9.1-64 9.1l0 69.4c13.9 1.4 28 .5 41.7-2.6l22.3-5.2z\"\/><\/svg>\n\n\n\n<p><strong>Anmeldeschluss: 31. Dez. 2024<\/strong><\/p>\n<\/div>\n\n\n\n<hr class=\"wp-block-separator alignwide has-text-color has-accent-color has-alpha-channel-opacity has-accent-background-color has-background is-style-default\" style=\"margin-top:var(--wp--preset--spacing--50);margin-bottom:var(--wp--preset--spacing--50)\"\/>\n<\/div>\n\n\n\n<div class=\"wp-block-group alignfull own-workshops-block has-custom-new-bg-background-color has-background has-global-padding is-layout-constrained wp-container-core-group-is-layout-8a8933e4 wp-block-group-is-layout-constrained\" style=\"margin-top:0;margin-bottom:0;padding-top:0;padding-right:0;padding-bottom:0;padding-left:0\">\n<div class=\"wp-block-group has-global-padding is-layout-constrained wp-container-core-group-is-layout-f750054b wp-block-group-is-layout-constrained\">\n<h1 class=\"wp-block-heading has-text-align-center has-x-large-font-size\">Alle Workshops:<\/h1>\n\n\n\n<div style=\"height:32px\" aria-hidden=\"true\" class=\"wp-block-spacer\"><\/div>\n\n\n\n<div class=\"wp-block-group own-group-all-workshops has-global-padding is-layout-constrained wp-block-group-is-layout-constrained\"><div class=\"wp-block-group own-workshop-item has-global-padding is-layout-constrained wp-container-core-group-is-layout-ad1af2a0 wp-block-group-is-layout-constrained\" style=\"margin-top:0;margin-bottom:0;padding-top:0;padding-bottom:0\"><a href=\"..\/workshop-zeichnen-malen-sketchen\" class=\"link-anithing\">\n<h4 class=\"wp-block-heading own-workshop-item-title\">Zeichen, Malen, Sketchen<\/h4>\n\n\n\n<p class=\"own-workshop-item-text\">mit Nicola Maier-Reimer<\/p>\n\n\n\n<p class=\"own-workshop-item-text\"><strong>3. bis 10. Mai 2025<\/strong><\/p>\n<\/a><\/div>\n\n<div class=\"wp-block-group own-workshop-item has-global-padding is-layout-constrained wp-container-core-group-is-layout-d8cff217 wp-block-group-is-layout-constrained\" style=\"margin-top:0;margin-bottom:0;padding-top:0;padding-bottom:0\"><a href=\"..\/workshop-entdeckungstour-garten\" target=\"_blank\" class=\"link-anithing\">\n<h4 class=\"wp-block-heading own-workshop-item-title\">Gartenreise im Dordognetal<\/h4>\n\n\n\n<p class=\"own-workshop-item-text\">mit Teresa Funke<\/p>\n\n\n\n<p class=\"own-workshop-item-text\"><strong>17. bis 24. Mai 2025 und 24. bis 31. Mai 2025<\/strong><\/p>\n<\/a><\/div>\n\n<div class=\"wp-block-group own-workshop-item has-global-padding is-layout-constrained wp-container-core-group-is-layout-ad1af2a0 wp-block-group-is-layout-constrained\" style=\"margin-top:0;margin-bottom:0;padding-top:0;padding-bottom:0\"><a href=\"..\/workshop-steinbildhauerkurs\" target=\"_blank\" class=\"link-anithing\">\n<h4 class=\"wp-block-heading own-workshop-item-title\">Steinbildhauerkurs<\/h4>\n\n\n\n<p class=\"own-workshop-item-text\">mit Kurt Grimm<\/p>\n\n\n\n<p class=\"own-workshop-item-text\"><strong>31. Mai bis 7. Juni 2025<\/strong><\/p>\n<\/a><\/div>\n\n<div class=\"wp-block-group own-workshop-item has-global-padding is-layout-constrained wp-container-core-group-is-layout-ad1af2a0 wp-block-group-is-layout-constrained\" style=\"margin-top:0;margin-bottom:0;padding-top:0;padding-bottom:0\"><a href=\"..\/workshop-ecoprints\" class=\"link-anithing\">\n<h4 class=\"wp-block-heading own-workshop-item-title\">Ecoprints, Schrift und Natur Workshop<\/h4>\n\n\n\n<p class=\"own-workshop-item-text\">mit Birgit Nass<\/p>\n\n\n\n<p class=\"own-workshop-item-text\"><strong>21. bis 28. Juni 2025<\/strong><\/p>\n<\/a><\/div>\n\n<div class=\"wp-block-group own-workshop-item has-global-padding is-layout-constrained wp-container-core-group-is-layout-ad1af2a0 wp-block-group-is-layout-constrained\" style=\"margin-top:0;margin-bottom:0;padding-top:0;padding-bottom:0\"><a href=\"..\/workshop-panta-rhei\" class=\"link-anithing\">\n<h4 class=\"wp-block-heading own-workshop-item-title\">Panta Rhei Workshop<\/h4>\n\n\n\n<p class=\"own-workshop-item-text\">mit Birgit Nass<\/p>\n\n\n\n<p class=\"own-workshop-item-text\"><strong>5. bis 12. Juli 2025<\/strong><\/p>\n<\/a><\/div>\n\n<div class=\"wp-block-group own-workshop-item has-global-padding is-layout-constrained wp-container-core-group-is-layout-d8cff217 wp-block-group-is-layout-constrained\" style=\"margin-top:0;margin-bottom:0;padding-top:0;padding-bottom:0\"><a href=\"..\/workshop-acrylmalkurs\" class=\"link-anithing\">\n<h4 class=\"wp-block-heading own-workshop-item-title\">Acrylmalkurs<\/h4>\n\n\n\n<p class=\"own-workshop-item-text\">mit Astrid Keimer<\/p>\n\n\n\n<p class=\"own-workshop-item-text\"><strong>19. bis 26. Juli 2025<\/strong><\/p>\n<\/a><\/div>\n\n<div class=\"wp-block-group own-workshop-item has-global-padding is-layout-constrained wp-container-core-group-is-layout-d8cff217 wp-block-group-is-layout-constrained\" style=\"margin-top:0;margin-bottom:0;padding-top:0;padding-bottom:0\"><a href=\"..\/workshop-akustikgitarre-und-songbegleitung\/\" target=\"_blank\" class=\"link-anithing\">\n<h4 class=\"wp-block-heading own-workshop-item-title\">Akustikgitarre und Songbegleitung<\/h4>\n\n\n\n<p class=\"own-workshop-item-text\">mit Peter Autschbach<\/p>\n\n\n\n<p class=\"own-workshop-item-text\"><strong>16. bis 23. August 2025<\/strong><\/p>\n<\/a><\/div>\n\n<div class=\"wp-block-group own-workshop-item has-global-padding is-layout-constrained wp-container-core-group-is-layout-d8cff217 wp-block-group-is-layout-constrained\" style=\"margin-top:0;margin-bottom:0;padding-top:0;padding-bottom:0\"><a href=\"..\/workshop-fotografie\" class=\"link-anithing\">\n<h4 class=\"wp-block-heading own-workshop-item-title\">Eine Woche des Sehens<\/h4>\n\n\n\n<p class=\"own-workshop-item-text\">mit Fotograf Jessen Oestergaard<\/p>\n\n\n\n<p class=\"own-workshop-item-text\"><strong>13. bis 20. September 2025<\/strong><\/p>\n<\/a><\/div>\n\n<div class=\"wp-block-group own-workshop-item has-global-padding is-layout-constrained wp-container-core-group-is-layout-d8cff217 wp-block-group-is-layout-constrained\" style=\"margin-top:0;margin-bottom:0;padding-top:0;padding-bottom:0\"><a href=\"..\/workshop-fahrradtouren\" class=\"link-anithing\">\n<h4 class=\"wp-block-heading own-workshop-item-title\">Fahrradwoche im Dordognetal<\/h4>\n\n\n\n<p class=\"own-workshop-item-text\">mit Kurt Schweizer<\/p>\n\n\n\n<p class=\"own-workshop-item-text\"><strong>20. bis 27. September 2025<\/strong><\/p>\n<\/a><\/div>\n\n\n<div class=\"wp-block-group own-workshop-item has-global-padding is-layout-constrained wp-container-core-group-is-layout-d8cff217 wp-block-group-is-layout-constrained\" style=\"margin-top:0;margin-bottom:0;padding-top:0;padding-bottom:0\">\n<h4 class=\"wp-block-heading own-workshop-item-title\">Kochkurse zu verschieden Themen<\/h4>\n\n\n\n<p class=\"own-workshop-item-text\">z.B. Tr\u00fcffelkochkurse, Fischkochkurse, Gem\u00fcsekochkurse uvm.<\/p>\n\n\n\n<p class=\"own-workshop-item-text\"><strong>auf Anfrage<\/strong><\/p>\n<\/div>\n<\/div>\n<\/div>\n<\/div>\n","protected":false},"excerpt":{"rendered":"<p>Entdeckungstour durch die G\u00e4rten des Dordognetals mit Teresa Funke Termin 1: 17. bis 24. Mai 2025 \/\/ Termin 2: 24. bis 31. Mai 2025 Gemeinsam wollen wir die Welt der G\u00e4rten im Dordognetal entdecken: Gartenkunst aus verschiedenen Jahrhunderten kennenlernen, auf uns wirken lassen und genie\u00dfen. Wir erkunden ihre (Entstehungs-) Geschichte und die faszinierende Welt der [&hellip;]<\/p>\n","protected":false},"author":1,"featured_media":0,"parent":0,"menu_order":0,"comment_status":"closed","ping_status":"closed","template":"page-no-title","meta":{"footnotes":""},"class_list":["post-2141","page","type-page","status-publish","hentry"],"_links":{"self":[{"href":"https:\/\/www.chateauplagne.com\/cp246\/wp-json\/wp\/v2\/pages\/2141","targetHints":{"allow":["GET"]}}],"collection":[{"href":"https:\/\/www.chateauplagne.com\/cp246\/wp-json\/wp\/v2\/pages"}],"about":[{"href":"https:\/\/www.chateauplagne.com\/cp246\/wp-json\/wp\/v2\/types\/page"}],"author":[{"embeddable":true,"href":"https:\/\/www.chateauplagne.com\/cp246\/wp-json\/wp\/v2\/users\/1"}],"replies":[{"embeddable":true,"href":"https:\/\/www.chateauplagne.com\/cp246\/wp-json\/wp\/v2\/comments?post=2141"}],"version-history":[{"count":7,"href":"https:\/\/www.chateauplagne.com\/cp246\/wp-json\/wp\/v2\/pages\/2141\/revisions"}],"predecessor-version":[{"id":2322,"href":"https:\/\/www.chateauplagne.com\/cp246\/wp-json\/wp\/v2\/pages\/2141\/revisions\/2322"}],"wp:attachment":[{"href":"https:\/\/www.chateauplagne.com\/cp246\/wp-json\/wp\/v2\/media?parent=2141"}],"curies":[{"name":"wp","href":"https:\/\/api.w.org\/{rel}","templated":true}]}}